{"id":578,"date":"2025-04-13T13:56:42","date_gmt":"2025-04-13T10:56:42","guid":{"rendered":"https:\/\/managevirtually.sdu.edu.tr\/pt\/?page_id=578"},"modified":"2025-04-13T13:56:57","modified_gmt":"2025-04-13T10:56:57","slug":"tpm3","status":"publish","type":"page","link":"https:\/\/managevirtually.sdu.edu.tr\/pt\/tpm3\/","title":{"rendered":"Reuni\u00f5es do Projeto \/ 3. Reuni\u00e3o Transnacional do Projeto"},"content":{"rendered":"\n<p>Nos dias 1 e 2 de Abril de 2025, decorreu na Universidade de Tecnologia de Gda\u0144sk (Gda\u0144sk Tech) a 3.\u00aa Reuni\u00e3o Transnacional do nosso projeto com a participa\u00e7\u00e3o de todos os parceiros do cons\u00f3rcio (Rom\u00e9nia, It\u00e1lia, Turquia, Portugal e Pol\u00f3nia). Foram revistas as decis\u00f5es tomadas na 2.\u00aa Reuni\u00e3o Transnacional do projeto, a qual decorreu em Bucareste.<\/p>\n\n\n\n<p>Os resultados dos testes de desempenho implementados foram partilhados e discutidos a n\u00edvel nacional. Para al\u00e9m disso, procedeu-se \u00e0 coordena\u00e7\u00e3o e supervisionamento do trabalho dos grupos de estudantes formados.<\/p>\n\n\n\n<p>No segundo dia da reuni\u00e3o, foi organizada uma visita ao campus para refor\u00e7ar a comunica\u00e7\u00e3o entre os parceiros e para conhecer a Universidade de Tecnologia de Gda\u0144sk (Gda\u0144sk Tech). Al\u00e9m disso, a aplica\u00e7\u00e3o do Cen\u00e1rio 1 feita na simula\u00e7\u00e3o por todos os parceiros do projeto foi avaliada, e os problemas que surgiram foram resolvidos. Foi discutida a data da 4.\u00aa Reuni\u00e3o Transnacional do projeto a realizar em Portugal, e os trabalhos foram conclu\u00eddos com a distribui\u00e7\u00e3o de tarefas por todos os parceiros.<\/p>\n\n\n\n<figure class=\"wp-block-gallery has-nested-images columns-default is-cropped wp-block-gallery-1 is-layout-flex wp-block-gallery-is-layout-flex\">\n<figure class=\"wp-block-image size-large\"><img decoding=\"async\" data-id=\"584\" src=\"https:\/\/managevirtually.sdu.edu.tr\/wp-content\/uploads\/2025\/04\/WhatsApp-Image-2025-04-08-at-13.19.35-1-1-1024x768.jpeg\" alt=\"\" class=\"wp-image-584\"\/><\/figure>\n\n\n\n<figure class=\"wp-block-image size-large\"><img decoding=\"async\" data-id=\"583\" src=\"https:\/\/managevirtually.sdu.edu.tr\/wp-content\/uploads\/2025\/04\/WhatsApp-Image-2025-04-08-at-13.19.35-5-1024x768.jpeg\" alt=\"\" class=\"wp-image-583\"\/><\/figure>\n<\/figure>\n\n\n\n<figure class=\"wp-block-gallery has-nested-images columns-default is-cropped wp-block-gallery-2 is-layout-flex wp-block-gallery-is-layout-flex\">\n<figure class=\"wp-block-image size-large\"><img decoding=\"async\" data-id=\"570\" src=\"https:\/\/managevirtually.sdu.edu.tr\/wp-content\/uploads\/2025\/04\/WhatsApp-Image-2025-04-08-at-13.19.35-2-768x1024.jpeg\" alt=\"\" class=\"wp-image-570\"\/><\/figure>\n\n\n\n<figure class=\"wp-block-image size-large\"><img decoding=\"async\" data-id=\"571\" src=\"https:\/\/managevirtually.sdu.edu.tr\/wp-content\/uploads\/2025\/04\/WhatsApp-Image-2025-04-08-at-13.19.35-3-768x1024.jpeg\" alt=\"\" class=\"wp-image-571\"\/><\/figure>\n\n\n\n<figure class=\"wp-block-image size-large\"><img decoding=\"async\" data-id=\"567\" src=\"https:\/\/managevirtually.sdu.edu.tr\/wp-content\/uploads\/2025\/04\/WhatsApp-Image-2025-04-08-at-13.19.35-4-768x1024.jpeg\" alt=\"\" class=\"wp-image-567\"\/><\/figure>\n\n\n\n<figure class=\"wp-block-image size-large\"><img decoding=\"async\" data-id=\"566\" src=\"https:\/\/managevirtually.sdu.edu.tr\/wp-content\/uploads\/2025\/04\/WhatsApp-Image-2025-04-08-at-13.19.36-1-768x1024.jpeg\" alt=\"\" class=\"wp-image-566\"\/><\/figure>\n\n\n\n<figure class=\"wp-block-image size-large\"><img decoding=\"async\" data-id=\"572\" src=\"https:\/\/managevirtually.sdu.edu.tr\/wp-content\/uploads\/2025\/04\/WhatsApp-Image-2025-04-08-at-13.19.36-2-768x1024.jpeg\" alt=\"\" class=\"wp-image-572\"\/><\/figure>\n\n\n\n<figure class=\"wp-block-image size-large\"><img decoding=\"async\" data-id=\"574\" src=\"https:\/\/managevirtually.sdu.edu.tr\/wp-content\/uploads\/2025\/04\/WhatsApp-Image-2025-04-08-at-13.19.36-3-768x1024.jpeg\" alt=\"\" class=\"wp-image-574\"\/><\/figure>\n\n\n\n<figure class=\"wp-block-image size-large\"><img decoding=\"async\" data-id=\"573\" src=\"https:\/\/managevirtually.sdu.edu.tr\/wp-content\/uploads\/2025\/04\/WhatsApp-Image-2025-04-08-at-13.19.36-4-768x1024.jpeg\" alt=\"\" class=\"wp-image-573\"\/><\/figure>\n\n\n\n<figure class=\"wp-block-image size-large\"><img decoding=\"async\" data-id=\"575\" src=\"https:\/\/managevirtually.sdu.edu.tr\/wp-content\/uploads\/2025\/04\/WhatsApp-Image-2025-04-08-at-13.19.36-768x1024.jpeg\" alt=\"\" class=\"wp-image-575\"\/><\/figure>\n\n\n\n<figure class=\"wp-block-image size-large\"><img decoding=\"async\" data-id=\"576\" src=\"https:\/\/managevirtually.sdu.edu.tr\/wp-content\/uploads\/2025\/04\/WhatsApp-Image-2025-04-08-at-13.20.02-768x1024.jpeg\" alt=\"\" class=\"wp-image-576\"\/><\/figure>\n\n\n\n<figure class=\"wp-block-image size-large\"><img decoding=\"async\" data-id=\"577\" src=\"https:\/\/managevirtually.sdu.edu.tr\/wp-content\/uploads\/2025\/04\/WhatsApp-Image-2025-04-08-at-13.20.33-1-768x1024.jpeg\" alt=\"\" class=\"wp-image-577\"\/><\/figure>\n\n\n\n<figure class=\"wp-block-image size-large\"><img decoding=\"async\" data-id=\"578\" src=\"https:\/\/managevirtually.sdu.edu.tr\/wp-content\/uploads\/2025\/04\/WhatsApp-Image-2025-04-08-at-13.20.33-2-768x1024.jpeg\" alt=\"\" class=\"wp-image-578\"\/><\/figure>\n\n\n\n<figure class=\"wp-block-image size-large\"><img decoding=\"async\" data-id=\"580\" src=\"https:\/\/managevirtually.sdu.edu.tr\/wp-content\/uploads\/2025\/04\/WhatsApp-Image-2025-04-08-at-13.20.33-768x1024.jpeg\" alt=\"\" class=\"wp-image-580\"\/><\/figure>\n\n\n\n<figure class=\"wp-block-image size-large\"><img decoding=\"async\" data-id=\"579\" src=\"https:\/\/managevirtually.sdu.edu.tr\/wp-content\/uploads\/2025\/04\/WhatsApp-Image-2025-04-08-at-13.20.33-3-768x1024.jpeg\" alt=\"\" class=\"wp-image-579\"\/><\/figure>\n\n\n\n<figure class=\"wp-block-image size-large\"><img decoding=\"async\" data-id=\"581\" src=\"https:\/\/managevirtually.sdu.edu.tr\/wp-content\/uploads\/2025\/04\/WhatsApp-Image-2025-04-08-at-13.20.34-1-768x1024.jpeg\" alt=\"\" class=\"wp-image-581\"\/><\/figure>\n\n\n\n<figure class=\"wp-block-image size-large\"><img decoding=\"async\" data-id=\"582\" src=\"https:\/\/managevirtually.sdu.edu.tr\/wp-content\/uploads\/2025\/04\/WhatsApp-Image-2025-04-08-at-13.20.34-768x1024.jpeg\" alt=\"\" class=\"wp-image-582\"\/><\/figure>\n<\/figure>\n","protected":false},"excerpt":{"rendered":"<p>Nos dias 1 e 2 de Abril de 2025, decorreu na Universidade de Tecnologia de Gda\u0144sk (Gda\u0144sk Tech) a 3.\u00aa Reuni\u00e3o Transnacional do nosso projeto com a participa\u00e7\u00e3o de todos os parceiros do cons\u00f3rcio (Rom\u00e9nia, It\u00e1lia, Turquia, Portugal e Pol\u00f3nia). Foram revistas as decis\u00f5es tomadas na 2.\u00aa Reuni\u00e3o Transnacional do projeto, a qual decorreu em [&hellip;]<\/p>\n","protected":false},"author":1,"featured_media":0,"parent":0,"menu_order":0,"comment_status":"closed","ping_status":"closed","template":"","meta":{"footnotes":""},"class_list":["post-578","page","type-page","status-publish","hentry"],"_links":{"self":[{"href":"https:\/\/managevirtually.sdu.edu.tr\/pt\/wp-json\/wp\/v2\/pages\/578"}],"collection":[{"href":"https:\/\/managevirtually.sdu.edu.tr\/pt\/wp-json\/wp\/v2\/pages"}],"about":[{"href":"https:\/\/managevirtually.sdu.edu.tr\/pt\/wp-json\/wp\/v2\/types\/page"}],"author":[{"embeddable":true,"href":"https:\/\/managevirtually.sdu.edu.tr\/pt\/wp-json\/wp\/v2\/users\/1"}],"replies":[{"embeddable":true,"href":"https:\/\/managevirtually.sdu.edu.tr\/pt\/wp-json\/wp\/v2\/comments?post=578"}],"version-history":[{"count":2,"href":"https:\/\/managevirtually.sdu.edu.tr\/pt\/wp-json\/wp\/v2\/pages\/578\/revisions"}],"predecessor-version":[{"id":580,"href":"https:\/\/managevirtually.sdu.edu.tr\/pt\/wp-json\/wp\/v2\/pages\/578\/revisions\/580"}],"wp:attachment":[{"href":"https:\/\/managevirtually.sdu.edu.tr\/pt\/wp-json\/wp\/v2\/media?parent=578"}],"curies":[{"name":"wp","href":"https:\/\/api.w.org\/{rel}","templated":true}]}}