{"id":559,"date":"2025-03-20T08:16:00","date_gmt":"2025-03-20T08:16:00","guid":{"rendered":"https:\/\/managevirtually.sdu.edu.tr\/?page_id=540"},"modified":"2025-03-20T11:33:46","modified_gmt":"2025-03-20T08:33:46","slug":"meeting1","status":"publish","type":"page","link":"https:\/\/managevirtually.sdu.edu.tr\/pt\/meeting1\/","title":{"rendered":"Reuni\u00e3o Interina 1"},"content":{"rendered":"\n<p>No dia 14\/03\/2025, realizou-se uma reuni\u00e3o online com a participa\u00e7\u00e3o de todos os parceiros do projeto sob a presid\u00eancia do pa\u00eds coordenador. Cursos te\u00f3ricos foram discutidos na reuni\u00e3o. Foram partilhadas informa\u00e7\u00f5es sobre as aulas e discutidos os TPMs que ser\u00e3o realizados em Gdansk e no Porto.<\/p>\n\n\n\n<figure class=\"wp-block-image aligncenter size-large\"><img decoding=\"async\" src=\"https:\/\/managevirtually.sdu.edu.tr\/pt\/wp-content\/uploads\/sites\/7\/2025\/03\/WhatsApp-Image-2025-03-14-at-16.57.01-1024x453.jpeg\" alt=\"\" class=\"wp-image-542\"\/><\/figure>\n","protected":false},"excerpt":{"rendered":"<p>No dia 14\/03\/2025, realizou-se uma reuni\u00e3o online com a participa\u00e7\u00e3o de todos os parceiros do projeto sob a presid\u00eancia do pa\u00eds coordenador. Cursos te\u00f3ricos foram discutidos na reuni\u00e3o. Foram partilhadas informa\u00e7\u00f5es sobre as aulas e discutidos os TPMs que ser\u00e3o realizados em Gdansk e no Porto.<\/p>\n","protected":false},"author":1,"featured_media":0,"parent":0,"menu_order":0,"comment_status":"closed","ping_status":"closed","template":"","meta":{"footnotes":""},"class_list":["post-559","page","type-page","status-publish","hentry"],"_links":{"self":[{"href":"https:\/\/managevirtually.sdu.edu.tr\/pt\/wp-json\/wp\/v2\/pages\/559"}],"collection":[{"href":"https:\/\/managevirtually.sdu.edu.tr\/pt\/wp-json\/wp\/v2\/pages"}],"about":[{"href":"https:\/\/managevirtually.sdu.edu.tr\/pt\/wp-json\/wp\/v2\/types\/page"}],"author":[{"embeddable":true,"href":"https:\/\/managevirtually.sdu.edu.tr\/pt\/wp-json\/wp\/v2\/users\/1"}],"replies":[{"embeddable":true,"href":"https:\/\/managevirtually.sdu.edu.tr\/pt\/wp-json\/wp\/v2\/comments?post=559"}],"version-history":[{"count":1,"href":"https:\/\/managevirtually.sdu.edu.tr\/pt\/wp-json\/wp\/v2\/pages\/559\/revisions"}],"predecessor-version":[{"id":561,"href":"https:\/\/managevirtually.sdu.edu.tr\/pt\/wp-json\/wp\/v2\/pages\/559\/revisions\/561"}],"wp:attachment":[{"href":"https:\/\/managevirtually.sdu.edu.tr\/pt\/wp-json\/wp\/v2\/media?parent=559"}],"curies":[{"name":"wp","href":"https:\/\/api.w.org\/{rel}","templated":true}]}}