{"id":536,"date":"2025-03-12T08:12:49","date_gmt":"2025-03-12T08:12:49","guid":{"rendered":"https:\/\/managevirtually.sdu.edu.tr\/?page_id=506"},"modified":"2025-12-29T12:11:47","modified_gmt":"2025-12-29T09:11:47","slug":"education-pl","status":"publish","type":"page","link":"https:\/\/managevirtually.sdu.edu.tr\/pt\/education-pl\/","title":{"rendered":"Aula de Simula\u00e7\u00e3o da Pol\u00f3nia"},"content":{"rendered":"\n<figure class=\"wp-block-image aligncenter size-large\"><img decoding=\"async\" src=\"https:\/\/managevirtually.sdu.edu.tr\/pt\/wp-content\/uploads\/sites\/7\/2025\/03\/WhatsApp-Image-2025-03-07-at-11.57.01-768x1024.jpeg\" alt=\"\" class=\"wp-image-514\"\/><\/figure>\n\n\n\n<figure class=\"wp-block-image aligncenter size-large\"><img decoding=\"async\" src=\"https:\/\/managevirtually.sdu.edu.tr\/it\/wp-content\/uploads\/sites\/5\/2025\/03\/WhatsApp-Image-2025-03-14-at-21.12.28-1024x467.jpeg\" alt=\"\" class=\"wp-image-554\"\/><\/figure>\n\n\n\n<figure class=\"wp-block-image size-large\"><img loading=\"lazy\" decoding=\"async\" width=\"1024\" height=\"583\" src=\"https:\/\/managevirtually.sdu.edu.tr\/pt\/wp-content\/uploads\/sites\/7\/2025\/03\/WhatsApp-Image-2025-03-24-at-21.37.00-1024x583.jpeg\" alt=\"\" class=\"wp-image-569\" srcset=\"https:\/\/managevirtually.sdu.edu.tr\/pt\/wp-content\/uploads\/sites\/7\/2025\/03\/WhatsApp-Image-2025-03-24-at-21.37.00-1024x583.jpeg 1024w, https:\/\/managevirtually.sdu.edu.tr\/pt\/wp-content\/uploads\/sites\/7\/2025\/03\/WhatsApp-Image-2025-03-24-at-21.37.00-300x171.jpeg 300w, https:\/\/managevirtually.sdu.edu.tr\/pt\/wp-content\/uploads\/sites\/7\/2025\/03\/WhatsApp-Image-2025-03-24-at-21.37.00-768x437.jpeg 768w, https:\/\/managevirtually.sdu.edu.tr\/pt\/wp-content\/uploads\/sites\/7\/2025\/03\/WhatsApp-Image-2025-03-24-at-21.37.00-1536x874.jpeg 1536w, https:\/\/managevirtually.sdu.edu.tr\/pt\/wp-content\/uploads\/sites\/7\/2025\/03\/WhatsApp-Image-2025-03-24-at-21.37.00.jpeg 1898w\" sizes=\"(max-width: 1024px) 100vw, 1024px\" \/><\/figure>\n","protected":false},"excerpt":{"rendered":"","protected":false},"author":1,"featured_media":0,"parent":0,"menu_order":0,"comment_status":"closed","ping_status":"closed","template":"","meta":{"footnotes":""},"class_list":["post-536","page","type-page","status-publish","hentry"],"_links":{"self":[{"href":"https:\/\/managevirtually.sdu.edu.tr\/pt\/wp-json\/wp\/v2\/pages\/536"}],"collection":[{"href":"https:\/\/managevirtually.sdu.edu.tr\/pt\/wp-json\/wp\/v2\/pages"}],"about":[{"href":"https:\/\/managevirtually.sdu.edu.tr\/pt\/wp-json\/wp\/v2\/types\/page"}],"author":[{"embeddable":true,"href":"https:\/\/managevirtually.sdu.edu.tr\/pt\/wp-json\/wp\/v2\/users\/1"}],"replies":[{"embeddable":true,"href":"https:\/\/managevirtually.sdu.edu.tr\/pt\/wp-json\/wp\/v2\/comments?post=536"}],"version-history":[{"count":5,"href":"https:\/\/managevirtually.sdu.edu.tr\/pt\/wp-json\/wp\/v2\/pages\/536\/revisions"}],"predecessor-version":[{"id":827,"href":"https:\/\/managevirtually.sdu.edu.tr\/pt\/wp-json\/wp\/v2\/pages\/536\/revisions\/827"}],"wp:attachment":[{"href":"https:\/\/managevirtually.sdu.edu.tr\/pt\/wp-json\/wp\/v2\/media?parent=536"}],"curies":[{"name":"wp","href":"https:\/\/api.w.org\/{rel}","templated":true}]}}