{"id":496,"date":"2025-01-15T22:23:39","date_gmt":"2025-01-15T19:23:39","guid":{"rendered":"https:\/\/managevirtually.sdu.edu.tr\/pt\/?page_id=496"},"modified":"2025-03-28T21:18:16","modified_gmt":"2025-03-28T18:18:16","slug":"pt-person6","status":"publish","type":"page","link":"https:\/\/managevirtually.sdu.edu.tr\/pt\/pt-person6\/","title":{"rendered":"Senior Lecturer M\u00e1rio Joel Queir\u00f3s"},"content":{"rendered":"\n<figure class=\"wp-block-image aligncenter size-full\"><img loading=\"lazy\" decoding=\"async\" width=\"295\" height=\"295\" src=\"https:\/\/managevirtually.sdu.edu.tr\/pt\/wp-content\/uploads\/sites\/7\/2025\/03\/image.png\" alt=\"\" class=\"wp-image-574\" srcset=\"https:\/\/managevirtually.sdu.edu.tr\/pt\/wp-content\/uploads\/sites\/7\/2025\/03\/image.png 295w, https:\/\/managevirtually.sdu.edu.tr\/pt\/wp-content\/uploads\/sites\/7\/2025\/03\/image-150x150.png 150w\" sizes=\"(max-width: 295px) 100vw, 295px\" \/><\/figure>\n\n\n\n<p>M\u00e1rio Joel Queir\u00f3s \u00e9 Professor Adjunto no ISCAP desde 1999, lecionando disciplinas nas \u00e1reas de Finan\u00e7as, Gest\u00e3o e Economia, e orientando disserta\u00e7\u00f5es de Mestrado e projetos de investiga\u00e7\u00e3o. M\u00e1rio Queir\u00f3s est\u00e1 profundamente envolvido no desenvolvimento de programas curriculares, e \u00e9, frequentemente, orador em eventos e workshops.<\/p>\n\n\n\n<p>\u00c9 membro da Comiss\u00e3o Cient\u00edfica do Mestrado em Gest\u00e3o das Organiza\u00e7\u00f5es no ISCAP.<\/p>\n\n\n\n<p>M\u00e1rio Joel Queir\u00f3s tem um Doutoramento em Economia pela Universidade Lus\u00edada Norte, duas P\u00f3s-Gradua\u00e7\u00f5es \u2013 uma em Doc\u00eancia de Economia pela Universidade do Porto e outra em Estudos Europeus pela Universidade de Coimbra \u2013 e tem uma Licenciatura em Economia.<\/p>\n\n\n\n<p>\u00c9 coautor de 18 livros acad\u00e9micos sobre Finan\u00e7as e Gest\u00e3o.<\/p>\n","protected":false},"excerpt":{"rendered":"<p>M\u00e1rio Joel Queir\u00f3s \u00e9 Professor Adjunto no ISCAP desde 1999, lecionando disciplinas nas \u00e1reas de Finan\u00e7as, Gest\u00e3o e Economia, e orientando disserta\u00e7\u00f5es de Mestrado e projetos de investiga\u00e7\u00e3o. M\u00e1rio Queir\u00f3s est\u00e1 profundamente envolvido no desenvolvimento de programas curriculares, e \u00e9, frequentemente, orador em eventos e workshops. \u00c9 membro da Comiss\u00e3o Cient\u00edfica do Mestrado em Gest\u00e3o [&hellip;]<\/p>\n","protected":false},"author":1,"featured_media":0,"parent":0,"menu_order":0,"comment_status":"closed","ping_status":"closed","template":"","meta":{"footnotes":""},"class_list":["post-496","page","type-page","status-publish","hentry"],"_links":{"self":[{"href":"https:\/\/managevirtually.sdu.edu.tr\/pt\/wp-json\/wp\/v2\/pages\/496"}],"collection":[{"href":"https:\/\/managevirtually.sdu.edu.tr\/pt\/wp-json\/wp\/v2\/pages"}],"about":[{"href":"https:\/\/managevirtually.sdu.edu.tr\/pt\/wp-json\/wp\/v2\/types\/page"}],"author":[{"embeddable":true,"href":"https:\/\/managevirtually.sdu.edu.tr\/pt\/wp-json\/wp\/v2\/users\/1"}],"replies":[{"embeddable":true,"href":"https:\/\/managevirtually.sdu.edu.tr\/pt\/wp-json\/wp\/v2\/comments?post=496"}],"version-history":[{"count":3,"href":"https:\/\/managevirtually.sdu.edu.tr\/pt\/wp-json\/wp\/v2\/pages\/496\/revisions"}],"predecessor-version":[{"id":575,"href":"https:\/\/managevirtually.sdu.edu.tr\/pt\/wp-json\/wp\/v2\/pages\/496\/revisions\/575"}],"wp:attachment":[{"href":"https:\/\/managevirtually.sdu.edu.tr\/pt\/wp-json\/wp\/v2\/media?parent=496"}],"curies":[{"name":"wp","href":"https:\/\/api.w.org\/{rel}","templated":true}]}}