{"id":484,"date":"2025-01-15T22:11:09","date_gmt":"2025-01-15T19:11:09","guid":{"rendered":"https:\/\/managevirtually.sdu.edu.tr\/pt\/?page_id=484"},"modified":"2025-01-15T22:11:27","modified_gmt":"2025-01-15T19:11:27","slug":"pl-person4","status":"publish","type":"page","link":"https:\/\/managevirtually.sdu.edu.tr\/pt\/pl-person4\/","title":{"rendered":"Professor Assistente Jaros\u0142aw Zi\u0119tarski"},"content":{"rendered":"\n<figure class=\"wp-block-image aligncenter size-full\"><img loading=\"lazy\" decoding=\"async\" width=\"258\" height=\"386\" src=\"https:\/\/managevirtually.sdu.edu.tr\/pt\/wp-content\/uploads\/sites\/7\/2025\/01\/image.png\" alt=\"\" class=\"wp-image-485\" srcset=\"https:\/\/managevirtually.sdu.edu.tr\/pt\/wp-content\/uploads\/sites\/7\/2025\/01\/image.png 258w, https:\/\/managevirtually.sdu.edu.tr\/pt\/wp-content\/uploads\/sites\/7\/2025\/01\/image-201x300.png 201w\" sizes=\"(max-width: 258px) 100vw, 258px\" \/><\/figure>\n\n\n\n<p>Jaros\u0142aw Zi\u0119tarski \u00e9 docente (Professor Assistente) no Departamento de Finan\u00e7as da Faculdade de Gest\u00e3o e Economia da Universidade Tecnol\u00f3gica de Gda\u0144sk. Jaros\u0142aw tem um Mestrado e um Doutoramento em Economia. Concluiu uma P\u00f3s-Gradua\u00e7\u00e3o em \u201cGest\u00e3o de Projetos de Investiga\u00e7\u00e3o e Desenvolvimento\u201d. Lecionou cursos de Finan\u00e7as, Risco e Liquidez Empresariais, bem como de Contabilidade Financeira, Contabilidade de Custos e Contabilidade de Gest\u00e3o. \u00c9 gestor, com mais de 15 anos de experi\u00eancia, no setor de PMEs e de Sociedades Internacionais. Foi diretor de sucursais banc\u00e1rias em quatro bancos diferentes, sendo respons\u00e1vel pr v\u00e1rios setores de mercado: grandes empresas, setor das PME, e banca de retalho. Jaros\u0142aw coordenou em participou em projetos educacionais nacionais, e tem o seu pr\u00f3prio canal no YouTube intitulado &#8220;FAT CAT Financial Education&#8221; onde divulga conhecimentos no dom\u00ednio da Contabilidade de Gest\u00e3o. Foi membro da Comiss\u00e3o Organizadora da confer\u00eancia internacional \u201c28th Annual Multinational Finance Society Conference.\u201d Os seus atuais interesses incluem formas modernas de educa\u00e7\u00e3o e educa\u00e7\u00e3o financeira.<\/p>\n","protected":false},"excerpt":{"rendered":"<p>Jaros\u0142aw Zi\u0119tarski \u00e9 docente (Professor Assistente) no Departamento de Finan\u00e7as da Faculdade de Gest\u00e3o e Economia da Universidade Tecnol\u00f3gica de Gda\u0144sk. Jaros\u0142aw tem um Mestrado e um Doutoramento em Economia. Concluiu uma P\u00f3s-Gradua\u00e7\u00e3o em \u201cGest\u00e3o de Projetos de Investiga\u00e7\u00e3o e Desenvolvimento\u201d. Lecionou cursos de Finan\u00e7as, Risco e Liquidez Empresariais, bem como de Contabilidade Financeira, Contabilidade [&hellip;]<\/p>\n","protected":false},"author":1,"featured_media":0,"parent":0,"menu_order":0,"comment_status":"closed","ping_status":"closed","template":"","meta":{"footnotes":""},"class_list":["post-484","page","type-page","status-publish","hentry"],"_links":{"self":[{"href":"https:\/\/managevirtually.sdu.edu.tr\/pt\/wp-json\/wp\/v2\/pages\/484"}],"collection":[{"href":"https:\/\/managevirtually.sdu.edu.tr\/pt\/wp-json\/wp\/v2\/pages"}],"about":[{"href":"https:\/\/managevirtually.sdu.edu.tr\/pt\/wp-json\/wp\/v2\/types\/page"}],"author":[{"embeddable":true,"href":"https:\/\/managevirtually.sdu.edu.tr\/pt\/wp-json\/wp\/v2\/users\/1"}],"replies":[{"embeddable":true,"href":"https:\/\/managevirtually.sdu.edu.tr\/pt\/wp-json\/wp\/v2\/comments?post=484"}],"version-history":[{"count":2,"href":"https:\/\/managevirtually.sdu.edu.tr\/pt\/wp-json\/wp\/v2\/pages\/484\/revisions"}],"predecessor-version":[{"id":487,"href":"https:\/\/managevirtually.sdu.edu.tr\/pt\/wp-json\/wp\/v2\/pages\/484\/revisions\/487"}],"wp:attachment":[{"href":"https:\/\/managevirtually.sdu.edu.tr\/pt\/wp-json\/wp\/v2\/media?parent=484"}],"curies":[{"name":"wp","href":"https:\/\/api.w.org\/{rel}","templated":true}]}}