{"id":457,"date":"2024-12-13T08:38:39","date_gmt":"2024-12-13T05:38:39","guid":{"rendered":"https:\/\/managevirtually.sdu.edu.tr\/en\/?page_id=456"},"modified":"2025-02-06T20:17:17","modified_gmt":"2025-02-06T17:17:17","slug":"tpm2","status":"publish","type":"page","link":"https:\/\/managevirtually.sdu.edu.tr\/pt\/tpm2\/","title":{"rendered":"Reuni\u00f5es do Projeto \/ 2. Reuni\u00e3o Transnacional do Projeto"},"content":{"rendered":"\n<p>Decorreu, nos passados dias 4 e 5 de Dezembro, a segunda reuni\u00e3o transnacional do projeto \u201cManagement in a Virtual World\u201d em Bucareste, na Rom\u00e9nia, organizada pela Universidade de Estudos Econ\u00f3micos de Bucareste (BUES). Todos os parceiros da Rom\u00e9nia, It\u00e1lia, Portugal, Pol\u00f3nia e Turquia participaram na reuni\u00e3o. No primeiro dia, a ata da primeira reuni\u00e3o foi revista, e foram partilhadas as atividades conclu\u00eddas. Os parceiros tiveram a oportunidade de discutir os testes de aferi\u00e7\u00e3o e as perguntas da entrevista que ser\u00e3o aplicadas aos alunos. A equipa do projeto teve uma reuni\u00e3o com a Vice-Reitoria da BUES, onde falaram sobre colabora\u00e7\u00f5es futuras. Durante o segundo dia da reuni\u00e3o, os parceiros utilizaram o simulador para implementar o 1.\u00ba cen\u00e1rio. Foram discutidas as datas para a terceira reuni\u00e3o, e foi efetuada a divis\u00e3o do trabalho entre os parceiros.<\/p>\n\n\n\n<figure class=\"wp-block-gallery has-nested-images columns-2 is-cropped wp-block-gallery-1 is-layout-flex wp-block-gallery-is-layout-flex\">\n<figure class=\"wp-block-image size-large\"><img decoding=\"async\" data-id=\"477\" src=\"https:\/\/managevirtually.sdu.edu.tr\/wp-content\/uploads\/2024\/12\/WhatsApp-Image-2024-12-10-at-14.04.36-768x1024.jpeg\" alt=\"\" class=\"wp-image-477\"\/><\/figure>\n\n\n\n<figure class=\"wp-block-image size-large\"><img decoding=\"async\" data-id=\"473\" src=\"https:\/\/managevirtually.sdu.edu.tr\/wp-content\/uploads\/2024\/12\/WhatsApp-Image-2024-12-10-at-14.04.35-2-768x1024.jpeg\" alt=\"\" class=\"wp-image-473\"\/><\/figure>\n\n\n\n<figure class=\"wp-block-image size-large\"><img decoding=\"async\" data-id=\"474\" src=\"https:\/\/managevirtually.sdu.edu.tr\/wp-content\/uploads\/2024\/12\/WhatsApp-Image-2024-12-10-at-14.04.36-1-768x1024.jpeg\" alt=\"\" class=\"wp-image-474\"\/><\/figure>\n\n\n\n<figure class=\"wp-block-image size-large\"><img decoding=\"async\" data-id=\"475\" src=\"https:\/\/managevirtually.sdu.edu.tr\/wp-content\/uploads\/2024\/12\/WhatsApp-Image-2024-12-10-at-14.04.35-1024x768.jpeg\" alt=\"\" class=\"wp-image-475\"\/><\/figure>\n\n\n\n<figure class=\"wp-block-image size-large\"><img decoding=\"async\" data-id=\"471\" src=\"https:\/\/managevirtually.sdu.edu.tr\/wp-content\/uploads\/2024\/12\/WhatsApp-Image-2024-12-10-at-14.04.35-1-768x1024.jpeg\" alt=\"\" class=\"wp-image-471\"\/><\/figure>\n\n\n\n<figure class=\"wp-block-image size-large\"><img decoding=\"async\" data-id=\"465\" src=\"https:\/\/managevirtually.sdu.edu.tr\/wp-content\/uploads\/2024\/12\/WhatsApp-Image-2024-12-10-at-14.04.32-768x1024.jpeg\" alt=\"\" class=\"wp-image-465\"\/><\/figure>\n\n\n\n<figure class=\"wp-block-image size-large\"><img decoding=\"async\" data-id=\"468\" src=\"https:\/\/managevirtually.sdu.edu.tr\/wp-content\/uploads\/2024\/12\/WhatsApp-Image-2024-12-10-at-14.04.33-768x1024.jpeg\" alt=\"\" class=\"wp-image-468\"\/><\/figure>\n\n\n\n<figure class=\"wp-block-image size-large\"><img decoding=\"async\" data-id=\"469\" src=\"https:\/\/managevirtually.sdu.edu.tr\/wp-content\/uploads\/2024\/12\/WhatsApp-Image-2024-12-10-at-14.04.34-1-768x1024.jpeg\" alt=\"\" class=\"wp-image-469\"\/><\/figure>\n\n\n\n<figure class=\"wp-block-image size-large\"><img decoding=\"async\" data-id=\"467\" src=\"https:\/\/managevirtually.sdu.edu.tr\/wp-content\/uploads\/2024\/12\/WhatsApp-Image-2024-12-10-at-14.04.33-1-768x1024.jpeg\" alt=\"\" class=\"wp-image-467\"\/><\/figure>\n\n\n\n<figure class=\"wp-block-image size-large\"><img decoding=\"async\" data-id=\"472\" src=\"https:\/\/managevirtually.sdu.edu.tr\/wp-content\/uploads\/2024\/12\/WhatsApp-Image-2024-12-10-at-14.04.34-768x1024.jpeg\" alt=\"\" class=\"wp-image-472\"\/><\/figure>\n\n\n\n<figure class=\"wp-block-image size-large\"><img decoding=\"async\" data-id=\"470\" src=\"https:\/\/managevirtually.sdu.edu.tr\/wp-content\/uploads\/2024\/12\/WhatsApp-Image-2024-12-10-at-14.04.34-2-768x1024.jpeg\" alt=\"\" class=\"wp-image-470\"\/><\/figure>\n\n\n\n<figure class=\"wp-block-image size-large\"><img decoding=\"async\" data-id=\"466\" src=\"https:\/\/managevirtually.sdu.edu.tr\/wp-content\/uploads\/2024\/12\/WhatsApp-Image-2024-12-10-at-14.04.33-2-768x1024.jpeg\" alt=\"\" class=\"wp-image-466\"\/><\/figure>\n\n\n\n<figure class=\"wp-block-image size-large\"><img decoding=\"async\" data-id=\"464\" src=\"https:\/\/managevirtually.sdu.edu.tr\/wp-content\/uploads\/2024\/12\/WhatsApp-Image-2024-12-10-at-14.04.32-2-768x1024.jpeg\" alt=\"\" class=\"wp-image-464\"\/><\/figure>\n\n\n\n<figure class=\"wp-block-image size-large\"><img decoding=\"async\" data-id=\"463\" src=\"https:\/\/managevirtually.sdu.edu.tr\/wp-content\/uploads\/2024\/12\/WhatsApp-Image-2024-12-10-at-14.04.32-1-768x1024.jpeg\" alt=\"\" class=\"wp-image-463\"\/><\/figure>\n<\/figure>\n\n\n\n<figure class=\"wp-block-gallery has-nested-images columns-2 is-cropped wp-block-gallery-2 is-layout-flex wp-block-gallery-is-layout-flex\">\n<figure class=\"wp-block-image size-large\"><img decoding=\"async\" data-id=\"476\" src=\"https:\/\/managevirtually.sdu.edu.tr\/wp-content\/uploads\/2024\/12\/WhatsApp-Image-2024-12-10-at-14.04.36-2-1024x768.jpeg\" alt=\"\" class=\"wp-image-476\"\/><\/figure>\n\n\n\n<figure class=\"wp-block-image size-large\"><img decoding=\"async\" data-id=\"462\" src=\"https:\/\/managevirtually.sdu.edu.tr\/wp-content\/uploads\/2024\/12\/WhatsApp-Image-2024-12-10-at-14.04.26-1-1024x577.jpeg\" alt=\"\" class=\"wp-image-462\"\/><\/figure>\n\n\n\n<figure class=\"wp-block-image size-large\"><img decoding=\"async\" data-id=\"461\" src=\"https:\/\/managevirtually.sdu.edu.tr\/wp-content\/uploads\/2024\/12\/WhatsApp-Image-2024-12-10-at-14.04.25-1024x768.jpeg\" alt=\"\" class=\"wp-image-461\"\/><\/figure>\n\n\n\n<figure class=\"wp-block-image size-large\"><img decoding=\"async\" data-id=\"459\" src=\"https:\/\/managevirtually.sdu.edu.tr\/wp-content\/uploads\/2024\/12\/WhatsApp-Image-2024-12-10-at-14.04.26-1024x577.jpeg\" alt=\"\" class=\"wp-image-459\"\/><\/figure>\n\n\n\n<figure class=\"wp-block-image size-large\"><img decoding=\"async\" data-id=\"458\" src=\"https:\/\/managevirtually.sdu.edu.tr\/wp-content\/uploads\/2024\/12\/WhatsApp-Image-2024-12-10-at-14.04.26-2-1024x768.jpeg\" alt=\"\" class=\"wp-image-458\"\/><\/figure>\n\n\n\n<figure class=\"wp-block-image size-large\"><img decoding=\"async\" data-id=\"460\" src=\"https:\/\/managevirtually.sdu.edu.tr\/wp-content\/uploads\/2024\/12\/WhatsApp-Image-2024-12-10-at-14.04.23-1024x768.jpeg\" alt=\"\" class=\"wp-image-460\"\/><\/figure>\n\n\n\n<figure class=\"wp-block-image size-large\"><img decoding=\"async\" data-id=\"457\" src=\"https:\/\/managevirtually.sdu.edu.tr\/wp-content\/uploads\/2024\/12\/WhatsApp-Image-2024-12-10-at-14.04.20-768x1024.jpeg\" alt=\"\" class=\"wp-image-457\"\/><\/figure>\n<\/figure>\n","protected":false},"excerpt":{"rendered":"<p>Decorreu, nos passados dias 4 e 5 de Dezembro, a segunda reuni\u00e3o transnacional do projeto \u201cManagement in a Virtual World\u201d em Bucareste, na Rom\u00e9nia, organizada pela Universidade de Estudos Econ\u00f3micos de Bucareste (BUES). Todos os parceiros da Rom\u00e9nia, It\u00e1lia, Portugal, Pol\u00f3nia e Turquia participaram na reuni\u00e3o. No primeiro dia, a ata da primeira reuni\u00e3o foi [&hellip;]<\/p>\n","protected":false},"author":1,"featured_media":0,"parent":0,"menu_order":0,"comment_status":"closed","ping_status":"closed","template":"","meta":{"footnotes":""},"class_list":["post-457","page","type-page","status-publish","hentry"],"_links":{"self":[{"href":"https:\/\/managevirtually.sdu.edu.tr\/pt\/wp-json\/wp\/v2\/pages\/457"}],"collection":[{"href":"https:\/\/managevirtually.sdu.edu.tr\/pt\/wp-json\/wp\/v2\/pages"}],"about":[{"href":"https:\/\/managevirtually.sdu.edu.tr\/pt\/wp-json\/wp\/v2\/types\/page"}],"author":[{"embeddable":true,"href":"https:\/\/managevirtually.sdu.edu.tr\/pt\/wp-json\/wp\/v2\/users\/1"}],"replies":[{"embeddable":true,"href":"https:\/\/managevirtually.sdu.edu.tr\/pt\/wp-json\/wp\/v2\/comments?post=457"}],"version-history":[{"count":2,"href":"https:\/\/managevirtually.sdu.edu.tr\/pt\/wp-json\/wp\/v2\/pages\/457\/revisions"}],"predecessor-version":[{"id":510,"href":"https:\/\/managevirtually.sdu.edu.tr\/pt\/wp-json\/wp\/v2\/pages\/457\/revisions\/510"}],"wp:attachment":[{"href":"https:\/\/managevirtually.sdu.edu.tr\/pt\/wp-json\/wp\/v2\/media?parent=457"}],"curies":[{"name":"wp","href":"https:\/\/api.w.org\/{rel}","templated":true}]}}