{"id":359,"date":"2024-10-16T16:52:16","date_gmt":"2024-10-16T16:52:16","guid":{"rendered":"https:\/\/managevirtually.sdu.edu.tr\/?page_id=359"},"modified":"2025-01-15T21:59:36","modified_gmt":"2025-01-15T18:59:36","slug":"ro-person5","status":"publish","type":"page","link":"https:\/\/managevirtually.sdu.edu.tr\/pt\/ro-person5\/","title":{"rendered":"Teodora Monica Fulga"},"content":{"rendered":"\n<figure class=\"wp-block-image aligncenter size-full\"><img loading=\"lazy\" decoding=\"async\" width=\"223\" height=\"297\" src=\"https:\/\/managevirtually.sdu.edu.tr\/pt\/wp-content\/uploads\/sites\/7\/2024\/10\/image-25.png\" alt=\"\" class=\"wp-image-360\"\/><\/figure>\n\n\n\n<p>Teodora Monica Fulga \u00e9 Respons\u00e1vel pelo Gabinete Erasmus+ da Universidade de Estudos Econ\u00f3micos de Bucareste, especialista na implementa\u00e7\u00e3o de projetos Erasmus+. Colabora com v\u00e1rias Universidades na Europa, \u00c1sia, Am\u00e9rica do Norte e do Sul, e coordena as mobilidades in e out. Possui boas compet\u00eancias de comunica\u00e7\u00e3o, adquiridas enquanto Professora Assistente, tem experi\u00eancia em ambientes de trabalho internacionais, boas compet\u00eancias organizacionais e de lideran\u00e7a, adquiridas enquanto Coordenadora do Gabinete Erasmus+. Em termos de atividade letiva, leciona em cursos como Institui\u00e7\u00f5es e Pol\u00edticas Europeias e Governan\u00e7a na UE.<\/p>\n","protected":false},"excerpt":{"rendered":"<p>Teodora Monica Fulga \u00e9 Respons\u00e1vel pelo Gabinete Erasmus+ da Universidade de Estudos Econ\u00f3micos de Bucareste, especialista na implementa\u00e7\u00e3o de projetos Erasmus+. Colabora com v\u00e1rias Universidades na Europa, \u00c1sia, Am\u00e9rica do Norte e do Sul, e coordena as mobilidades in e out. Possui boas compet\u00eancias de comunica\u00e7\u00e3o, adquiridas enquanto Professora Assistente, tem experi\u00eancia em ambientes de [&hellip;]<\/p>\n","protected":false},"author":1,"featured_media":0,"parent":0,"menu_order":0,"comment_status":"closed","ping_status":"closed","template":"","meta":{"footnotes":""},"class_list":["post-359","page","type-page","status-publish","hentry"],"_links":{"self":[{"href":"https:\/\/managevirtually.sdu.edu.tr\/pt\/wp-json\/wp\/v2\/pages\/359"}],"collection":[{"href":"https:\/\/managevirtually.sdu.edu.tr\/pt\/wp-json\/wp\/v2\/pages"}],"about":[{"href":"https:\/\/managevirtually.sdu.edu.tr\/pt\/wp-json\/wp\/v2\/types\/page"}],"author":[{"embeddable":true,"href":"https:\/\/managevirtually.sdu.edu.tr\/pt\/wp-json\/wp\/v2\/users\/1"}],"replies":[{"embeddable":true,"href":"https:\/\/managevirtually.sdu.edu.tr\/pt\/wp-json\/wp\/v2\/comments?post=359"}],"version-history":[{"count":1,"href":"https:\/\/managevirtually.sdu.edu.tr\/pt\/wp-json\/wp\/v2\/pages\/359\/revisions"}],"predecessor-version":[{"id":479,"href":"https:\/\/managevirtually.sdu.edu.tr\/pt\/wp-json\/wp\/v2\/pages\/359\/revisions\/479"}],"wp:attachment":[{"href":"https:\/\/managevirtually.sdu.edu.tr\/pt\/wp-json\/wp\/v2\/media?parent=359"}],"curies":[{"name":"wp","href":"https:\/\/api.w.org\/{rel}","templated":true}]}}