{"id":356,"date":"2024-10-16T16:51:40","date_gmt":"2024-10-16T16:51:40","guid":{"rendered":"https:\/\/managevirtually.sdu.edu.tr\/?page_id=356"},"modified":"2025-01-15T21:59:05","modified_gmt":"2025-01-15T18:59:05","slug":"ro-person4","status":"publish","type":"page","link":"https:\/\/managevirtually.sdu.edu.tr\/pt\/ro-person4\/","title":{"rendered":"Professor Doutor Eduard CEPTUREANU"},"content":{"rendered":"\n<figure class=\"wp-block-image aligncenter size-full\"><img loading=\"lazy\" decoding=\"async\" width=\"233\" height=\"320\" src=\"https:\/\/managevirtually.sdu.edu.tr\/pt\/wp-content\/uploads\/sites\/7\/2024\/10\/image-24.png\" alt=\"\" class=\"wp-image-357\" srcset=\"https:\/\/managevirtually.sdu.edu.tr\/pt\/wp-content\/uploads\/sites\/7\/2024\/10\/image-24.png 233w, https:\/\/managevirtually.sdu.edu.tr\/pt\/wp-content\/uploads\/sites\/7\/2024\/10\/image-24-218x300.png 218w\" sizes=\"(max-width: 233px) 100vw, 233px\" \/><\/figure>\n\n\n\n<p>Eduard Ceptureanu \u00e9 Professor Coordenador com Agrega\u00e7\u00e3o do Departamento de Gest\u00e3o da Universidade de Estudos Econ\u00f3micos de Bucareste. Os principais cursos e semin\u00e1rios em que leciona s\u00e3o: Gest\u00e3o de Empreendedorismo, Fundamentos de Gest\u00e3o, Metodologias Empresariais, Gest\u00e3o Comparativa Internacional (em Ingl\u00eas), Gest\u00e3o de Mudan\u00e7a, Estrat\u00e9gias de Empreendedorismo. Tem vasta atividade de investiga\u00e7\u00e3o com mais de 65 artigos publicados na Web of Science.<\/p>\n","protected":false},"excerpt":{"rendered":"<p>Eduard Ceptureanu \u00e9 Professor Coordenador com Agrega\u00e7\u00e3o do Departamento de Gest\u00e3o da Universidade de Estudos Econ\u00f3micos de Bucareste. Os principais cursos e semin\u00e1rios em que leciona s\u00e3o: Gest\u00e3o de Empreendedorismo, Fundamentos de Gest\u00e3o, Metodologias Empresariais, Gest\u00e3o Comparativa Internacional (em Ingl\u00eas), Gest\u00e3o de Mudan\u00e7a, Estrat\u00e9gias de Empreendedorismo. Tem vasta atividade de investiga\u00e7\u00e3o com mais de 65 [&hellip;]<\/p>\n","protected":false},"author":1,"featured_media":0,"parent":0,"menu_order":0,"comment_status":"closed","ping_status":"closed","template":"","meta":{"footnotes":""},"class_list":["post-356","page","type-page","status-publish","hentry"],"_links":{"self":[{"href":"https:\/\/managevirtually.sdu.edu.tr\/pt\/wp-json\/wp\/v2\/pages\/356"}],"collection":[{"href":"https:\/\/managevirtually.sdu.edu.tr\/pt\/wp-json\/wp\/v2\/pages"}],"about":[{"href":"https:\/\/managevirtually.sdu.edu.tr\/pt\/wp-json\/wp\/v2\/types\/page"}],"author":[{"embeddable":true,"href":"https:\/\/managevirtually.sdu.edu.tr\/pt\/wp-json\/wp\/v2\/users\/1"}],"replies":[{"embeddable":true,"href":"https:\/\/managevirtually.sdu.edu.tr\/pt\/wp-json\/wp\/v2\/comments?post=356"}],"version-history":[{"count":1,"href":"https:\/\/managevirtually.sdu.edu.tr\/pt\/wp-json\/wp\/v2\/pages\/356\/revisions"}],"predecessor-version":[{"id":478,"href":"https:\/\/managevirtually.sdu.edu.tr\/pt\/wp-json\/wp\/v2\/pages\/356\/revisions\/478"}],"wp:attachment":[{"href":"https:\/\/managevirtually.sdu.edu.tr\/pt\/wp-json\/wp\/v2\/media?parent=356"}],"curies":[{"name":"wp","href":"https:\/\/api.w.org\/{rel}","templated":true}]}}