{"id":353,"date":"2024-10-16T16:50:51","date_gmt":"2024-10-16T16:50:51","guid":{"rendered":"https:\/\/managevirtually.sdu.edu.tr\/?page_id=353"},"modified":"2025-01-15T21:58:37","modified_gmt":"2025-01-15T18:58:37","slug":"ro-person3","status":"publish","type":"page","link":"https:\/\/managevirtually.sdu.edu.tr\/pt\/ro-person3\/","title":{"rendered":"Professor Doutor Ionel JIANU"},"content":{"rendered":"\n<figure class=\"wp-block-image aligncenter size-full\"><img loading=\"lazy\" decoding=\"async\" width=\"255\" height=\"337\" src=\"https:\/\/managevirtually.sdu.edu.tr\/pt\/wp-content\/uploads\/sites\/7\/2024\/10\/image-23.png\" alt=\"\" class=\"wp-image-354\" srcset=\"https:\/\/managevirtually.sdu.edu.tr\/pt\/wp-content\/uploads\/sites\/7\/2024\/10\/image-23.png 255w, https:\/\/managevirtually.sdu.edu.tr\/pt\/wp-content\/uploads\/sites\/7\/2024\/10\/image-23-227x300.png 227w\" sizes=\"(max-width: 255px) 100vw, 255px\" \/><\/figure>\n\n\n\n<p>Ionel Jianu \u00e9 Professor Coordenador com Agrega\u00e7\u00e3o na \u00e1rea de Contabilidade do Departamento de Contabilidade e Auditoria da Faculdade de Sistemas de Informa\u00e7\u00e3o de Contabilidade e Gest\u00e3o (CIG) da Universidade de Estudos Econ\u00f3micos de Bucareste (ASE). \u00c9, desde 2019 at\u00e9 \u00e0 data, Coordenador de Doutoramento no Departamento de Contabilidade e Auditoria da Universidade de Estudos Econ\u00f3micos de Bucareste, Rom\u00e9nia. Foi, antes, Consultor de Gest\u00e3o Financeira, Vice-Reitor da Universidade de Estudos Econ\u00f3micos de Bucareste, Rom\u00e9nia, e Chefe de Gabinete do Reitor da Universidade de Estudos Econ\u00f3micos de Bucareste, Rom\u00e9nia. \u00c9 membro de v\u00e1rios \u00f3rg\u00e3os profissionais, tais como: Association Francophone de Comptabilit\u00e9 (AFC) International Association of Accounting and Educational Research (IAAER) European Accounting Association (EAA), Romanian Association of Accounting (ARC). \u00c9 docente em cursos como: Contabilidade, Contabilidade de Gest\u00e3o, Contabilidade Financeira ou Auditoria Financeira.<\/p>\n","protected":false},"excerpt":{"rendered":"<p>Ionel Jianu \u00e9 Professor Coordenador com Agrega\u00e7\u00e3o na \u00e1rea de Contabilidade do Departamento de Contabilidade e Auditoria da Faculdade de Sistemas de Informa\u00e7\u00e3o de Contabilidade e Gest\u00e3o (CIG) da Universidade de Estudos Econ\u00f3micos de Bucareste (ASE). \u00c9, desde 2019 at\u00e9 \u00e0 data, Coordenador de Doutoramento no Departamento de Contabilidade e Auditoria da Universidade de Estudos [&hellip;]<\/p>\n","protected":false},"author":1,"featured_media":0,"parent":0,"menu_order":0,"comment_status":"closed","ping_status":"closed","template":"","meta":{"footnotes":""},"class_list":["post-353","page","type-page","status-publish","hentry"],"_links":{"self":[{"href":"https:\/\/managevirtually.sdu.edu.tr\/pt\/wp-json\/wp\/v2\/pages\/353"}],"collection":[{"href":"https:\/\/managevirtually.sdu.edu.tr\/pt\/wp-json\/wp\/v2\/pages"}],"about":[{"href":"https:\/\/managevirtually.sdu.edu.tr\/pt\/wp-json\/wp\/v2\/types\/page"}],"author":[{"embeddable":true,"href":"https:\/\/managevirtually.sdu.edu.tr\/pt\/wp-json\/wp\/v2\/users\/1"}],"replies":[{"embeddable":true,"href":"https:\/\/managevirtually.sdu.edu.tr\/pt\/wp-json\/wp\/v2\/comments?post=353"}],"version-history":[{"count":1,"href":"https:\/\/managevirtually.sdu.edu.tr\/pt\/wp-json\/wp\/v2\/pages\/353\/revisions"}],"predecessor-version":[{"id":477,"href":"https:\/\/managevirtually.sdu.edu.tr\/pt\/wp-json\/wp\/v2\/pages\/353\/revisions\/477"}],"wp:attachment":[{"href":"https:\/\/managevirtually.sdu.edu.tr\/pt\/wp-json\/wp\/v2\/media?parent=353"}],"curies":[{"name":"wp","href":"https:\/\/api.w.org\/{rel}","templated":true}]}}