{"id":350,"date":"2024-10-16T16:50:15","date_gmt":"2024-10-16T16:50:15","guid":{"rendered":"https:\/\/managevirtually.sdu.edu.tr\/?page_id=350"},"modified":"2025-01-15T21:58:05","modified_gmt":"2025-01-15T18:58:05","slug":"ro-person2","status":"publish","type":"page","link":"https:\/\/managevirtually.sdu.edu.tr\/pt\/ro-person2\/","title":{"rendered":"Professora Doutora Iulia JIANU"},"content":{"rendered":"\n<figure class=\"wp-block-image aligncenter size-full\"><img loading=\"lazy\" decoding=\"async\" width=\"244\" height=\"309\" src=\"https:\/\/managevirtually.sdu.edu.tr\/pt\/wp-content\/uploads\/sites\/7\/2024\/10\/image-22.png\" alt=\"\" class=\"wp-image-351\" srcset=\"https:\/\/managevirtually.sdu.edu.tr\/pt\/wp-content\/uploads\/sites\/7\/2024\/10\/image-22.png 244w, https:\/\/managevirtually.sdu.edu.tr\/pt\/wp-content\/uploads\/sites\/7\/2024\/10\/image-22-237x300.png 237w\" sizes=\"(max-width: 244px) 100vw, 244px\" \/><\/figure>\n\n\n\n<p>Iulia Jianu \u00e9 Professora Coordenadora com Agrega\u00e7\u00e3o na \u00e1rea de Contabilidade do Departamento de Contabilidade e Auditoria da Faculdade de Sistemas de Informa\u00e7\u00e3o de Contabilidade e Gest\u00e3o (CIG) da Universidade de Estudos Econ\u00f3micos de Bucareste (ASE). \u00c9, desde 2020, Professora Coordenadora no Instituto Nacional de Gest\u00e3o do Conservatoire National des Arts et Metiers de Paris (CNAM), Fran\u00e7a. \u00c9, desde 2018 at\u00e9 \u00e0 data, Diretora de Doutoramento no Departamento de Contabilidade e Auditoria da Universidade de Estudos Econ\u00f3micos de Bucareste, Rom\u00e9nia. Foi, antes, Vice-Presidente da Escola de Neg\u00f3cios de Bucareste, Diretora do Programa de MBA Romeno-Franc\u00eas INDE organizado pelo Conservatoire National des Arts et Metiers de Paris, Fran\u00e7a, em colabora\u00e7\u00e3o com Universidade de Estudos Econ\u00f3micos de Bucareste, Rom\u00e9nia, entre 2013 e 2019, Diretora na Rom\u00e9nia do Programa de Estudos P\u00f3s-Mestrado em Contabilidade, organizado pela Universidade de Tilburg em colabora\u00e7\u00e3o com a Universidade de Estudos Econ\u00f3micos de Bucareste e a Universidade Polit\u00e9cnica de Val\u00eancia entre 2012 e 2016, e Membro do Senado da Universidade de Estudos Econ\u00f3micos de Bucareste. \u00c9 membro de v\u00e1rios \u00f3rg\u00e3os profissionais, tais como: Acad\u00e9mie des Etudes et Techniques Comptable et Financi\u00e8re (AETCF) Association Francophone de Comptabilit\u00e9 (AFC) International Association of Accounting and Educational Research (IAAER) European Accounting Association (EAA) Asocia\u0163ia Rom\u00e2n\u0103 de Contabilitate (ARC).<\/p>\n","protected":false},"excerpt":{"rendered":"<p>Iulia Jianu \u00e9 Professora Coordenadora com Agrega\u00e7\u00e3o na \u00e1rea de Contabilidade do Departamento de Contabilidade e Auditoria da Faculdade de Sistemas de Informa\u00e7\u00e3o de Contabilidade e Gest\u00e3o (CIG) da Universidade de Estudos Econ\u00f3micos de Bucareste (ASE). \u00c9, desde 2020, Professora Coordenadora no Instituto Nacional de Gest\u00e3o do Conservatoire National des Arts et Metiers de Paris [&hellip;]<\/p>\n","protected":false},"author":1,"featured_media":0,"parent":0,"menu_order":0,"comment_status":"closed","ping_status":"closed","template":"","meta":{"footnotes":""},"class_list":["post-350","page","type-page","status-publish","hentry"],"_links":{"self":[{"href":"https:\/\/managevirtually.sdu.edu.tr\/pt\/wp-json\/wp\/v2\/pages\/350"}],"collection":[{"href":"https:\/\/managevirtually.sdu.edu.tr\/pt\/wp-json\/wp\/v2\/pages"}],"about":[{"href":"https:\/\/managevirtually.sdu.edu.tr\/pt\/wp-json\/wp\/v2\/types\/page"}],"author":[{"embeddable":true,"href":"https:\/\/managevirtually.sdu.edu.tr\/pt\/wp-json\/wp\/v2\/users\/1"}],"replies":[{"embeddable":true,"href":"https:\/\/managevirtually.sdu.edu.tr\/pt\/wp-json\/wp\/v2\/comments?post=350"}],"version-history":[{"count":1,"href":"https:\/\/managevirtually.sdu.edu.tr\/pt\/wp-json\/wp\/v2\/pages\/350\/revisions"}],"predecessor-version":[{"id":476,"href":"https:\/\/managevirtually.sdu.edu.tr\/pt\/wp-json\/wp\/v2\/pages\/350\/revisions\/476"}],"wp:attachment":[{"href":"https:\/\/managevirtually.sdu.edu.tr\/pt\/wp-json\/wp\/v2\/media?parent=350"}],"curies":[{"name":"wp","href":"https:\/\/api.w.org\/{rel}","templated":true}]}}