{"id":347,"date":"2024-10-16T16:49:22","date_gmt":"2024-10-16T16:49:22","guid":{"rendered":"https:\/\/managevirtually.sdu.edu.tr\/?page_id=347"},"modified":"2025-01-15T21:57:27","modified_gmt":"2025-01-15T18:57:27","slug":"ro-person1","status":"publish","type":"page","link":"https:\/\/managevirtually.sdu.edu.tr\/pt\/ro-person1\/","title":{"rendered":"Professora Doutora Erika MARIN"},"content":{"rendered":"\n<figure class=\"wp-block-image aligncenter size-full\"><img loading=\"lazy\" decoding=\"async\" width=\"254\" height=\"292\" src=\"https:\/\/managevirtually.sdu.edu.tr\/pt\/wp-content\/uploads\/sites\/7\/2024\/10\/image-21.png\" alt=\"\" class=\"wp-image-348\"\/><\/figure>\n\n\n\n<p>Erika Marin \u00e9 Professora Coordenadora com Agrega\u00e7\u00e3o no Departamento de Estat\u00edstica e Econometria da Faculdade de Cibern\u00e9tica Estat\u00edstica e Economia da Universidade de Estudos Econ\u00f3micos de Bucareste. Principais cursos: <em>Estat\u00edstica; Econometria, An\u00e1lise de Dados Empresariais, Estat\u00edstica Macroecon\u00f3mica, em diferentes ciclos de estudos (estudantes de Licenciatura, Mestrado e MBA). <\/em>\u00c9, desde 2019, Diretora do Departamento de Estat\u00edstica e Econometria, gerindo uma equipa de 40 docentes\/investigadores. \u00c9 Editora-Chefe do Journal of Social and Economic Statistics (<a href=\"https:\/\/sciendo.com\/journal\/JSES\">https:\/\/sciendo.com\/journal\/JSES<\/a>); Editora-Adjunta do Journal of Regional Science (<a href=\"http:\/\/www.rjrs.ase.ro\">www.rjrs.ase.ro<\/a>), Vice-Presidente da Romanian Regional Science Association (desde 2013 at\u00e9 \u00e0 data); Membro da ERSA, Membro da RSAI e da ERSA, Membro do SENADO da Universidade de Estudos Econ\u00f3micos de Bucareste(desde 2019), Membro do Conselho de Docentes da Faculdade de Cibern\u00e9tica, Estat\u00edstica e Eonometria, da Universidade de Estudos Econ\u00f3micos de Bucareste (desde 2019).<\/p>\n","protected":false},"excerpt":{"rendered":"<p>Erika Marin \u00e9 Professora Coordenadora com Agrega\u00e7\u00e3o no Departamento de Estat\u00edstica e Econometria da Faculdade de Cibern\u00e9tica Estat\u00edstica e Economia da Universidade de Estudos Econ\u00f3micos de Bucareste. Principais cursos: Estat\u00edstica; Econometria, An\u00e1lise de Dados Empresariais, Estat\u00edstica Macroecon\u00f3mica, em diferentes ciclos de estudos (estudantes de Licenciatura, Mestrado e MBA). \u00c9, desde 2019, Diretora do Departamento de [&hellip;]<\/p>\n","protected":false},"author":1,"featured_media":0,"parent":0,"menu_order":0,"comment_status":"closed","ping_status":"closed","template":"","meta":{"footnotes":""},"class_list":["post-347","page","type-page","status-publish","hentry"],"_links":{"self":[{"href":"https:\/\/managevirtually.sdu.edu.tr\/pt\/wp-json\/wp\/v2\/pages\/347"}],"collection":[{"href":"https:\/\/managevirtually.sdu.edu.tr\/pt\/wp-json\/wp\/v2\/pages"}],"about":[{"href":"https:\/\/managevirtually.sdu.edu.tr\/pt\/wp-json\/wp\/v2\/types\/page"}],"author":[{"embeddable":true,"href":"https:\/\/managevirtually.sdu.edu.tr\/pt\/wp-json\/wp\/v2\/users\/1"}],"replies":[{"embeddable":true,"href":"https:\/\/managevirtually.sdu.edu.tr\/pt\/wp-json\/wp\/v2\/comments?post=347"}],"version-history":[{"count":1,"href":"https:\/\/managevirtually.sdu.edu.tr\/pt\/wp-json\/wp\/v2\/pages\/347\/revisions"}],"predecessor-version":[{"id":475,"href":"https:\/\/managevirtually.sdu.edu.tr\/pt\/wp-json\/wp\/v2\/pages\/347\/revisions\/475"}],"wp:attachment":[{"href":"https:\/\/managevirtually.sdu.edu.tr\/pt\/wp-json\/wp\/v2\/media?parent=347"}],"curies":[{"name":"wp","href":"https:\/\/api.w.org\/{rel}","templated":true}]}}