{"id":343,"date":"2024-10-16T16:47:26","date_gmt":"2024-10-16T16:47:26","guid":{"rendered":"https:\/\/managevirtually.sdu.edu.tr\/?page_id=343"},"modified":"2025-01-15T22:07:37","modified_gmt":"2025-01-15T19:07:37","slug":"pl-person3","status":"publish","type":"page","link":"https:\/\/managevirtually.sdu.edu.tr\/pt\/pl-person3\/","title":{"rendered":"Professora Doutora Anna Maria LIS"},"content":{"rendered":"\n<figure class=\"wp-block-image aligncenter size-full\"><img loading=\"lazy\" decoding=\"async\" width=\"285\" height=\"428\" src=\"https:\/\/managevirtually.sdu.edu.tr\/pt\/wp-content\/uploads\/sites\/7\/2024\/10\/image-20.png\" alt=\"\" class=\"wp-image-344\" srcset=\"https:\/\/managevirtually.sdu.edu.tr\/pt\/wp-content\/uploads\/sites\/7\/2024\/10\/image-20.png 285w, https:\/\/managevirtually.sdu.edu.tr\/pt\/wp-content\/uploads\/sites\/7\/2024\/10\/image-20-200x300.png 200w\" sizes=\"(max-width: 285px) 100vw, 285px\" \/><\/figure>\n\n\n\n<p>Anna Maria Lis &#8211; Professora na Universidade Tecnol\u00f3gica de Gda\u0144sk; docente e investigadora em Gest\u00e3o de Inova\u00e7\u00e3o, Desenvolvimento de Novos Produtos, e Gest\u00e3o Ambiental; Coeditora da revista acad\u00e9mia internacional <em>Journal of Entrepreneurship, Management and Innovation<\/em> (JEMI); as suas realiza\u00e7\u00f5es cient\u00edficas incluem mais de 70 publica\u00e7\u00f5es, incluindo Routledge 2021, 2022, 2023; Participou em 10 projetos de investiga\u00e7\u00e3o implementados em centros acad\u00e9micos; Esteve envolvida em colabora\u00e7\u00f5es internacionais, incluindo a participa\u00e7\u00e3o em programas Europeus (INNET, COSME, ERASMUS, LOCALISED \u2013 Horizon 2020, NEPTUN \u2013 Europe Horizon) e in\u00fameras parcerias com universidades estrangeiras (incluindo a Universidade do Michigan, a Universidade de Aeron\u00e1utica e Astron\u00e1utica de Nanjing, a Universidade de Aalborg, o Instituto Tecnol\u00f3gico de Karlsruhe, a Universidade Norueguesa de Ci\u00eancia e Tecnologia); cooperou com empresas de consultoria e forma\u00e7\u00e3o, organiza\u00e7\u00f5es de cluster, e institui\u00e7\u00f5es ambientais.<\/p>\n","protected":false},"excerpt":{"rendered":"<p>Anna Maria Lis &#8211; Professora na Universidade Tecnol\u00f3gica de Gda\u0144sk; docente e investigadora em Gest\u00e3o de Inova\u00e7\u00e3o, Desenvolvimento de Novos Produtos, e Gest\u00e3o Ambiental; Coeditora da revista acad\u00e9mia internacional Journal of Entrepreneurship, Management and Innovation (JEMI); as suas realiza\u00e7\u00f5es cient\u00edficas incluem mais de 70 publica\u00e7\u00f5es, incluindo Routledge 2021, 2022, 2023; Participou em 10 projetos de [&hellip;]<\/p>\n","protected":false},"author":1,"featured_media":0,"parent":0,"menu_order":0,"comment_status":"closed","ping_status":"closed","template":"","meta":{"footnotes":""},"class_list":["post-343","page","type-page","status-publish","hentry"],"_links":{"self":[{"href":"https:\/\/managevirtually.sdu.edu.tr\/pt\/wp-json\/wp\/v2\/pages\/343"}],"collection":[{"href":"https:\/\/managevirtually.sdu.edu.tr\/pt\/wp-json\/wp\/v2\/pages"}],"about":[{"href":"https:\/\/managevirtually.sdu.edu.tr\/pt\/wp-json\/wp\/v2\/types\/page"}],"author":[{"embeddable":true,"href":"https:\/\/managevirtually.sdu.edu.tr\/pt\/wp-json\/wp\/v2\/users\/1"}],"replies":[{"embeddable":true,"href":"https:\/\/managevirtually.sdu.edu.tr\/pt\/wp-json\/wp\/v2\/comments?post=343"}],"version-history":[{"count":1,"href":"https:\/\/managevirtually.sdu.edu.tr\/pt\/wp-json\/wp\/v2\/pages\/343\/revisions"}],"predecessor-version":[{"id":483,"href":"https:\/\/managevirtually.sdu.edu.tr\/pt\/wp-json\/wp\/v2\/pages\/343\/revisions\/483"}],"wp:attachment":[{"href":"https:\/\/managevirtually.sdu.edu.tr\/pt\/wp-json\/wp\/v2\/media?parent=343"}],"curies":[{"name":"wp","href":"https:\/\/api.w.org\/{rel}","templated":true}]}}