{"id":340,"date":"2024-10-16T16:46:51","date_gmt":"2024-10-16T16:46:51","guid":{"rendered":"https:\/\/managevirtually.sdu.edu.tr\/?page_id=340"},"modified":"2025-01-15T22:06:37","modified_gmt":"2025-01-15T19:06:37","slug":"pl-person2","status":"publish","type":"page","link":"https:\/\/managevirtually.sdu.edu.tr\/pt\/pl-person2\/","title":{"rendered":"Professora Assistente Anna Maria TRZASKOWSKA"},"content":{"rendered":"\n<figure class=\"wp-block-image aligncenter size-full\"><img loading=\"lazy\" decoding=\"async\" width=\"340\" height=\"337\" src=\"https:\/\/managevirtually.sdu.edu.tr\/pt\/wp-content\/uploads\/sites\/7\/2024\/10\/image-19.png\" alt=\"\" class=\"wp-image-341\" srcset=\"https:\/\/managevirtually.sdu.edu.tr\/pt\/wp-content\/uploads\/sites\/7\/2024\/10\/image-19.png 340w, https:\/\/managevirtually.sdu.edu.tr\/pt\/wp-content\/uploads\/sites\/7\/2024\/10\/image-19-300x297.png 300w, https:\/\/managevirtually.sdu.edu.tr\/pt\/wp-content\/uploads\/sites\/7\/2024\/10\/image-19-150x150.png 150w\" sizes=\"(max-width: 340px) 100vw, 340px\" \/><\/figure>\n\n\n\n<p>Anna Maria Trzaskowska \u00e9 Professora Adjunta no Departamento de Inform\u00e1tica de Gest\u00e3o. Tem um Mestrado em Sistemas de Gest\u00e3o. Anna Maria tem um Doutoramento em Ci\u00eancias de Gest\u00e3o pela Universidade Tecnol\u00f3gica de Poznan. Foi regente de v\u00e1rias unidades curriculares basilares &#8211; como Fundamentos de Gest\u00e3o e M\u00e9todos de Gest\u00e3o &#8211; direcionais &#8211; Gest\u00e3o Estrat\u00e9gica, Gest\u00e3o de Projetos &#8211; e especializa\u00e7\u00e3o &#8211; Gest\u00e3o de Rela\u00e7\u00f5es com o Cliente, Conce\u00e7\u00e3o de Projetos Comerciais e de Servi\u00e7os, ou Gest\u00e3o de Conhecimento. \u00c9 formadora e consultora numa empresa de consultoria e em v\u00e1rias funda\u00e7\u00f5es em Gest\u00e3o (com \u00eanfase na gest\u00e3o de projetos). Os seus interesses cient\u00edficos atuais recaem nas \u00e1reas das metodologias \u00e1geis, gest\u00e3o lean e qualidade do ensino superior, digitaliza\u00e7\u00e3o do ensino superior e an\u00e1lise de dados amplamente definida &#8211; Business Intelligence e Base de Dados. \u00c9 gestora do projeto Erasmus+ DEMS &#8211; Developing E-marketing Skills for the Business Market, o qual tem como objetivo reduzir a lacuna de compet\u00eancias no marketing digital, em particular nas pequenas e m\u00e9dias empresas (PMEs). \u00c9 membro do projeto Enhance +.<\/p>\n","protected":false},"excerpt":{"rendered":"<p>Anna Maria Trzaskowska \u00e9 Professora Adjunta no Departamento de Inform\u00e1tica de Gest\u00e3o. Tem um Mestrado em Sistemas de Gest\u00e3o. Anna Maria tem um Doutoramento em Ci\u00eancias de Gest\u00e3o pela Universidade Tecnol\u00f3gica de Poznan. Foi regente de v\u00e1rias unidades curriculares basilares &#8211; como Fundamentos de Gest\u00e3o e M\u00e9todos de Gest\u00e3o &#8211; direcionais &#8211; Gest\u00e3o Estrat\u00e9gica, Gest\u00e3o [&hellip;]<\/p>\n","protected":false},"author":1,"featured_media":0,"parent":0,"menu_order":0,"comment_status":"closed","ping_status":"closed","template":"","meta":{"footnotes":""},"class_list":["post-340","page","type-page","status-publish","hentry"],"_links":{"self":[{"href":"https:\/\/managevirtually.sdu.edu.tr\/pt\/wp-json\/wp\/v2\/pages\/340"}],"collection":[{"href":"https:\/\/managevirtually.sdu.edu.tr\/pt\/wp-json\/wp\/v2\/pages"}],"about":[{"href":"https:\/\/managevirtually.sdu.edu.tr\/pt\/wp-json\/wp\/v2\/types\/page"}],"author":[{"embeddable":true,"href":"https:\/\/managevirtually.sdu.edu.tr\/pt\/wp-json\/wp\/v2\/users\/1"}],"replies":[{"embeddable":true,"href":"https:\/\/managevirtually.sdu.edu.tr\/pt\/wp-json\/wp\/v2\/comments?post=340"}],"version-history":[{"count":1,"href":"https:\/\/managevirtually.sdu.edu.tr\/pt\/wp-json\/wp\/v2\/pages\/340\/revisions"}],"predecessor-version":[{"id":482,"href":"https:\/\/managevirtually.sdu.edu.tr\/pt\/wp-json\/wp\/v2\/pages\/340\/revisions\/482"}],"wp:attachment":[{"href":"https:\/\/managevirtually.sdu.edu.tr\/pt\/wp-json\/wp\/v2\/media?parent=340"}],"curies":[{"name":"wp","href":"https:\/\/api.w.org\/{rel}","templated":true}]}}