{"id":337,"date":"2024-10-16T16:46:06","date_gmt":"2024-10-16T16:46:06","guid":{"rendered":"https:\/\/managevirtually.sdu.edu.tr\/?page_id=337"},"modified":"2025-01-15T22:05:57","modified_gmt":"2025-01-15T19:05:57","slug":"pl-person1","status":"publish","type":"page","link":"https:\/\/managevirtually.sdu.edu.tr\/pt\/pl-person1\/","title":{"rendered":"Professora Assistente Ewa MARJA\u0143SKA"},"content":{"rendered":"\n<figure class=\"wp-block-image aligncenter size-full\"><img loading=\"lazy\" decoding=\"async\" width=\"249\" height=\"373\" src=\"https:\/\/managevirtually.sdu.edu.tr\/pt\/wp-content\/uploads\/sites\/7\/2024\/10\/image-18.png\" alt=\"\" class=\"wp-image-338\" srcset=\"https:\/\/managevirtually.sdu.edu.tr\/pt\/wp-content\/uploads\/sites\/7\/2024\/10\/image-18.png 249w, https:\/\/managevirtually.sdu.edu.tr\/pt\/wp-content\/uploads\/sites\/7\/2024\/10\/image-18-200x300.png 200w\" sizes=\"(max-width: 249px) 100vw, 249px\" \/><\/figure>\n\n\n\n<p>Ewa Marja\u0144ska \u00e9 Professora Adjunta na Faculdade de Gest\u00e3o e Economia da Universidade Tecnol\u00f3gica de Gda\u0144sk. Concluiu o Doutoramento na \u00e1rea das ci\u00eancias de commodities. Os seus interesses cient\u00edficos centram-se, primariamente, no m\u00e9todo de medi\u00e7\u00e3o quantitativa da qualidade, incluindo an\u00e1lise de qualidade alimentar e sistemas de gest\u00e3o de qualidade, bem como qualidade do ensino superior. \u00c9 autora de artigos publicados em revistas internacionais com revis\u00e3o de pares, como por exemplo Desalination Water Treatment, Journal of Texture Studies, IEEE Sensors, e uma patente na medi\u00e7\u00e3o de par\u00e2metros de qualidade de bebidas selecionadas. \u00c9, desde Dezembro de 2021, investigadora principal do Projeto Educa\u00e7\u00e3o para a Melhoria da Qualidade (Edu4QI) &#8211; Iceland, Liechtenstein &amp; Norway grants. O seu mais recente interesse de investiga\u00e7\u00e3o respeita ao t\u00f3pico da lideran\u00e7a.<\/p>\n\n\n\n<p><\/p>\n","protected":false},"excerpt":{"rendered":"<p>Ewa Marja\u0144ska \u00e9 Professora Adjunta na Faculdade de Gest\u00e3o e Economia da Universidade Tecnol\u00f3gica de Gda\u0144sk. Concluiu o Doutoramento na \u00e1rea das ci\u00eancias de commodities. Os seus interesses cient\u00edficos centram-se, primariamente, no m\u00e9todo de medi\u00e7\u00e3o quantitativa da qualidade, incluindo an\u00e1lise de qualidade alimentar e sistemas de gest\u00e3o de qualidade, bem como qualidade do ensino superior. [&hellip;]<\/p>\n","protected":false},"author":1,"featured_media":0,"parent":0,"menu_order":0,"comment_status":"closed","ping_status":"closed","template":"","meta":{"footnotes":""},"class_list":["post-337","page","type-page","status-publish","hentry"],"_links":{"self":[{"href":"https:\/\/managevirtually.sdu.edu.tr\/pt\/wp-json\/wp\/v2\/pages\/337"}],"collection":[{"href":"https:\/\/managevirtually.sdu.edu.tr\/pt\/wp-json\/wp\/v2\/pages"}],"about":[{"href":"https:\/\/managevirtually.sdu.edu.tr\/pt\/wp-json\/wp\/v2\/types\/page"}],"author":[{"embeddable":true,"href":"https:\/\/managevirtually.sdu.edu.tr\/pt\/wp-json\/wp\/v2\/users\/1"}],"replies":[{"embeddable":true,"href":"https:\/\/managevirtually.sdu.edu.tr\/pt\/wp-json\/wp\/v2\/comments?post=337"}],"version-history":[{"count":1,"href":"https:\/\/managevirtually.sdu.edu.tr\/pt\/wp-json\/wp\/v2\/pages\/337\/revisions"}],"predecessor-version":[{"id":481,"href":"https:\/\/managevirtually.sdu.edu.tr\/pt\/wp-json\/wp\/v2\/pages\/337\/revisions\/481"}],"wp:attachment":[{"href":"https:\/\/managevirtually.sdu.edu.tr\/pt\/wp-json\/wp\/v2\/media?parent=337"}],"curies":[{"name":"wp","href":"https:\/\/api.w.org\/{rel}","templated":true}]}}