{"id":333,"date":"2024-10-16T16:41:39","date_gmt":"2024-10-16T16:41:39","guid":{"rendered":"https:\/\/managevirtually.sdu.edu.tr\/?page_id=333"},"modified":"2025-01-15T21:53:53","modified_gmt":"2025-01-15T18:53:53","slug":"it-person3","status":"publish","type":"page","link":"https:\/\/managevirtually.sdu.edu.tr\/pt\/it-person3\/","title":{"rendered":"Professor Doutor Francesco PEPE"},"content":{"rendered":"\n<figure class=\"wp-block-image aligncenter size-full\"><img loading=\"lazy\" decoding=\"async\" width=\"282\" height=\"372\" src=\"https:\/\/managevirtually.sdu.edu.tr\/pt\/wp-content\/uploads\/sites\/7\/2024\/10\/image-17.png\" alt=\"\" class=\"wp-image-334\" srcset=\"https:\/\/managevirtually.sdu.edu.tr\/pt\/wp-content\/uploads\/sites\/7\/2024\/10\/image-17.png 282w, https:\/\/managevirtually.sdu.edu.tr\/pt\/wp-content\/uploads\/sites\/7\/2024\/10\/image-17-227x300.png 227w\" sizes=\"(max-width: 282px) 100vw, 282px\" \/><\/figure>\n\n\n\n<p>Francesco Pepe \u00e9 Professor Coordenador com agrega\u00e7\u00e3o em Ind\u00fastria Qu\u00edmica na Universidade de Sannio. Antes, foi Professor Coordenador na mesma universidade e na Universidade de Bolonha, e foi investigador na Universit\u00e0 della Campania Luigi Vanvitelli. Lecionou v\u00e1rios cursos de Engenharia Qu\u00edmica na Universidade de Sannio (Departamento de Engenharia), na Universidade de N\u00e1poles Fererico II (Escola de Engenharia), na Universidade de Bolonha (Escola de Qu\u00edmica Industrial e Escola de Biotecnologia) e na Universidade de Perugia (Escola de Engenharia).<\/p>\n\n\n\n<p>A sua atividade cient\u00edfica incide principalmente na modela\u00e7\u00e3o de processos reativos e de transfer\u00eancia de massa no contexto da aplica\u00e7\u00e3o ambiental da Engenharia Qu\u00edmica, e levou a que publicasse mais de 100 artigos em revistas internacionais, os quais foram citados mais de 2400 vezes com um H-index de 33 (identificador Scopus\u00ae: 7103383183). O grupo de investiga\u00e7\u00e3o que coordena caracteriza-se por significativas colabora\u00e7\u00f5es internacionais, entre as quais com a Universidade Normal de Zhejiang (Zhejiang, China), a Universidade de Teesside (Middlesbrough, Reino Unido), a Universidade de Cranfield (Cranfield, Reino Unido), a Universidade de Yasouj University (Yasouj, Ir\u00e3o), e foi Professor Convidado em v\u00e1rias universidades estrangeiras (Universidade Normal de Zhejiang e Universidade de Shanghai Jiao Tong na China, Universidade de Oviedo em Espanha, e na Abo Akademi na Finl\u00e2ndia).<\/p>\n\n\n\n<p>Francesco Pepe trabalha tamb\u00e9m como consultor para entidades p\u00fablicas, entre as quais a Campania Regional Government, as Administra\u00e7\u00f5es Provinciais de Benevento e Avellino, para a Procuradoria-Geral de Roma, e para v\u00e1rias entidades privadas.<\/p>\n\n\n\n<p><\/p>\n","protected":false},"excerpt":{"rendered":"<p>Francesco Pepe \u00e9 Professor Coordenador com agrega\u00e7\u00e3o em Ind\u00fastria Qu\u00edmica na Universidade de Sannio. Antes, foi Professor Coordenador na mesma universidade e na Universidade de Bolonha, e foi investigador na Universit\u00e0 della Campania Luigi Vanvitelli. Lecionou v\u00e1rios cursos de Engenharia Qu\u00edmica na Universidade de Sannio (Departamento de Engenharia), na Universidade de N\u00e1poles Fererico II (Escola [&hellip;]<\/p>\n","protected":false},"author":1,"featured_media":0,"parent":0,"menu_order":0,"comment_status":"closed","ping_status":"closed","template":"","meta":{"footnotes":""},"class_list":["post-333","page","type-page","status-publish","hentry"],"_links":{"self":[{"href":"https:\/\/managevirtually.sdu.edu.tr\/pt\/wp-json\/wp\/v2\/pages\/333"}],"collection":[{"href":"https:\/\/managevirtually.sdu.edu.tr\/pt\/wp-json\/wp\/v2\/pages"}],"about":[{"href":"https:\/\/managevirtually.sdu.edu.tr\/pt\/wp-json\/wp\/v2\/types\/page"}],"author":[{"embeddable":true,"href":"https:\/\/managevirtually.sdu.edu.tr\/pt\/wp-json\/wp\/v2\/users\/1"}],"replies":[{"embeddable":true,"href":"https:\/\/managevirtually.sdu.edu.tr\/pt\/wp-json\/wp\/v2\/comments?post=333"}],"version-history":[{"count":2,"href":"https:\/\/managevirtually.sdu.edu.tr\/pt\/wp-json\/wp\/v2\/pages\/333\/revisions"}],"predecessor-version":[{"id":473,"href":"https:\/\/managevirtually.sdu.edu.tr\/pt\/wp-json\/wp\/v2\/pages\/333\/revisions\/473"}],"wp:attachment":[{"href":"https:\/\/managevirtually.sdu.edu.tr\/pt\/wp-json\/wp\/v2\/media?parent=333"}],"curies":[{"name":"wp","href":"https:\/\/api.w.org\/{rel}","templated":true}]}}