{"id":330,"date":"2024-10-16T16:40:59","date_gmt":"2024-10-16T16:40:59","guid":{"rendered":"https:\/\/managevirtually.sdu.edu.tr\/?page_id=330"},"modified":"2025-01-15T21:52:58","modified_gmt":"2025-01-15T18:52:58","slug":"it-person2","status":"publish","type":"page","link":"https:\/\/managevirtually.sdu.edu.tr\/pt\/it-person2\/","title":{"rendered":"Professora Adjunta Raffaela CIUFFREDA"},"content":{"rendered":"\n<figure class=\"wp-block-image aligncenter size-full\"><img loading=\"lazy\" decoding=\"async\" width=\"338\" height=\"386\" src=\"https:\/\/managevirtually.sdu.edu.tr\/pt\/wp-content\/uploads\/sites\/7\/2024\/10\/image-16.png\" alt=\"\" class=\"wp-image-331\" srcset=\"https:\/\/managevirtually.sdu.edu.tr\/pt\/wp-content\/uploads\/sites\/7\/2024\/10\/image-16.png 338w, https:\/\/managevirtually.sdu.edu.tr\/pt\/wp-content\/uploads\/sites\/7\/2024\/10\/image-16-263x300.png 263w\" sizes=\"(max-width: 338px) 100vw, 338px\" \/><\/figure>\n\n\n\n<p>Raffaela Ciuffreda \u00e9 Professora Adjunta em Estat\u00edstica na Universidade de Estudos Internacionais de Rome, e Investigadora na \u00e1rea das Ferramentas Estat\u00edsticas para a Avalia\u00e7\u00e3o na Universidade de Sannio. Concluiu o seu Doutoramento em Estat\u00edstica pela Universidade de Sannio e, por experi\u00eancia pr\u00e9via, obteve duas bolsas de investiga\u00e7\u00e3o: a primeira em &#8220;Ferramentas Estat\u00edsticas para a Tomada de Decis\u00e3o&#8221; na Universidade de Sannio, e a segunda em \u201cDesenvolvimento de Modelos Estat\u00edsticos Lineares e N\u00e3o-lineares&#8221; pelo CNR. Foi estudante convidada na Universidade de Han\u00f3i, no Vietname, e na Universidade de Tecnologia de Zhongyuan na China. \u00c9 autora de artigos em revistas internacionais.<\/p>\n","protected":false},"excerpt":{"rendered":"<p>Raffaela Ciuffreda \u00e9 Professora Adjunta em Estat\u00edstica na Universidade de Estudos Internacionais de Rome, e Investigadora na \u00e1rea das Ferramentas Estat\u00edsticas para a Avalia\u00e7\u00e3o na Universidade de Sannio. Concluiu o seu Doutoramento em Estat\u00edstica pela Universidade de Sannio e, por experi\u00eancia pr\u00e9via, obteve duas bolsas de investiga\u00e7\u00e3o: a primeira em &#8220;Ferramentas Estat\u00edsticas para a Tomada [&hellip;]<\/p>\n","protected":false},"author":1,"featured_media":0,"parent":0,"menu_order":0,"comment_status":"closed","ping_status":"closed","template":"","meta":{"footnotes":""},"class_list":["post-330","page","type-page","status-publish","hentry"],"_links":{"self":[{"href":"https:\/\/managevirtually.sdu.edu.tr\/pt\/wp-json\/wp\/v2\/pages\/330"}],"collection":[{"href":"https:\/\/managevirtually.sdu.edu.tr\/pt\/wp-json\/wp\/v2\/pages"}],"about":[{"href":"https:\/\/managevirtually.sdu.edu.tr\/pt\/wp-json\/wp\/v2\/types\/page"}],"author":[{"embeddable":true,"href":"https:\/\/managevirtually.sdu.edu.tr\/pt\/wp-json\/wp\/v2\/users\/1"}],"replies":[{"embeddable":true,"href":"https:\/\/managevirtually.sdu.edu.tr\/pt\/wp-json\/wp\/v2\/comments?post=330"}],"version-history":[{"count":1,"href":"https:\/\/managevirtually.sdu.edu.tr\/pt\/wp-json\/wp\/v2\/pages\/330\/revisions"}],"predecessor-version":[{"id":471,"href":"https:\/\/managevirtually.sdu.edu.tr\/pt\/wp-json\/wp\/v2\/pages\/330\/revisions\/471"}],"wp:attachment":[{"href":"https:\/\/managevirtually.sdu.edu.tr\/pt\/wp-json\/wp\/v2\/media?parent=330"}],"curies":[{"name":"wp","href":"https:\/\/api.w.org\/{rel}","templated":true}]}}