{"id":327,"date":"2024-10-16T16:40:19","date_gmt":"2024-10-16T16:40:19","guid":{"rendered":"https:\/\/managevirtually.sdu.edu.tr\/?page_id=327"},"modified":"2025-01-15T21:52:23","modified_gmt":"2025-01-15T18:52:23","slug":"it-person1","status":"publish","type":"page","link":"https:\/\/managevirtually.sdu.edu.tr\/pt\/it-person1\/","title":{"rendered":"Professor Doutor Biagio SIMONETTI"},"content":{"rendered":"\n<figure class=\"wp-block-image aligncenter size-full\"><img loading=\"lazy\" decoding=\"async\" width=\"203\" height=\"304\" src=\"https:\/\/managevirtually.sdu.edu.tr\/pt\/wp-content\/uploads\/sites\/7\/2024\/10\/image-15.png\" alt=\"\" class=\"wp-image-328\" srcset=\"https:\/\/managevirtually.sdu.edu.tr\/pt\/wp-content\/uploads\/sites\/7\/2024\/10\/image-15.png 203w, https:\/\/managevirtually.sdu.edu.tr\/pt\/wp-content\/uploads\/sites\/7\/2024\/10\/image-15-200x300.png 200w\" sizes=\"(max-width: 203px) 100vw, 203px\" \/><\/figure>\n\n\n\n<p>Biagio Simonetti conclui o seu Doutoramento em Estat\u00edstica Computacional. \u00c9, atualmente, Professor Coordenador com agrega\u00e7\u00e3o na Universidade SB Merito em Gdansk (Pol\u00f3nia), e Professor Coordenador de Estat\u00edstica na Universidade de Sannio (It\u00e1lia). A sua linha prim\u00e1ria de investiga\u00e7\u00e3o explora M\u00e9todos de Estat\u00edstica Multivari\u00e1vel, com \u00eanfase na An\u00e1lise de Correspond\u00eancias, particularmente aplicada \u00e0 Avalia\u00e7\u00e3o de Satisfa\u00e7\u00e3o do Consumidor.<\/p>\n\n\n\n<p>Simonetti contribui ativamente para a organiza\u00e7\u00e3o e desenvolvimento do programa de confer\u00eancias-chave nos dom\u00ednios dos M\u00e9todos Multivari\u00e1veis e da Teoria da Decis\u00e3o. \u00c9 autor de mais de 80 artigos apresentados em confer\u00eancias e publicados em revistas de elevado impacto, tais como \u201cJournal of Multivariate Analysis\u201d, \u201cJournal of Applied Statistics\u201d, \u201cCommunication in Statistics \u2013 Theory and Methods\u201d, e \u201cJournal of Statistical Planning and Inference\u201d.<\/p>\n\n\n\n<p>Al\u00e9m da sua atividade docente, ele est\u00e1 profundamente envolvido nas rela\u00e7\u00f5es internacionais da Universidade de Sannio, sendo o representante do Reitor. A sua lideran\u00e7a estende-se \u00e0 mais vasta comunidade acad\u00e9mica, onde \u00e9 Secret\u00e1rio-Geral da Sociedade Italiana das Ci\u00eancias do Turismo (SISTUR), coordenando v\u00e1rios projetos internacionais que real\u00e7am os interc\u00e2mbios educativos e culturais, vitais para o crescimento acad\u00e9mico e para a colabora\u00e7\u00e3o internacional.<\/p>\n\n\n\n<p>Acrescendo \u00e0s suas contribui\u00e7\u00f5es profissionais, Simonetti \u00e9 Editor Associado das revistas \u201cQuality &amp; Quality Journal&#8221; e &#8220;Journal of Statistical Methods and Applications&#8221;. Estas atividades editoriais real\u00e7am os seus conhecimentos especializados, e o empenho no avan\u00e7o da investiga\u00e7\u00e3o e estudos no dom\u00ednio da estat\u00edstica.<\/p>\n\n\n\n<p><\/p>\n\n\n\n<p><\/p>\n\n\n\n<p><\/p>\n","protected":false},"excerpt":{"rendered":"<p>Biagio Simonetti conclui o seu Doutoramento em Estat\u00edstica Computacional. \u00c9, atualmente, Professor Coordenador com agrega\u00e7\u00e3o na Universidade SB Merito em Gdansk (Pol\u00f3nia), e Professor Coordenador de Estat\u00edstica na Universidade de Sannio (It\u00e1lia). A sua linha prim\u00e1ria de investiga\u00e7\u00e3o explora M\u00e9todos de Estat\u00edstica Multivari\u00e1vel, com \u00eanfase na An\u00e1lise de Correspond\u00eancias, particularmente aplicada \u00e0 Avalia\u00e7\u00e3o de Satisfa\u00e7\u00e3o [&hellip;]<\/p>\n","protected":false},"author":1,"featured_media":0,"parent":0,"menu_order":0,"comment_status":"closed","ping_status":"closed","template":"","meta":{"footnotes":""},"class_list":["post-327","page","type-page","status-publish","hentry"],"_links":{"self":[{"href":"https:\/\/managevirtually.sdu.edu.tr\/pt\/wp-json\/wp\/v2\/pages\/327"}],"collection":[{"href":"https:\/\/managevirtually.sdu.edu.tr\/pt\/wp-json\/wp\/v2\/pages"}],"about":[{"href":"https:\/\/managevirtually.sdu.edu.tr\/pt\/wp-json\/wp\/v2\/types\/page"}],"author":[{"embeddable":true,"href":"https:\/\/managevirtually.sdu.edu.tr\/pt\/wp-json\/wp\/v2\/users\/1"}],"replies":[{"embeddable":true,"href":"https:\/\/managevirtually.sdu.edu.tr\/pt\/wp-json\/wp\/v2\/comments?post=327"}],"version-history":[{"count":1,"href":"https:\/\/managevirtually.sdu.edu.tr\/pt\/wp-json\/wp\/v2\/pages\/327\/revisions"}],"predecessor-version":[{"id":470,"href":"https:\/\/managevirtually.sdu.edu.tr\/pt\/wp-json\/wp\/v2\/pages\/327\/revisions\/470"}],"wp:attachment":[{"href":"https:\/\/managevirtually.sdu.edu.tr\/pt\/wp-json\/wp\/v2\/media?parent=327"}],"curies":[{"name":"wp","href":"https:\/\/api.w.org\/{rel}","templated":true}]}}