{"id":323,"date":"2024-10-16T16:35:31","date_gmt":"2024-10-16T16:35:31","guid":{"rendered":"https:\/\/managevirtually.sdu.edu.tr\/?page_id=323"},"modified":"2025-01-15T22:21:30","modified_gmt":"2025-01-15T19:21:30","slug":"pt-person5","status":"publish","type":"page","link":"https:\/\/managevirtually.sdu.edu.tr\/pt\/pt-person5\/","title":{"rendered":"Doutoranda T\u00e2nia Catarina Vila\u00e7a TEIXEIRA"},"content":{"rendered":"\n<figure class=\"wp-block-image aligncenter size-full\"><img loading=\"lazy\" decoding=\"async\" width=\"284\" height=\"266\" src=\"https:\/\/managevirtually.sdu.edu.tr\/pt\/wp-content\/uploads\/sites\/7\/2024\/10\/image-14.png\" alt=\"\" class=\"wp-image-324\"\/><\/figure>\n\n\n\n<p>T\u00e2nia Catarina Vila\u00e7a Teixeira \u00e9 Doutoranda em Economia e Empresas (2024) na Universidade Aut\u00f3noma de Madrid, e concluiu o seu Mestrado em Auditoria (2023) e a sua Licenciatura em Contabilidade (2019) no Instituto Superior de Contabilidade e Administra\u00e7\u00e3o do Porto (ISCAP). \u00c9 Professora Adjunta no ISCAP, \u00e9 autora de v\u00e1rios artigos, e participou em eventos cient\u00edficos, semin\u00e1rios e workshops. Est\u00e1 envolvida na organiza\u00e7\u00e3o do evento de Ciberseguran\u00e7a, e orientou v\u00e1rias disserta\u00e7\u00f5es de Mestrado. \u00c9 diretora Executiva e Cofundadora de v\u00e1rias empresas, e \u00e9 analista em assuntos fiscais e financeiros.<\/p>\n","protected":false},"excerpt":{"rendered":"<p>T\u00e2nia Catarina Vila\u00e7a Teixeira \u00e9 Doutoranda em Economia e Empresas (2024) na Universidade Aut\u00f3noma de Madrid, e concluiu o seu Mestrado em Auditoria (2023) e a sua Licenciatura em Contabilidade (2019) no Instituto Superior de Contabilidade e Administra\u00e7\u00e3o do Porto (ISCAP). \u00c9 Professora Adjunta no ISCAP, \u00e9 autora de v\u00e1rios artigos, e participou em eventos [&hellip;]<\/p>\n","protected":false},"author":1,"featured_media":0,"parent":0,"menu_order":0,"comment_status":"closed","ping_status":"closed","template":"","meta":{"footnotes":""},"class_list":["post-323","page","type-page","status-publish","hentry"],"_links":{"self":[{"href":"https:\/\/managevirtually.sdu.edu.tr\/pt\/wp-json\/wp\/v2\/pages\/323"}],"collection":[{"href":"https:\/\/managevirtually.sdu.edu.tr\/pt\/wp-json\/wp\/v2\/pages"}],"about":[{"href":"https:\/\/managevirtually.sdu.edu.tr\/pt\/wp-json\/wp\/v2\/types\/page"}],"author":[{"embeddable":true,"href":"https:\/\/managevirtually.sdu.edu.tr\/pt\/wp-json\/wp\/v2\/users\/1"}],"replies":[{"embeddable":true,"href":"https:\/\/managevirtually.sdu.edu.tr\/pt\/wp-json\/wp\/v2\/comments?post=323"}],"version-history":[{"count":1,"href":"https:\/\/managevirtually.sdu.edu.tr\/pt\/wp-json\/wp\/v2\/pages\/323\/revisions"}],"predecessor-version":[{"id":495,"href":"https:\/\/managevirtually.sdu.edu.tr\/pt\/wp-json\/wp\/v2\/pages\/323\/revisions\/495"}],"wp:attachment":[{"href":"https:\/\/managevirtually.sdu.edu.tr\/pt\/wp-json\/wp\/v2\/media?parent=323"}],"curies":[{"name":"wp","href":"https:\/\/api.w.org\/{rel}","templated":true}]}}