{"id":320,"date":"2024-10-16T16:34:54","date_gmt":"2024-10-16T16:34:54","guid":{"rendered":"https:\/\/managevirtually.sdu.edu.tr\/?page_id=320"},"modified":"2025-01-15T22:20:44","modified_gmt":"2025-01-15T19:20:44","slug":"pt-person4","status":"publish","type":"page","link":"https:\/\/managevirtually.sdu.edu.tr\/pt\/pt-person4\/","title":{"rendered":"Professor Adjunto Adalmiro \u00c1lvaro Malheiro de Castro Andrade PEREIRA"},"content":{"rendered":"\n<figure class=\"wp-block-image aligncenter size-full\"><img loading=\"lazy\" decoding=\"async\" width=\"324\" height=\"306\" src=\"https:\/\/managevirtually.sdu.edu.tr\/pt\/wp-content\/uploads\/sites\/7\/2024\/10\/image-13.png\" alt=\"\" class=\"wp-image-321\" srcset=\"https:\/\/managevirtually.sdu.edu.tr\/pt\/wp-content\/uploads\/sites\/7\/2024\/10\/image-13.png 324w, https:\/\/managevirtually.sdu.edu.tr\/pt\/wp-content\/uploads\/sites\/7\/2024\/10\/image-13-300x283.png 300w\" sizes=\"(max-width: 324px) 100vw, 324px\" \/><\/figure>\n\n\n\n<p>Adalmiro \u00c1lvaro Malheiro de Castro Andrade PEREIRA. Concluiu o seu Doutoramento em Gest\u00e3o (2015) na Universidade Portucalense, o seu Mestrado em Finan\u00e7as (2002) na Faculdade de Economia da Universidade do Porto, e a sua Licenciatura em Gest\u00e3o (1995) na Universidade Cat\u00f3lica do Porto. \u00c9 Professor Adjunto no Instituto Superior de Contabilidade e Administra\u00e7\u00e3o do Porto. \u00c9 autor de v\u00e1rios artigos e de v\u00e1rios livros. Participa em eventos cient\u00edficos, semin\u00e1rios e workshops, e \u00e9 respons\u00e1vel pela organiza\u00e7\u00e3o do evento de Ciberseguran\u00e7a, a par de v\u00e1rios outros. J\u00e1 orientou v\u00e1rias disserta\u00e7\u00f5es de Mestrado. \u00c9, ainda, Diretor Executivo e Cofundador de v\u00e1rias empresas, e \u00e9 analista em assuntos fiscais e financeiros. \u00c9 contabilista e economista certificado.<\/p>\n","protected":false},"excerpt":{"rendered":"<p>Adalmiro \u00c1lvaro Malheiro de Castro Andrade PEREIRA. Concluiu o seu Doutoramento em Gest\u00e3o (2015) na Universidade Portucalense, o seu Mestrado em Finan\u00e7as (2002) na Faculdade de Economia da Universidade do Porto, e a sua Licenciatura em Gest\u00e3o (1995) na Universidade Cat\u00f3lica do Porto. \u00c9 Professor Adjunto no Instituto Superior de Contabilidade e Administra\u00e7\u00e3o do Porto. [&hellip;]<\/p>\n","protected":false},"author":1,"featured_media":0,"parent":0,"menu_order":0,"comment_status":"closed","ping_status":"closed","template":"","meta":{"footnotes":""},"class_list":["post-320","page","type-page","status-publish","hentry"],"_links":{"self":[{"href":"https:\/\/managevirtually.sdu.edu.tr\/pt\/wp-json\/wp\/v2\/pages\/320"}],"collection":[{"href":"https:\/\/managevirtually.sdu.edu.tr\/pt\/wp-json\/wp\/v2\/pages"}],"about":[{"href":"https:\/\/managevirtually.sdu.edu.tr\/pt\/wp-json\/wp\/v2\/types\/page"}],"author":[{"embeddable":true,"href":"https:\/\/managevirtually.sdu.edu.tr\/pt\/wp-json\/wp\/v2\/users\/1"}],"replies":[{"embeddable":true,"href":"https:\/\/managevirtually.sdu.edu.tr\/pt\/wp-json\/wp\/v2\/comments?post=320"}],"version-history":[{"count":1,"href":"https:\/\/managevirtually.sdu.edu.tr\/pt\/wp-json\/wp\/v2\/pages\/320\/revisions"}],"predecessor-version":[{"id":494,"href":"https:\/\/managevirtually.sdu.edu.tr\/pt\/wp-json\/wp\/v2\/pages\/320\/revisions\/494"}],"wp:attachment":[{"href":"https:\/\/managevirtually.sdu.edu.tr\/pt\/wp-json\/wp\/v2\/media?parent=320"}],"curies":[{"name":"wp","href":"https:\/\/api.w.org\/{rel}","templated":true}]}}