{"id":316,"date":"2024-10-16T16:33:24","date_gmt":"2024-10-16T16:33:24","guid":{"rendered":"https:\/\/managevirtually.sdu.edu.tr\/?page_id=316"},"modified":"2025-01-15T22:20:16","modified_gmt":"2025-01-15T19:20:16","slug":"pt-person3","status":"publish","type":"page","link":"https:\/\/managevirtually.sdu.edu.tr\/pt\/pt-person3\/","title":{"rendered":"Professora Adjunta Paula CARVALHO"},"content":{"rendered":"\n<figure class=\"wp-block-image aligncenter size-full\"><img loading=\"lazy\" decoding=\"async\" width=\"294\" height=\"295\" src=\"https:\/\/managevirtually.sdu.edu.tr\/pt\/wp-content\/uploads\/sites\/7\/2024\/10\/image-12.png\" alt=\"\" class=\"wp-image-317\" srcset=\"https:\/\/managevirtually.sdu.edu.tr\/pt\/wp-content\/uploads\/sites\/7\/2024\/10\/image-12.png 294w, https:\/\/managevirtually.sdu.edu.tr\/pt\/wp-content\/uploads\/sites\/7\/2024\/10\/image-12-150x150.png 150w\" sizes=\"(max-width: 294px) 100vw, 294px\" \/><\/figure>\n\n\n\n<p>Paula Carvalho \u00e9 gestora de projetos no ISCAP desde 2010, onde geriu administrativa e financeiramente aproximadamente 80 projetos no \u00e2mbito de v\u00e1rios quadros e programas.<\/p>\n\n\n\n<p>\u00c9 Professora Adjunta Convidada, lecionando nas \u00e1reas de Tradu\u00e7\u00e3o e L\u00edngua e Cultura Inglesa. Em 2021 recebeu o t\u00edtulo de Especialista com a apresenta\u00e7\u00e3o do trabalho intitulado \u201cConsidera\u00e7\u00f5es sobre a crescente relev\u00e2ncia das compet\u00eancias t\u00e9cnicas no trabalho do tradutor: localiza\u00e7\u00e3o de Conte\u00fado Digital\u201d.<\/p>\n\n\n\n<p>Esteve tamb\u00e9m envolvida no desenvolvimento e tradu\u00e7\u00e3o de v\u00e1rios resultados de Parcerias Estrat\u00e9gicas. Al\u00e9m disso, \u00e9 tradutora e legendadora independente, tem uma Licenciatura em Tradu\u00e7\u00e3o e Interpreta\u00e7\u00e3o Especializas, uma p\u00f3s-gradua\u00e7\u00e3o em Tradu\u00e7\u00e3o Assistida por Computador, e um Mestrado em Multim\u00e9dia.<\/p>\n\n\n\n<p><\/p>\n","protected":false},"excerpt":{"rendered":"<p>Paula Carvalho \u00e9 gestora de projetos no ISCAP desde 2010, onde geriu administrativa e financeiramente aproximadamente 80 projetos no \u00e2mbito de v\u00e1rios quadros e programas. \u00c9 Professora Adjunta Convidada, lecionando nas \u00e1reas de Tradu\u00e7\u00e3o e L\u00edngua e Cultura Inglesa. Em 2021 recebeu o t\u00edtulo de Especialista com a apresenta\u00e7\u00e3o do trabalho intitulado \u201cConsidera\u00e7\u00f5es sobre a [&hellip;]<\/p>\n","protected":false},"author":1,"featured_media":0,"parent":0,"menu_order":0,"comment_status":"closed","ping_status":"closed","template":"","meta":{"footnotes":""},"class_list":["post-316","page","type-page","status-publish","hentry"],"_links":{"self":[{"href":"https:\/\/managevirtually.sdu.edu.tr\/pt\/wp-json\/wp\/v2\/pages\/316"}],"collection":[{"href":"https:\/\/managevirtually.sdu.edu.tr\/pt\/wp-json\/wp\/v2\/pages"}],"about":[{"href":"https:\/\/managevirtually.sdu.edu.tr\/pt\/wp-json\/wp\/v2\/types\/page"}],"author":[{"embeddable":true,"href":"https:\/\/managevirtually.sdu.edu.tr\/pt\/wp-json\/wp\/v2\/users\/1"}],"replies":[{"embeddable":true,"href":"https:\/\/managevirtually.sdu.edu.tr\/pt\/wp-json\/wp\/v2\/comments?post=316"}],"version-history":[{"count":1,"href":"https:\/\/managevirtually.sdu.edu.tr\/pt\/wp-json\/wp\/v2\/pages\/316\/revisions"}],"predecessor-version":[{"id":493,"href":"https:\/\/managevirtually.sdu.edu.tr\/pt\/wp-json\/wp\/v2\/pages\/316\/revisions\/493"}],"wp:attachment":[{"href":"https:\/\/managevirtually.sdu.edu.tr\/pt\/wp-json\/wp\/v2\/media?parent=316"}],"curies":[{"name":"wp","href":"https:\/\/api.w.org\/{rel}","templated":true}]}}