{"id":313,"date":"2024-10-16T16:32:37","date_gmt":"2024-10-16T16:32:37","guid":{"rendered":"https:\/\/managevirtually.sdu.edu.tr\/?page_id=313"},"modified":"2025-01-15T22:19:18","modified_gmt":"2025-01-15T19:19:18","slug":"pt-person2","status":"publish","type":"page","link":"https:\/\/managevirtually.sdu.edu.tr\/pt\/pt-person2\/","title":{"rendered":"Professora Adjunta Maria Am\u00e9lia CARVALHO"},"content":{"rendered":"\n<figure class=\"wp-block-image aligncenter size-full\"><img loading=\"lazy\" decoding=\"async\" width=\"241\" height=\"308\" src=\"https:\/\/managevirtually.sdu.edu.tr\/pt\/wp-content\/uploads\/sites\/7\/2024\/10\/image-11.png\" alt=\"\" class=\"wp-image-314\" srcset=\"https:\/\/managevirtually.sdu.edu.tr\/pt\/wp-content\/uploads\/sites\/7\/2024\/10\/image-11.png 241w, https:\/\/managevirtually.sdu.edu.tr\/pt\/wp-content\/uploads\/sites\/7\/2024\/10\/image-11-235x300.png 235w\" sizes=\"(max-width: 241px) 100vw, 241px\" \/><\/figure>\n\n\n\n<p>Maria Am\u00e9lia Carvalho concluiu o seu em Estudos Empresariais e de Gest\u00e3o, com especializa\u00e7\u00e3o em Marketing e Estrat\u00e9gia, na Faculdade de Economia (FEP) da Universidade do Porto (2017). Concluiu o seu Mestrado em Economia e Gest\u00e3o das Cidades (2012) e a sua Licenciatura em Economia (2010), ambas na mesma institui\u00e7\u00e3o. \u00c9, atualmente, Professora Adjunta no ISCAP, Polit\u00e9cnico do Porto, e membro associado do centro de investiga\u00e7\u00e3o CEOS.PP. Publicou artigos em revistas como Journal of Marketing Theory and Practice e Journal of Hospitality and Tourism Insights, entre outras. Editou livros acad\u00e9micos indexados \u00e0 SCOPUS, e \u00e9 revisora em v\u00e1rias revistas acad\u00e9micas.<\/p>\n","protected":false},"excerpt":{"rendered":"<p>Maria Am\u00e9lia Carvalho concluiu o seu em Estudos Empresariais e de Gest\u00e3o, com especializa\u00e7\u00e3o em Marketing e Estrat\u00e9gia, na Faculdade de Economia (FEP) da Universidade do Porto (2017). Concluiu o seu Mestrado em Economia e Gest\u00e3o das Cidades (2012) e a sua Licenciatura em Economia (2010), ambas na mesma institui\u00e7\u00e3o. \u00c9, atualmente, Professora Adjunta no [&hellip;]<\/p>\n","protected":false},"author":1,"featured_media":0,"parent":0,"menu_order":0,"comment_status":"closed","ping_status":"closed","template":"","meta":{"footnotes":""},"class_list":["post-313","page","type-page","status-publish","hentry"],"_links":{"self":[{"href":"https:\/\/managevirtually.sdu.edu.tr\/pt\/wp-json\/wp\/v2\/pages\/313"}],"collection":[{"href":"https:\/\/managevirtually.sdu.edu.tr\/pt\/wp-json\/wp\/v2\/pages"}],"about":[{"href":"https:\/\/managevirtually.sdu.edu.tr\/pt\/wp-json\/wp\/v2\/types\/page"}],"author":[{"embeddable":true,"href":"https:\/\/managevirtually.sdu.edu.tr\/pt\/wp-json\/wp\/v2\/users\/1"}],"replies":[{"embeddable":true,"href":"https:\/\/managevirtually.sdu.edu.tr\/pt\/wp-json\/wp\/v2\/comments?post=313"}],"version-history":[{"count":1,"href":"https:\/\/managevirtually.sdu.edu.tr\/pt\/wp-json\/wp\/v2\/pages\/313\/revisions"}],"predecessor-version":[{"id":492,"href":"https:\/\/managevirtually.sdu.edu.tr\/pt\/wp-json\/wp\/v2\/pages\/313\/revisions\/492"}],"wp:attachment":[{"href":"https:\/\/managevirtually.sdu.edu.tr\/pt\/wp-json\/wp\/v2\/media?parent=313"}],"curies":[{"name":"wp","href":"https:\/\/api.w.org\/{rel}","templated":true}]}}