{"id":310,"date":"2024-10-16T16:31:53","date_gmt":"2024-10-16T16:31:53","guid":{"rendered":"https:\/\/managevirtually.sdu.edu.tr\/?page_id=310"},"modified":"2025-01-15T22:18:21","modified_gmt":"2025-01-15T19:18:21","slug":"pt-person1","status":"publish","type":"page","link":"https:\/\/managevirtually.sdu.edu.tr\/pt\/pt-person1\/","title":{"rendered":"Professora Adjunta Maria Ant\u00f3nia Gon\u00e7alves RODRIGUES"},"content":{"rendered":"\n<figure class=\"wp-block-image aligncenter size-full\"><img loading=\"lazy\" decoding=\"async\" width=\"301\" height=\"301\" src=\"https:\/\/managevirtually.sdu.edu.tr\/pt\/wp-content\/uploads\/sites\/7\/2024\/10\/image-10.png\" alt=\"\" class=\"wp-image-311\" srcset=\"https:\/\/managevirtually.sdu.edu.tr\/pt\/wp-content\/uploads\/sites\/7\/2024\/10\/image-10.png 301w, https:\/\/managevirtually.sdu.edu.tr\/pt\/wp-content\/uploads\/sites\/7\/2024\/10\/image-10-150x150.png 150w\" sizes=\"(max-width: 301px) 100vw, 301px\" \/><\/figure>\n\n\n\n<p>Maria Ant\u00f3nia Gon\u00e7alves Rodrigues concluiu o seu Doutoramento em Comunica\u00e7\u00e3o\/Marketing na Universidade de Vigo, concluiu o Mestrado em Marketing na Universidade do Porto, e tem duas licenciaturas, uma em Marketing e uma em Com\u00e9rcio Internacional, ambas conclu\u00eddas no ISCAP, Polit\u00e9cnico do Porto. \u00c9 Professora Adjunta no ISCAP, onde \u00e9 tamb\u00e9m membro dos Conselhos Cient\u00edfico e Consultivo, e Diretora do curso de licenciatura de Marketing. \u00c9 autora de v\u00e1rios artigos e de 3 livros indexados na SCOPUS e na WoS. Recebeu dois pr\u00e9mios e trabalha em Ci\u00eancias Sociais com um foco nos neg\u00f3cios, em servi\u00e7os, em comportamento do consumidor, e em Marketing. Orientou, ainda, v\u00e1rias disserta\u00e7\u00f5es de Mestrado, e organiza e participa em v\u00e1rios eventos cient\u00edficos, semin\u00e1rios e workshops.<\/p>\n","protected":false},"excerpt":{"rendered":"<p>Maria Ant\u00f3nia Gon\u00e7alves Rodrigues concluiu o seu Doutoramento em Comunica\u00e7\u00e3o\/Marketing na Universidade de Vigo, concluiu o Mestrado em Marketing na Universidade do Porto, e tem duas licenciaturas, uma em Marketing e uma em Com\u00e9rcio Internacional, ambas conclu\u00eddas no ISCAP, Polit\u00e9cnico do Porto. \u00c9 Professora Adjunta no ISCAP, onde \u00e9 tamb\u00e9m membro dos Conselhos Cient\u00edfico e [&hellip;]<\/p>\n","protected":false},"author":1,"featured_media":0,"parent":0,"menu_order":0,"comment_status":"closed","ping_status":"closed","template":"","meta":{"footnotes":""},"class_list":["post-310","page","type-page","status-publish","hentry"],"_links":{"self":[{"href":"https:\/\/managevirtually.sdu.edu.tr\/pt\/wp-json\/wp\/v2\/pages\/310"}],"collection":[{"href":"https:\/\/managevirtually.sdu.edu.tr\/pt\/wp-json\/wp\/v2\/pages"}],"about":[{"href":"https:\/\/managevirtually.sdu.edu.tr\/pt\/wp-json\/wp\/v2\/types\/page"}],"author":[{"embeddable":true,"href":"https:\/\/managevirtually.sdu.edu.tr\/pt\/wp-json\/wp\/v2\/users\/1"}],"replies":[{"embeddable":true,"href":"https:\/\/managevirtually.sdu.edu.tr\/pt\/wp-json\/wp\/v2\/comments?post=310"}],"version-history":[{"count":1,"href":"https:\/\/managevirtually.sdu.edu.tr\/pt\/wp-json\/wp\/v2\/pages\/310\/revisions"}],"predecessor-version":[{"id":491,"href":"https:\/\/managevirtually.sdu.edu.tr\/pt\/wp-json\/wp\/v2\/pages\/310\/revisions\/491"}],"wp:attachment":[{"href":"https:\/\/managevirtually.sdu.edu.tr\/pt\/wp-json\/wp\/v2\/media?parent=310"}],"curies":[{"name":"wp","href":"https:\/\/api.w.org\/{rel}","templated":true}]}}