{"id":306,"date":"2024-10-16T16:28:23","date_gmt":"2024-10-16T16:28:23","guid":{"rendered":"https:\/\/managevirtually.sdu.edu.tr\/?page_id=306"},"modified":"2025-01-15T21:48:17","modified_gmt":"2025-01-15T18:48:17","slug":"tr-person9","status":"publish","type":"page","link":"https:\/\/managevirtually.sdu.edu.tr\/pt\/tr-person9\/","title":{"rendered":"Professor Ziya D\u0130RL\u0130K"},"content":{"rendered":"\n<figure class=\"wp-block-image aligncenter size-full\"><img loading=\"lazy\" decoding=\"async\" width=\"329\" height=\"219\" src=\"https:\/\/managevirtually.sdu.edu.tr\/pt\/wp-content\/uploads\/sites\/7\/2024\/10\/image-9.png\" alt=\"\" class=\"wp-image-307\" srcset=\"https:\/\/managevirtually.sdu.edu.tr\/pt\/wp-content\/uploads\/sites\/7\/2024\/10\/image-9.png 329w, https:\/\/managevirtually.sdu.edu.tr\/pt\/wp-content\/uploads\/sites\/7\/2024\/10\/image-9-300x200.png 300w\" sizes=\"(max-width: 329px) 100vw, 329px\" \/><\/figure>\n\n\n\n<p>Ziya D\u0130RL\u0130K licenciou-se pela Universidade S\u00fcleyman Demirel em 2013. Est\u00e1, atualmente, a trabalhar no seu Doutoramento no Departamento de Engenharia Inform\u00e1tica da Universidade S\u00fcleyman Demirel. Trabalhou no desenvolvimento de software na Universidade S\u00fcleyman Demirel entre 2014 e 2019. \u00c9 docente na Universidade de Ci\u00eancias Aplicadas de Esparta desde 2019, onde leciona cursos na \u00e1rea das Ci\u00eancias da Computa\u00e7\u00e3o.<\/p>\n","protected":false},"excerpt":{"rendered":"<p>Ziya D\u0130RL\u0130K licenciou-se pela Universidade S\u00fcleyman Demirel em 2013. Est\u00e1, atualmente, a trabalhar no seu Doutoramento no Departamento de Engenharia Inform\u00e1tica da Universidade S\u00fcleyman Demirel. Trabalhou no desenvolvimento de software na Universidade S\u00fcleyman Demirel entre 2014 e 2019. \u00c9 docente na Universidade de Ci\u00eancias Aplicadas de Esparta desde 2019, onde leciona cursos na \u00e1rea das [&hellip;]<\/p>\n","protected":false},"author":1,"featured_media":0,"parent":0,"menu_order":0,"comment_status":"closed","ping_status":"closed","template":"","meta":{"footnotes":""},"class_list":["post-306","page","type-page","status-publish","hentry"],"_links":{"self":[{"href":"https:\/\/managevirtually.sdu.edu.tr\/pt\/wp-json\/wp\/v2\/pages\/306"}],"collection":[{"href":"https:\/\/managevirtually.sdu.edu.tr\/pt\/wp-json\/wp\/v2\/pages"}],"about":[{"href":"https:\/\/managevirtually.sdu.edu.tr\/pt\/wp-json\/wp\/v2\/types\/page"}],"author":[{"embeddable":true,"href":"https:\/\/managevirtually.sdu.edu.tr\/pt\/wp-json\/wp\/v2\/users\/1"}],"replies":[{"embeddable":true,"href":"https:\/\/managevirtually.sdu.edu.tr\/pt\/wp-json\/wp\/v2\/comments?post=306"}],"version-history":[{"count":1,"href":"https:\/\/managevirtually.sdu.edu.tr\/pt\/wp-json\/wp\/v2\/pages\/306\/revisions"}],"predecessor-version":[{"id":468,"href":"https:\/\/managevirtually.sdu.edu.tr\/pt\/wp-json\/wp\/v2\/pages\/306\/revisions\/468"}],"wp:attachment":[{"href":"https:\/\/managevirtually.sdu.edu.tr\/pt\/wp-json\/wp\/v2\/media?parent=306"}],"curies":[{"name":"wp","href":"https:\/\/api.w.org\/{rel}","templated":true}]}}