{"id":303,"date":"2024-10-16T16:27:44","date_gmt":"2024-10-16T16:27:44","guid":{"rendered":"https:\/\/managevirtually.sdu.edu.tr\/?page_id=303"},"modified":"2025-01-15T21:47:28","modified_gmt":"2025-01-15T18:47:28","slug":"tr-person8","status":"publish","type":"page","link":"https:\/\/managevirtually.sdu.edu.tr\/pt\/tr-person8\/","title":{"rendered":"Assistente de Investiga\u00e7\u00e3o Mehmet MAZAK"},"content":{"rendered":"\n<figure class=\"wp-block-image aligncenter size-full\"><img loading=\"lazy\" decoding=\"async\" width=\"358\" height=\"239\" src=\"https:\/\/managevirtually.sdu.edu.tr\/pt\/wp-content\/uploads\/sites\/7\/2024\/10\/image-8.png\" alt=\"\" class=\"wp-image-304\" srcset=\"https:\/\/managevirtually.sdu.edu.tr\/pt\/wp-content\/uploads\/sites\/7\/2024\/10\/image-8.png 358w, https:\/\/managevirtually.sdu.edu.tr\/pt\/wp-content\/uploads\/sites\/7\/2024\/10\/image-8-300x200.png 300w\" sizes=\"(max-width: 358px) 100vw, 358px\" \/><\/figure>\n\n\n\n<p>Mehmet Mazak licenciou-se em Economia pela Universidade de Economia e Tecnologia TOBB em 2016. Na prossecu\u00e7\u00e3o de atividades em gest\u00e3o de projetos e consultoria de exporta\u00e7\u00e3o no setor privado, iniciou o seu Mestrado em Finan\u00e7as pela Universidade S\u00fcleyman Demirel. Simultaneamente, em 2019, come\u00e7ou a trabalhar como assistente de investiga\u00e7\u00e3o no Departamento de Banca e Finan\u00e7as. Est\u00e1, atualmente, a trabalhar no seu Doutoramento na sua \u00e1rea de investiga\u00e7\u00e3o prim\u00e1ria, incluindo Finan\u00e7as Quantitativas, Avalia\u00e7\u00e3o de Ativos, e a aplica\u00e7\u00e3o de algoritmos de Machine Learning em mercados financeiros.<\/p>\n","protected":false},"excerpt":{"rendered":"<p>Mehmet Mazak licenciou-se em Economia pela Universidade de Economia e Tecnologia TOBB em 2016. Na prossecu\u00e7\u00e3o de atividades em gest\u00e3o de projetos e consultoria de exporta\u00e7\u00e3o no setor privado, iniciou o seu Mestrado em Finan\u00e7as pela Universidade S\u00fcleyman Demirel. Simultaneamente, em 2019, come\u00e7ou a trabalhar como assistente de investiga\u00e7\u00e3o no Departamento de Banca e Finan\u00e7as. [&hellip;]<\/p>\n","protected":false},"author":1,"featured_media":0,"parent":0,"menu_order":0,"comment_status":"closed","ping_status":"closed","template":"","meta":{"footnotes":""},"class_list":["post-303","page","type-page","status-publish","hentry"],"_links":{"self":[{"href":"https:\/\/managevirtually.sdu.edu.tr\/pt\/wp-json\/wp\/v2\/pages\/303"}],"collection":[{"href":"https:\/\/managevirtually.sdu.edu.tr\/pt\/wp-json\/wp\/v2\/pages"}],"about":[{"href":"https:\/\/managevirtually.sdu.edu.tr\/pt\/wp-json\/wp\/v2\/types\/page"}],"author":[{"embeddable":true,"href":"https:\/\/managevirtually.sdu.edu.tr\/pt\/wp-json\/wp\/v2\/users\/1"}],"replies":[{"embeddable":true,"href":"https:\/\/managevirtually.sdu.edu.tr\/pt\/wp-json\/wp\/v2\/comments?post=303"}],"version-history":[{"count":1,"href":"https:\/\/managevirtually.sdu.edu.tr\/pt\/wp-json\/wp\/v2\/pages\/303\/revisions"}],"predecessor-version":[{"id":467,"href":"https:\/\/managevirtually.sdu.edu.tr\/pt\/wp-json\/wp\/v2\/pages\/303\/revisions\/467"}],"wp:attachment":[{"href":"https:\/\/managevirtually.sdu.edu.tr\/pt\/wp-json\/wp\/v2\/media?parent=303"}],"curies":[{"name":"wp","href":"https:\/\/api.w.org\/{rel}","templated":true}]}}