{"id":300,"date":"2024-10-16T16:27:02","date_gmt":"2024-10-16T16:27:02","guid":{"rendered":"https:\/\/managevirtually.sdu.edu.tr\/?page_id=300"},"modified":"2025-01-15T21:46:53","modified_gmt":"2025-01-15T18:46:53","slug":"tr-person7","status":"publish","type":"page","link":"https:\/\/managevirtually.sdu.edu.tr\/pt\/tr-person7\/","title":{"rendered":"Professor Adjunto Turgay AYDO\u011eAN"},"content":{"rendered":"\n<figure class=\"wp-block-image aligncenter size-full\"><img loading=\"lazy\" decoding=\"async\" width=\"388\" height=\"259\" src=\"https:\/\/managevirtually.sdu.edu.tr\/pt\/wp-content\/uploads\/sites\/7\/2024\/10\/image-7.png\" alt=\"\" class=\"wp-image-301\" srcset=\"https:\/\/managevirtually.sdu.edu.tr\/pt\/wp-content\/uploads\/sites\/7\/2024\/10\/image-7.png 388w, https:\/\/managevirtually.sdu.edu.tr\/pt\/wp-content\/uploads\/sites\/7\/2024\/10\/image-7-300x200.png 300w\" sizes=\"(max-width: 388px) 100vw, 388px\" \/><\/figure>\n\n\n\n<p>Turgay Aydogan licenciou-se pelo Departamento de Educa\u00e7\u00e3o de Eletr\u00f3nica e Inform\u00e1tica da Universidade S\u00fcleyman Demirel em 2005. Concluiu o seu Mestrado na Universidade S\u00fcleyman Demirel University em 2008, e o seu Doutoramento na Universidade Sakarya em 2016. Leciona, como Professor Adjunto, no Departamento de Engenharia Inform\u00e1tica da Faculdade de Engenharia e Ci\u00eancias Naturais desde 2017. Tem lecionado Linguagens de Programa\u00e7\u00e3o e Programa\u00e7\u00e3o de Sistemas Integrados.<\/p>\n","protected":false},"excerpt":{"rendered":"<p>Turgay Aydogan licenciou-se pelo Departamento de Educa\u00e7\u00e3o de Eletr\u00f3nica e Inform\u00e1tica da Universidade S\u00fcleyman Demirel em 2005. Concluiu o seu Mestrado na Universidade S\u00fcleyman Demirel University em 2008, e o seu Doutoramento na Universidade Sakarya em 2016. Leciona, como Professor Adjunto, no Departamento de Engenharia Inform\u00e1tica da Faculdade de Engenharia e Ci\u00eancias Naturais desde 2017. [&hellip;]<\/p>\n","protected":false},"author":1,"featured_media":0,"parent":0,"menu_order":0,"comment_status":"closed","ping_status":"closed","template":"","meta":{"footnotes":""},"class_list":["post-300","page","type-page","status-publish","hentry"],"_links":{"self":[{"href":"https:\/\/managevirtually.sdu.edu.tr\/pt\/wp-json\/wp\/v2\/pages\/300"}],"collection":[{"href":"https:\/\/managevirtually.sdu.edu.tr\/pt\/wp-json\/wp\/v2\/pages"}],"about":[{"href":"https:\/\/managevirtually.sdu.edu.tr\/pt\/wp-json\/wp\/v2\/types\/page"}],"author":[{"embeddable":true,"href":"https:\/\/managevirtually.sdu.edu.tr\/pt\/wp-json\/wp\/v2\/users\/1"}],"replies":[{"embeddable":true,"href":"https:\/\/managevirtually.sdu.edu.tr\/pt\/wp-json\/wp\/v2\/comments?post=300"}],"version-history":[{"count":1,"href":"https:\/\/managevirtually.sdu.edu.tr\/pt\/wp-json\/wp\/v2\/pages\/300\/revisions"}],"predecessor-version":[{"id":466,"href":"https:\/\/managevirtually.sdu.edu.tr\/pt\/wp-json\/wp\/v2\/pages\/300\/revisions\/466"}],"wp:attachment":[{"href":"https:\/\/managevirtually.sdu.edu.tr\/pt\/wp-json\/wp\/v2\/media?parent=300"}],"curies":[{"name":"wp","href":"https:\/\/api.w.org\/{rel}","templated":true}]}}