{"id":294,"date":"2024-10-16T16:25:10","date_gmt":"2024-10-16T16:25:10","guid":{"rendered":"https:\/\/managevirtually.sdu.edu.tr\/?page_id=294"},"modified":"2025-01-15T21:45:43","modified_gmt":"2025-01-15T18:45:43","slug":"tr-person5","status":"publish","type":"page","link":"https:\/\/managevirtually.sdu.edu.tr\/pt\/tr-person5\/","title":{"rendered":"Professora Doutora G\u00fclay BULGAN"},"content":{"rendered":"\n<figure class=\"wp-block-image aligncenter size-full\"><img loading=\"lazy\" decoding=\"async\" width=\"369\" height=\"246\" src=\"https:\/\/managevirtually.sdu.edu.tr\/pt\/wp-content\/uploads\/sites\/7\/2024\/10\/image-5.png\" alt=\"\" class=\"wp-image-295\" srcset=\"https:\/\/managevirtually.sdu.edu.tr\/pt\/wp-content\/uploads\/sites\/7\/2024\/10\/image-5.png 369w, https:\/\/managevirtually.sdu.edu.tr\/pt\/wp-content\/uploads\/sites\/7\/2024\/10\/image-5-300x200.png 300w\" sizes=\"(max-width: 369px) 100vw, 369px\" \/><\/figure>\n\n\n\n<p>Trabalha na Universidade S\u00fcleyman Demirel, na Turquia, desde 2008. Licenciou-se em Turismo, e concluiu o Mestrado em Gest\u00e3o de Turismo na Universidade Balikesir (Turquia) em 2005, e na Universidade Afyon Kocatepe em 2010, respetivamente. Concluiu o seu Doutoramento em Gest\u00e3o de Empresas na Universidade S\u00fcleyman Demirel em 2014. G\u00fclay Bulgan tem experi\u00eancia em projetos nacionais e internacionais, e as suas \u00e1reas de especialidade s\u00e3o Turismo de Acessibilidade, Turismo Alternativo, Gest\u00e3o de Hotelaria e Economia de Turismo.<\/p>\n","protected":false},"excerpt":{"rendered":"<p>Trabalha na Universidade S\u00fcleyman Demirel, na Turquia, desde 2008. Licenciou-se em Turismo, e concluiu o Mestrado em Gest\u00e3o de Turismo na Universidade Balikesir (Turquia) em 2005, e na Universidade Afyon Kocatepe em 2010, respetivamente. Concluiu o seu Doutoramento em Gest\u00e3o de Empresas na Universidade S\u00fcleyman Demirel em 2014. G\u00fclay Bulgan tem experi\u00eancia em projetos nacionais [&hellip;]<\/p>\n","protected":false},"author":1,"featured_media":0,"parent":0,"menu_order":0,"comment_status":"closed","ping_status":"closed","template":"","meta":{"footnotes":""},"class_list":["post-294","page","type-page","status-publish","hentry"],"_links":{"self":[{"href":"https:\/\/managevirtually.sdu.edu.tr\/pt\/wp-json\/wp\/v2\/pages\/294"}],"collection":[{"href":"https:\/\/managevirtually.sdu.edu.tr\/pt\/wp-json\/wp\/v2\/pages"}],"about":[{"href":"https:\/\/managevirtually.sdu.edu.tr\/pt\/wp-json\/wp\/v2\/types\/page"}],"author":[{"embeddable":true,"href":"https:\/\/managevirtually.sdu.edu.tr\/pt\/wp-json\/wp\/v2\/users\/1"}],"replies":[{"embeddable":true,"href":"https:\/\/managevirtually.sdu.edu.tr\/pt\/wp-json\/wp\/v2\/comments?post=294"}],"version-history":[{"count":1,"href":"https:\/\/managevirtually.sdu.edu.tr\/pt\/wp-json\/wp\/v2\/pages\/294\/revisions"}],"predecessor-version":[{"id":464,"href":"https:\/\/managevirtually.sdu.edu.tr\/pt\/wp-json\/wp\/v2\/pages\/294\/revisions\/464"}],"wp:attachment":[{"href":"https:\/\/managevirtually.sdu.edu.tr\/pt\/wp-json\/wp\/v2\/media?parent=294"}],"curies":[{"name":"wp","href":"https:\/\/api.w.org\/{rel}","templated":true}]}}