{"id":291,"date":"2024-10-16T16:24:35","date_gmt":"2024-10-16T16:24:35","guid":{"rendered":"https:\/\/managevirtually.sdu.edu.tr\/?page_id=291"},"modified":"2025-01-15T21:44:42","modified_gmt":"2025-01-15T18:44:42","slug":"tr-person4","status":"publish","type":"page","link":"https:\/\/managevirtually.sdu.edu.tr\/pt\/tr-person4\/","title":{"rendered":"Professora Doutora Burcu ASLANTA\u015e ATE\u015e"},"content":{"rendered":"\n<figure class=\"wp-block-image aligncenter size-full\"><img loading=\"lazy\" decoding=\"async\" width=\"328\" height=\"219\" src=\"https:\/\/managevirtually.sdu.edu.tr\/pt\/wp-content\/uploads\/sites\/7\/2024\/10\/image-4.png\" alt=\"\" class=\"wp-image-292\" srcset=\"https:\/\/managevirtually.sdu.edu.tr\/pt\/wp-content\/uploads\/sites\/7\/2024\/10\/image-4.png 328w, https:\/\/managevirtually.sdu.edu.tr\/pt\/wp-content\/uploads\/sites\/7\/2024\/10\/image-4-300x200.png 300w\" sizes=\"(max-width: 328px) 100vw, 328px\" \/><\/figure>\n\n\n\n<p>Burcu Aslanta\u015f Ate\u015f licenciou-se na Universidade Anadolu, Departamento de Gest\u00e3o de Empresas, em 2000, concluiu o Mestrado na Universidade Eski\u015fehir Osmangazi, em 2003, e concluiu o seu Doutoramento na Universidade S\u00fcleyman Demirel, Departamento de Gest\u00e3o de Empresas, em 2011. Aslanta\u015f Ate\u015f, que passou a Professora Coordenadora em Contabilidade em 2017, \u00e9 docente na Universidade S\u00fcleyman Demirel University desde 2023. Trabalha em sistema de informa\u00e7\u00e3o na \u00e1rea da contabilidade, normas de reporte financeiro, an\u00e1lise de custos, custos com a sa\u00fade, objetivos de desenvolvimento e sustentabilidade, e bem-estar. Leciona em licenciaturas e mestrados nestes dom\u00ednios.<\/p>\n","protected":false},"excerpt":{"rendered":"<p>Burcu Aslanta\u015f Ate\u015f licenciou-se na Universidade Anadolu, Departamento de Gest\u00e3o de Empresas, em 2000, concluiu o Mestrado na Universidade Eski\u015fehir Osmangazi, em 2003, e concluiu o seu Doutoramento na Universidade S\u00fcleyman Demirel, Departamento de Gest\u00e3o de Empresas, em 2011. Aslanta\u015f Ate\u015f, que passou a Professora Coordenadora em Contabilidade em 2017, \u00e9 docente na Universidade S\u00fcleyman [&hellip;]<\/p>\n","protected":false},"author":1,"featured_media":0,"parent":0,"menu_order":0,"comment_status":"closed","ping_status":"closed","template":"","meta":{"footnotes":""},"class_list":["post-291","page","type-page","status-publish","hentry"],"_links":{"self":[{"href":"https:\/\/managevirtually.sdu.edu.tr\/pt\/wp-json\/wp\/v2\/pages\/291"}],"collection":[{"href":"https:\/\/managevirtually.sdu.edu.tr\/pt\/wp-json\/wp\/v2\/pages"}],"about":[{"href":"https:\/\/managevirtually.sdu.edu.tr\/pt\/wp-json\/wp\/v2\/types\/page"}],"author":[{"embeddable":true,"href":"https:\/\/managevirtually.sdu.edu.tr\/pt\/wp-json\/wp\/v2\/users\/1"}],"replies":[{"embeddable":true,"href":"https:\/\/managevirtually.sdu.edu.tr\/pt\/wp-json\/wp\/v2\/comments?post=291"}],"version-history":[{"count":1,"href":"https:\/\/managevirtually.sdu.edu.tr\/pt\/wp-json\/wp\/v2\/pages\/291\/revisions"}],"predecessor-version":[{"id":463,"href":"https:\/\/managevirtually.sdu.edu.tr\/pt\/wp-json\/wp\/v2\/pages\/291\/revisions\/463"}],"wp:attachment":[{"href":"https:\/\/managevirtually.sdu.edu.tr\/pt\/wp-json\/wp\/v2\/media?parent=291"}],"curies":[{"name":"wp","href":"https:\/\/api.w.org\/{rel}","templated":true}]}}