{"id":288,"date":"2024-10-16T16:23:49","date_gmt":"2024-10-16T16:23:49","guid":{"rendered":"https:\/\/managevirtually.sdu.edu.tr\/?page_id=288"},"modified":"2025-01-15T21:44:10","modified_gmt":"2025-01-15T18:44:10","slug":"tr-person3","status":"publish","type":"page","link":"https:\/\/managevirtually.sdu.edu.tr\/pt\/tr-person3\/","title":{"rendered":"Professora Doutora Didar B\u00dcY\u00dcKER \u0130\u015eLER"},"content":{"rendered":"\n<figure class=\"wp-block-image aligncenter size-full\"><img loading=\"lazy\" decoding=\"async\" width=\"327\" height=\"218\" src=\"https:\/\/managevirtually.sdu.edu.tr\/pt\/wp-content\/uploads\/sites\/7\/2024\/10\/image-3.png\" alt=\"\" class=\"wp-image-289\" srcset=\"https:\/\/managevirtually.sdu.edu.tr\/pt\/wp-content\/uploads\/sites\/7\/2024\/10\/image-3.png 327w, https:\/\/managevirtually.sdu.edu.tr\/pt\/wp-content\/uploads\/sites\/7\/2024\/10\/image-3-300x200.png 300w\" sizes=\"(max-width: 327px) 100vw, 327px\" \/><\/figure>\n\n\n\n<p>Didar B\u00fcy\u00fcker \u0130\u015fler obteve a melhor classifica\u00e7\u00e3o da sua licenciatura na Universidade S\u00fcleyman Demirel, Departamento de Gest\u00e3o de Empresas, em 2001, e concluiu o seu Doutoramento na Universidade S\u00fcleyman Demirel, Departamento de Gest\u00e3o de Empresas, em 2009. \u00c9 Professora a tempo integral na mesma faculdade desde 2021. Leciona Marketing Digital, Publicidade, Investiga\u00e7\u00e3o de Marketing, e Comportamento do Consumidor, tanto em licenciaturas como em cursos de p\u00f3s-gradua\u00e7\u00e3o. Participou enquanto investigadora em v\u00e1rios projetos nacionais de em projetos de juventude da UE. \u00c9 autora de artigos sobre Marketing Digital, Comportamento de Compras do Consumidor, Rela\u00e7\u00f5es Sociais de Apoio ao Cliente, e \u00e9 especialista em v\u00e1rios m\u00e9todos estat\u00edsticos, tais como Modelos de Equa\u00e7\u00f5es Estruturais, Modelos de Regress\u00e3o Linear M\u00faltipla, etc. \u00c9 membro da Associa\u00e7\u00e3o de Marketing e Investiga\u00e7\u00e3o de Marketing.<\/p>\n\n\n\n<p><\/p>\n","protected":false},"excerpt":{"rendered":"<p>Didar B\u00fcy\u00fcker \u0130\u015fler obteve a melhor classifica\u00e7\u00e3o da sua licenciatura na Universidade S\u00fcleyman Demirel, Departamento de Gest\u00e3o de Empresas, em 2001, e concluiu o seu Doutoramento na Universidade S\u00fcleyman Demirel, Departamento de Gest\u00e3o de Empresas, em 2009. \u00c9 Professora a tempo integral na mesma faculdade desde 2021. Leciona Marketing Digital, Publicidade, Investiga\u00e7\u00e3o de Marketing, e [&hellip;]<\/p>\n","protected":false},"author":1,"featured_media":0,"parent":0,"menu_order":0,"comment_status":"closed","ping_status":"closed","template":"","meta":{"footnotes":""},"class_list":["post-288","page","type-page","status-publish","hentry"],"_links":{"self":[{"href":"https:\/\/managevirtually.sdu.edu.tr\/pt\/wp-json\/wp\/v2\/pages\/288"}],"collection":[{"href":"https:\/\/managevirtually.sdu.edu.tr\/pt\/wp-json\/wp\/v2\/pages"}],"about":[{"href":"https:\/\/managevirtually.sdu.edu.tr\/pt\/wp-json\/wp\/v2\/types\/page"}],"author":[{"embeddable":true,"href":"https:\/\/managevirtually.sdu.edu.tr\/pt\/wp-json\/wp\/v2\/users\/1"}],"replies":[{"embeddable":true,"href":"https:\/\/managevirtually.sdu.edu.tr\/pt\/wp-json\/wp\/v2\/comments?post=288"}],"version-history":[{"count":1,"href":"https:\/\/managevirtually.sdu.edu.tr\/pt\/wp-json\/wp\/v2\/pages\/288\/revisions"}],"predecessor-version":[{"id":462,"href":"https:\/\/managevirtually.sdu.edu.tr\/pt\/wp-json\/wp\/v2\/pages\/288\/revisions\/462"}],"wp:attachment":[{"href":"https:\/\/managevirtually.sdu.edu.tr\/pt\/wp-json\/wp\/v2\/media?parent=288"}],"curies":[{"name":"wp","href":"https:\/\/api.w.org\/{rel}","templated":true}]}}