{"id":283,"date":"2024-10-16T16:22:44","date_gmt":"2024-10-16T16:22:44","guid":{"rendered":"https:\/\/managevirtually.sdu.edu.tr\/?page_id=283"},"modified":"2025-01-15T21:43:42","modified_gmt":"2025-01-15T18:43:42","slug":"tr-person2","status":"publish","type":"page","link":"https:\/\/managevirtually.sdu.edu.tr\/pt\/tr-person2\/","title":{"rendered":"Professora Doutora Serpil SENAL"},"content":{"rendered":"\n<figure class=\"wp-block-image aligncenter size-full\"><img loading=\"lazy\" decoding=\"async\" width=\"337\" height=\"225\" src=\"https:\/\/managevirtually.sdu.edu.tr\/pt\/wp-content\/uploads\/sites\/7\/2024\/10\/image-2.png\" alt=\"\" class=\"wp-image-285\" srcset=\"https:\/\/managevirtually.sdu.edu.tr\/pt\/wp-content\/uploads\/sites\/7\/2024\/10\/image-2.png 337w, https:\/\/managevirtually.sdu.edu.tr\/pt\/wp-content\/uploads\/sites\/7\/2024\/10\/image-2-300x200.png 300w\" sizes=\"(max-width: 337px) 100vw, 337px\" \/><\/figure>\n\n\n\n<p>Serpil Senal licenciou-se na Universidade de S\u00fcleyman Demirel, em 2003, e concluiu o seu Doutoramento na Universidade S\u00fcleyman Demirel, Departamento de Gest\u00e3o de Empresas, em 2011. Foi Coordenadora do Departamento de Banca e Finan\u00e7as da Faculdade de Economia e Ci\u00eancias Administrativas ente 2018 e 2024, e \u00e9 Professora a tempo integral na mesma faculdade desde 2021. Leciona An\u00e1lise de Tabelas Financeiras, Contabilidade de Gest\u00e3o, e Contabilidade de Custos, tanto em licenciaturas como em cursos de p\u00f3s-gradua\u00e7\u00e3o. Tem experi\u00eancia em projetos nacionais e internacionais, e \u00e9 autora de artigos sobre auditoria, contabilidade e normas internacionais de contabilidade. \u00c9 membro da Ordem de Contabilistas P\u00fablicos Certificados, e Contabilista P\u00fablica Certificada da Turquia. <\/p>\n","protected":false},"excerpt":{"rendered":"<p>Serpil Senal licenciou-se na Universidade de S\u00fcleyman Demirel, em 2003, e concluiu o seu Doutoramento na Universidade S\u00fcleyman Demirel, Departamento de Gest\u00e3o de Empresas, em 2011. Foi Coordenadora do Departamento de Banca e Finan\u00e7as da Faculdade de Economia e Ci\u00eancias Administrativas ente 2018 e 2024, e \u00e9 Professora a tempo integral na mesma faculdade desde [&hellip;]<\/p>\n","protected":false},"author":1,"featured_media":0,"parent":0,"menu_order":0,"comment_status":"closed","ping_status":"closed","template":"","meta":{"footnotes":""},"class_list":["post-283","page","type-page","status-publish","hentry"],"_links":{"self":[{"href":"https:\/\/managevirtually.sdu.edu.tr\/pt\/wp-json\/wp\/v2\/pages\/283"}],"collection":[{"href":"https:\/\/managevirtually.sdu.edu.tr\/pt\/wp-json\/wp\/v2\/pages"}],"about":[{"href":"https:\/\/managevirtually.sdu.edu.tr\/pt\/wp-json\/wp\/v2\/types\/page"}],"author":[{"embeddable":true,"href":"https:\/\/managevirtually.sdu.edu.tr\/pt\/wp-json\/wp\/v2\/users\/1"}],"replies":[{"embeddable":true,"href":"https:\/\/managevirtually.sdu.edu.tr\/pt\/wp-json\/wp\/v2\/comments?post=283"}],"version-history":[{"count":1,"href":"https:\/\/managevirtually.sdu.edu.tr\/pt\/wp-json\/wp\/v2\/pages\/283\/revisions"}],"predecessor-version":[{"id":461,"href":"https:\/\/managevirtually.sdu.edu.tr\/pt\/wp-json\/wp\/v2\/pages\/283\/revisions\/461"}],"wp:attachment":[{"href":"https:\/\/managevirtually.sdu.edu.tr\/pt\/wp-json\/wp\/v2\/media?parent=283"}],"curies":[{"name":"wp","href":"https:\/\/api.w.org\/{rel}","templated":true}]}}