{"id":279,"date":"2024-10-16T16:20:36","date_gmt":"2024-10-16T16:20:36","guid":{"rendered":"https:\/\/managevirtually.sdu.edu.tr\/?page_id=279"},"modified":"2025-01-15T21:43:00","modified_gmt":"2025-01-15T18:43:00","slug":"tr-person1","status":"publish","type":"page","link":"https:\/\/managevirtually.sdu.edu.tr\/pt\/tr-person1\/","title":{"rendered":"Professora Doutora Aygen OKSAY"},"content":{"rendered":"\n<figure class=\"wp-block-image aligncenter size-full\"><img loading=\"lazy\" decoding=\"async\" width=\"317\" height=\"210\" src=\"https:\/\/managevirtually.sdu.edu.tr\/pt\/wp-content\/uploads\/sites\/7\/2024\/10\/image.png\" alt=\"\" class=\"wp-image-280\" srcset=\"https:\/\/managevirtually.sdu.edu.tr\/pt\/wp-content\/uploads\/sites\/7\/2024\/10\/image.png 317w, https:\/\/managevirtually.sdu.edu.tr\/pt\/wp-content\/uploads\/sites\/7\/2024\/10\/image-300x199.png 300w\" sizes=\"(max-width: 317px) 100vw, 317px\" \/><\/figure>\n\n\n\n<p>Aygen Oksay licenciou-se na Universidade de Hacettepe, em 2000, e concluiu o seu Doutoramento na Universidade S\u00fcleyman Demirel, Departamento de Gest\u00e3o de Empresas, em 2011. Foi Vice-Presidente da Faculdade de Economia e Ci\u00eancias Administrativas entre 2015 e 2023, e \u00e9 Professora a tempo integral nessa Faculdade desde 2023. Leciona Comportamento Organizacional, Rela\u00e7\u00f5es P\u00fablicas, e Gest\u00e3o de Recursos Humanos, tanto em licenciaturas como em cursos de p\u00f3s-gradua\u00e7\u00e3o. Tem experi\u00eancia em projetos nacionais e internacionais, e \u00e9 autora de artigos sobre turismo, comportamento organizacional e profissionais de sa\u00fade. \u00c9 membro da Academia Turca de Gest\u00e3o.<\/p>\n","protected":false},"excerpt":{"rendered":"<p>Aygen Oksay licenciou-se na Universidade de Hacettepe, em 2000, e concluiu o seu Doutoramento na Universidade S\u00fcleyman Demirel, Departamento de Gest\u00e3o de Empresas, em 2011. Foi Vice-Presidente da Faculdade de Economia e Ci\u00eancias Administrativas entre 2015 e 2023, e \u00e9 Professora a tempo integral nessa Faculdade desde 2023. Leciona Comportamento Organizacional, Rela\u00e7\u00f5es P\u00fablicas, e Gest\u00e3o [&hellip;]<\/p>\n","protected":false},"author":1,"featured_media":0,"parent":0,"menu_order":0,"comment_status":"closed","ping_status":"closed","template":"","meta":{"footnotes":""},"class_list":["post-279","page","type-page","status-publish","hentry"],"_links":{"self":[{"href":"https:\/\/managevirtually.sdu.edu.tr\/pt\/wp-json\/wp\/v2\/pages\/279"}],"collection":[{"href":"https:\/\/managevirtually.sdu.edu.tr\/pt\/wp-json\/wp\/v2\/pages"}],"about":[{"href":"https:\/\/managevirtually.sdu.edu.tr\/pt\/wp-json\/wp\/v2\/types\/page"}],"author":[{"embeddable":true,"href":"https:\/\/managevirtually.sdu.edu.tr\/pt\/wp-json\/wp\/v2\/users\/1"}],"replies":[{"embeddable":true,"href":"https:\/\/managevirtually.sdu.edu.tr\/pt\/wp-json\/wp\/v2\/comments?post=279"}],"version-history":[{"count":1,"href":"https:\/\/managevirtually.sdu.edu.tr\/pt\/wp-json\/wp\/v2\/pages\/279\/revisions"}],"predecessor-version":[{"id":460,"href":"https:\/\/managevirtually.sdu.edu.tr\/pt\/wp-json\/wp\/v2\/pages\/279\/revisions\/460"}],"wp:attachment":[{"href":"https:\/\/managevirtually.sdu.edu.tr\/pt\/wp-json\/wp\/v2\/media?parent=279"}],"curies":[{"name":"wp","href":"https:\/\/api.w.org\/{rel}","templated":true}]}}