{"id":267,"date":"2024-10-16T15:24:32","date_gmt":"2024-10-16T15:24:32","guid":{"rendered":"https:\/\/managevirtually.sdu.edu.tr\/?page_id=267"},"modified":"2025-02-06T20:18:28","modified_gmt":"2025-02-06T17:18:28","slug":"kick-off-meeting-opening","status":"publish","type":"page","link":"https:\/\/managevirtually.sdu.edu.tr\/pt\/kick-off-meeting-opening\/","title":{"rendered":"Reuni\u00f5es do Projeto \/ Reuni\u00e3o Inicial"},"content":{"rendered":"\n<p>O in\u00edcio do Projeto \u201c<em>Management in a Virtual World<\/em>\u201d foi organizado pelo parceiro coordenador, a Universidade S\u00fcleyman Demirel, nos dias 11 e 12 de Junho de 2024, em Esparta, na Turquia.\u00a0 A Universidade de Sannio (It\u00e1lia), a Universidade de Estudos Econ\u00f3micos de Bucareste (BUES, Rom\u00e9nia), a Universidade Tecnol\u00f3gica de Gda\u0144sk (Pol\u00f3nia) e o Polit\u00e9cnico do Porto (ISCAP, Portugal) participaram na reuni\u00e3o inicial do projeto. Foi organizado um cocktail de boas-vindas no Centro de Confer\u00eancias Adem Efe da Faculdade de Ci\u00eancias Econ\u00f3micas e Administrativas. A coordenadora do projeto, a Professora Doutora Aygen OKSAY, fez o discurso de abertura. Ela mencionou o ponto de partida e os principais objetivos do Projeto. O Professor Doutor Hakan Mehmet K\u0130R\u0130\u015e, Presidente da Faculdade de Ci\u00eancias Econ\u00f3micas e Administrativas, e o Professor Doutor Mehmet GEN\u00c7T\u00dcRK, Vice-Reitor, sublinharam a import\u00e2ncia dos projetos para as universidades, e o facto de que os \u00f3rg\u00e3os de gest\u00e3o apoiar\u00e3o estes projetos em toda em linha. O cocktail terminou com os discursos dos parceiros e iniciaram-se, ent\u00e3o as sess\u00f5es do projeto. Foram partilhados com os parceiros os principais objetivos do projeto, os seus marcos, e as responsabilidades, e foram decididas as datas para as reuni\u00f5es transnacionais. Foi demonstrada a simula\u00e7\u00e3o, a qual ser\u00e1 utilizada como recurso educativo durante o projeto, e foram delegadas as tarefas.<\/p>\n\n\n\n<figure class=\"wp-block-image aligncenter size-large\"><img loading=\"lazy\" decoding=\"async\" width=\"1024\" height=\"683\" src=\"https:\/\/managevirtually.sdu.edu.tr\/pt\/wp-content\/uploads\/sites\/7\/2024\/10\/open1-1024x683.jpg\" alt=\"\" class=\"wp-image-268\" srcset=\"https:\/\/managevirtually.sdu.edu.tr\/pt\/wp-content\/uploads\/sites\/7\/2024\/10\/open1-1024x683.jpg 1024w, https:\/\/managevirtually.sdu.edu.tr\/pt\/wp-content\/uploads\/sites\/7\/2024\/10\/open1-300x200.jpg 300w, https:\/\/managevirtually.sdu.edu.tr\/pt\/wp-content\/uploads\/sites\/7\/2024\/10\/open1-768x512.jpg 768w, https:\/\/managevirtually.sdu.edu.tr\/pt\/wp-content\/uploads\/sites\/7\/2024\/10\/open1.jpg 1386w\" sizes=\"(max-width: 1024px) 100vw, 1024px\" \/><\/figure>\n\n\n\n<figure class=\"wp-block-image aligncenter size-large\"><img loading=\"lazy\" decoding=\"async\" width=\"1024\" height=\"683\" src=\"https:\/\/managevirtually.sdu.edu.tr\/pt\/wp-content\/uploads\/sites\/7\/2024\/10\/open2-1024x683.jpg\" alt=\"\" class=\"wp-image-269\" srcset=\"https:\/\/managevirtually.sdu.edu.tr\/pt\/wp-content\/uploads\/sites\/7\/2024\/10\/open2-1024x683.jpg 1024w, https:\/\/managevirtually.sdu.edu.tr\/pt\/wp-content\/uploads\/sites\/7\/2024\/10\/open2-300x200.jpg 300w, https:\/\/managevirtually.sdu.edu.tr\/pt\/wp-content\/uploads\/sites\/7\/2024\/10\/open2-768x512.jpg 768w, https:\/\/managevirtually.sdu.edu.tr\/pt\/wp-content\/uploads\/sites\/7\/2024\/10\/open2.jpg 1386w\" sizes=\"(max-width: 1024px) 100vw, 1024px\" \/><\/figure>\n\n\n\n<figure class=\"wp-block-image aligncenter size-large\"><img loading=\"lazy\" decoding=\"async\" width=\"1024\" height=\"683\" src=\"https:\/\/managevirtually.sdu.edu.tr\/pt\/wp-content\/uploads\/sites\/7\/2024\/10\/open3-1024x683.jpg\" alt=\"\" class=\"wp-image-270\" srcset=\"https:\/\/managevirtually.sdu.edu.tr\/pt\/wp-content\/uploads\/sites\/7\/2024\/10\/open3-1024x683.jpg 1024w, https:\/\/managevirtually.sdu.edu.tr\/pt\/wp-content\/uploads\/sites\/7\/2024\/10\/open3-300x200.jpg 300w, https:\/\/managevirtually.sdu.edu.tr\/pt\/wp-content\/uploads\/sites\/7\/2024\/10\/open3-768x512.jpg 768w, https:\/\/managevirtually.sdu.edu.tr\/pt\/wp-content\/uploads\/sites\/7\/2024\/10\/open3.jpg 1386w\" sizes=\"(max-width: 1024px) 100vw, 1024px\" \/><\/figure>\n\n\n\n<figure class=\"wp-block-image aligncenter size-large\"><img loading=\"lazy\" decoding=\"async\" width=\"1024\" height=\"683\" src=\"https:\/\/managevirtually.sdu.edu.tr\/pt\/wp-content\/uploads\/sites\/7\/2024\/10\/open4-1024x683.jpg\" alt=\"\" class=\"wp-image-271\" srcset=\"https:\/\/managevirtually.sdu.edu.tr\/pt\/wp-content\/uploads\/sites\/7\/2024\/10\/open4-1024x683.jpg 1024w, https:\/\/managevirtually.sdu.edu.tr\/pt\/wp-content\/uploads\/sites\/7\/2024\/10\/open4-300x200.jpg 300w, https:\/\/managevirtually.sdu.edu.tr\/pt\/wp-content\/uploads\/sites\/7\/2024\/10\/open4-768x512.jpg 768w, https:\/\/managevirtually.sdu.edu.tr\/pt\/wp-content\/uploads\/sites\/7\/2024\/10\/open4.jpg 1386w\" sizes=\"(max-width: 1024px) 100vw, 1024px\" \/><\/figure>\n\n\n\n<figure class=\"wp-block-image aligncenter size-large\"><img loading=\"lazy\" decoding=\"async\" width=\"1024\" height=\"607\" src=\"https:\/\/managevirtually.sdu.edu.tr\/pt\/wp-content\/uploads\/sites\/7\/2024\/10\/open5-1024x607.jpg\" alt=\"\" class=\"wp-image-272\" srcset=\"https:\/\/managevirtually.sdu.edu.tr\/pt\/wp-content\/uploads\/sites\/7\/2024\/10\/open5-1024x607.jpg 1024w, https:\/\/managevirtually.sdu.edu.tr\/pt\/wp-content\/uploads\/sites\/7\/2024\/10\/open5-300x178.jpg 300w, https:\/\/managevirtually.sdu.edu.tr\/pt\/wp-content\/uploads\/sites\/7\/2024\/10\/open5-768x455.jpg 768w, https:\/\/managevirtually.sdu.edu.tr\/pt\/wp-content\/uploads\/sites\/7\/2024\/10\/open5.jpg 1386w\" sizes=\"(max-width: 1024px) 100vw, 1024px\" \/><\/figure>\n\n\n\n<figure class=\"wp-block-image aligncenter size-large\"><img loading=\"lazy\" decoding=\"async\" width=\"1024\" height=\"584\" src=\"https:\/\/managevirtually.sdu.edu.tr\/pt\/wp-content\/uploads\/sites\/7\/2024\/10\/open6-1024x584.jpg\" alt=\"\" class=\"wp-image-273\" srcset=\"https:\/\/managevirtually.sdu.edu.tr\/pt\/wp-content\/uploads\/sites\/7\/2024\/10\/open6-1024x584.jpg 1024w, https:\/\/managevirtually.sdu.edu.tr\/pt\/wp-content\/uploads\/sites\/7\/2024\/10\/open6-300x171.jpg 300w, https:\/\/managevirtually.sdu.edu.tr\/pt\/wp-content\/uploads\/sites\/7\/2024\/10\/open6-768x438.jpg 768w, https:\/\/managevirtually.sdu.edu.tr\/pt\/wp-content\/uploads\/sites\/7\/2024\/10\/open6.jpg 1386w\" sizes=\"(max-width: 1024px) 100vw, 1024px\" \/><\/figure>\n\n\n\n<figure class=\"wp-block-image aligncenter size-large\"><img loading=\"lazy\" decoding=\"async\" width=\"1024\" height=\"683\" src=\"https:\/\/managevirtually.sdu.edu.tr\/pt\/wp-content\/uploads\/sites\/7\/2024\/10\/open7-1024x683.jpg\" alt=\"\" class=\"wp-image-274\" srcset=\"https:\/\/managevirtually.sdu.edu.tr\/pt\/wp-content\/uploads\/sites\/7\/2024\/10\/open7-1024x683.jpg 1024w, https:\/\/managevirtually.sdu.edu.tr\/pt\/wp-content\/uploads\/sites\/7\/2024\/10\/open7-300x200.jpg 300w, https:\/\/managevirtually.sdu.edu.tr\/pt\/wp-content\/uploads\/sites\/7\/2024\/10\/open7-768x512.jpg 768w, https:\/\/managevirtually.sdu.edu.tr\/pt\/wp-content\/uploads\/sites\/7\/2024\/10\/open7.jpg 1386w\" sizes=\"(max-width: 1024px) 100vw, 1024px\" \/><\/figure>\n","protected":false},"excerpt":{"rendered":"<p>O in\u00edcio do Projeto \u201cManagement in a Virtual World\u201d foi organizado pelo parceiro coordenador, a Universidade S\u00fcleyman Demirel, nos dias 11 e 12 de Junho de 2024, em Esparta, na Turquia.\u00a0 A Universidade de Sannio (It\u00e1lia), a Universidade de Estudos Econ\u00f3micos de Bucareste (BUES, Rom\u00e9nia), a Universidade Tecnol\u00f3gica de Gda\u0144sk (Pol\u00f3nia) e o Polit\u00e9cnico do [&hellip;]<\/p>\n","protected":false},"author":1,"featured_media":0,"parent":0,"menu_order":0,"comment_status":"closed","ping_status":"closed","template":"","meta":{"footnotes":""},"class_list":["post-267","page","type-page","status-publish","hentry"],"_links":{"self":[{"href":"https:\/\/managevirtually.sdu.edu.tr\/pt\/wp-json\/wp\/v2\/pages\/267"}],"collection":[{"href":"https:\/\/managevirtually.sdu.edu.tr\/pt\/wp-json\/wp\/v2\/pages"}],"about":[{"href":"https:\/\/managevirtually.sdu.edu.tr\/pt\/wp-json\/wp\/v2\/types\/page"}],"author":[{"embeddable":true,"href":"https:\/\/managevirtually.sdu.edu.tr\/pt\/wp-json\/wp\/v2\/users\/1"}],"replies":[{"embeddable":true,"href":"https:\/\/managevirtually.sdu.edu.tr\/pt\/wp-json\/wp\/v2\/comments?post=267"}],"version-history":[{"count":2,"href":"https:\/\/managevirtually.sdu.edu.tr\/pt\/wp-json\/wp\/v2\/pages\/267\/revisions"}],"predecessor-version":[{"id":513,"href":"https:\/\/managevirtually.sdu.edu.tr\/pt\/wp-json\/wp\/v2\/pages\/267\/revisions\/513"}],"wp:attachment":[{"href":"https:\/\/managevirtually.sdu.edu.tr\/pt\/wp-json\/wp\/v2\/media?parent=267"}],"curies":[{"name":"wp","href":"https:\/\/api.w.org\/{rel}","templated":true}]}}