{"id":257,"date":"2024-10-16T15:09:18","date_gmt":"2024-10-16T15:09:18","guid":{"rendered":"https:\/\/managevirtually.sdu.edu.tr\/?page_id=257"},"modified":"2025-03-28T21:19:02","modified_gmt":"2025-03-28T18:19:02","slug":"about-us-pt","status":"publish","type":"page","link":"https:\/\/managevirtually.sdu.edu.tr\/pt\/about-us-pt\/","title":{"rendered":"Quem somos \/ Portugal"},"content":{"rendered":"\n<p><strong>INSTITUTO POLIT\u00c9CNICO DO PORTO (ISCAP)<\/strong><\/p>\n\n\n\n<p>O Instituto Polit\u00e9cnico do Porto (P.Porto) \u00e9 o maior e mais din\u00e2mico dos polit\u00e9cnicos do pa\u00eds, surgindo em primeiro lugar no ranking dos Polit\u00e9cnicos e, a par de outras grandes Universidades, situa-se no segmento superior do ranking nacional do ensino superior. O P.Porto \u00e9 constitu\u00eddo por 8 escolas, mais de 20 unidades de I&amp;D, e \u00e9 o mais bem posicionado em rankings cient\u00edficos internacionais em Portugal.<\/p>\n\n\n\n<p>O Instituto Superior de Contabilidade e Administra\u00e7\u00e3o do Porto (ISCAP) est\u00e1 localizado perto do Campus principal, oferecendo aos seus 5000 estudantes uma variedade de programas de licenciatura e de cursos p\u00f3s-graduados em Contabilidade, Com\u00e9rcio Internacional, Marketing, Comunica\u00e7\u00e3o Empresarial, Assessoria e Tradu\u00e7\u00e3o, Criatividade e Inova\u00e7\u00f5es Empresariais (Programa Conjunto), Recursos Humanos e Ci\u00eancias e Tecnologias da Documenta\u00e7\u00e3o e Informa\u00e7\u00e3o. O ISCAP oferece ainda mestrados em Contabilidade e Finan\u00e7as, Auditoria, Gest\u00e3o das Organiza\u00e7\u00f5es, Marketing Digital, Log\u00edstica, Empreendedorismo e Internacionaliza\u00e7\u00e3o, Assessoria de Administra\u00e7\u00e3o, Informa\u00e7\u00e3o Empresarial, Recursos Humanos, Finan\u00e7as, Estudos Interculturais para os Neg\u00f3cios, e Tradu\u00e7\u00e3o e Interpreta\u00e7\u00e3o Especializadas. Foram ainda desenvolvidos v\u00e1rios Duplo-Diplomas durante os \u00faltimos anos com alguns dos nossos parceiros.<\/p>\n\n\n\n<p>O ISCAP est\u00e1 equipado com laborat\u00f3rios de Multim\u00e9dia, Educa\u00e7\u00e3o, Simula\u00e7\u00e3o Empresarial e Marketing, modernos e tecnologicamente avan\u00e7ados. Ao longo dos anos, o ISCAP tem tentado aumentar a sua experi\u00eancia internacional e desenvolveu uma vasta rede de parcerias, n\u00e3o s\u00f3 na Europa, mas tamb\u00e9m no Brasil e nos EUA, onde \u00e9 parceiro de v\u00e1rias redes internacionais, tais como a AFECA, a CARPE, a EdiNeb, a Acinnet entre outras.<\/p>\n\n\n\n<p>Al\u00e9m disso, o ISCAP tem sido um parceiro ativo em v\u00e1rios projetos internacionais e europeus, nomeadamente no \u00e2mbito do programa Erasmus. O n\u00famero de estudantes in e out (sejam Erasmus, de interc\u00e2mbio, ou free-movers) aumentou significativamente ao longo dos anos, e, durante as nossas Semanas Internacionais, acolhemos docentes e representantes dos nossos parceiros, o que tem contribu\u00eddo para o processo de \u201cInternacionaliza\u00e7\u00e3o Dentro de Portas\u201d e ao estabelecimento de la\u00e7os acad\u00e9micos e cient\u00edficos duradouros entre docentes e investigadores. No ISCAP, levamos a s\u00e9rio as necessidades acad\u00e9micas e pessoais dos nossos estudantes internacionais, e empenhamo-nos continuamente para providenciar um ambiente de ensino-aprendizagem din\u00e2mico e estimulante.<\/p>\n\n\n\n<p>As ci\u00eancias empresariais s\u00e3o o centro da vida acad\u00e9mica e do prop\u00f3sito do ISCAP. Dada a configura\u00e7\u00e3o empresarial do pa\u00eds (em que aproximadamente 100% do seu tecido empresarial \u00e9 constitu\u00eddo por PMEs), a liga\u00e7\u00e3o entre o Ensino Superior e o tecido empresarial nacional \u00e9 fundamental. Como parte integrante da sua natureza, o pessoal docente do ISCAP est\u00e1 profundamente ligado ao mundo dos neg\u00f3cios. A vasta maioria dos seus docentes j\u00e1 teve (e alguns ainda t\u00eam) uma liga\u00e7\u00e3o pr\u00f3xima a empresas e ao mundo empresarial em geral, certificando-se que a sia vis\u00e3o pr\u00e1tica da mat\u00e9ria e do conhecimento seja transmitida aos que ensinam e que se tornar\u00e3o nos contabilistas, gestores, empreendedores e pessoas de neg\u00f3cios de amanh\u00e3.<\/p>\n\n\n\n<p>Os elementos que constituem a equipa do ISCAP s\u00e3o os seguintes:<\/p>\n\n\n\n<ul class=\"wp-block-list\">\n<li><a href=\"https:\/\/managevirtually.sdu.edu.tr\/pt\/pt-person1\/\">Professora Adjunta Maria Ant\u00f3nia Gon\u00e7alves RODRIGUES<\/a><\/li>\n\n\n\n<li><a href=\"https:\/\/managevirtually.sdu.edu.tr\/pt\/pt-person2\/\">Professora Adjunta Maria Am\u00e9lia CARVALHO<\/a><\/li>\n\n\n\n<li><a href=\"https:\/\/managevirtually.sdu.edu.tr\/pt\/pt-person3\/\">Professora Adjunta Paula CARVALHO<\/a><\/li>\n\n\n\n<li><a href=\"https:\/\/managevirtually.sdu.edu.tr\/pt\/pt-person4\/\">Professor Adjunto Adalmiro \u00c1lvaro Malheiro de Castro Andrade Pereira<\/a><\/li>\n\n\n\n<li><a href=\"https:\/\/managevirtually.sdu.edu.tr\/pt\/pt-person5\/\">Doutoranda T\u00e2nia Catarina Vila\u00e7a TEIXEIRA<\/a><\/li>\n\n\n\n<li><a href=\"https:\/\/managevirtually.sdu.edu.tr\/pt\/pt-person6\/\">Senior Lecturer M\u00e1rio Joel Queir\u00f3s<\/a><\/li>\n<\/ul>\n","protected":false},"excerpt":{"rendered":"<p>INSTITUTO POLIT\u00c9CNICO DO PORTO (ISCAP) O Instituto Polit\u00e9cnico do Porto (P.Porto) \u00e9 o maior e mais din\u00e2mico dos polit\u00e9cnicos do pa\u00eds, surgindo em primeiro lugar no ranking dos Polit\u00e9cnicos e, a par de outras grandes Universidades, situa-se no segmento superior do ranking nacional do ensino superior. O P.Porto \u00e9 constitu\u00eddo por 8 escolas, mais de [&hellip;]<\/p>\n","protected":false},"author":1,"featured_media":0,"parent":0,"menu_order":0,"comment_status":"closed","ping_status":"closed","template":"","meta":{"footnotes":""},"class_list":["post-257","page","type-page","status-publish","hentry"],"_links":{"self":[{"href":"https:\/\/managevirtually.sdu.edu.tr\/pt\/wp-json\/wp\/v2\/pages\/257"}],"collection":[{"href":"https:\/\/managevirtually.sdu.edu.tr\/pt\/wp-json\/wp\/v2\/pages"}],"about":[{"href":"https:\/\/managevirtually.sdu.edu.tr\/pt\/wp-json\/wp\/v2\/types\/page"}],"author":[{"embeddable":true,"href":"https:\/\/managevirtually.sdu.edu.tr\/pt\/wp-json\/wp\/v2\/users\/1"}],"replies":[{"embeddable":true,"href":"https:\/\/managevirtually.sdu.edu.tr\/pt\/wp-json\/wp\/v2\/comments?post=257"}],"version-history":[{"count":5,"href":"https:\/\/managevirtually.sdu.edu.tr\/pt\/wp-json\/wp\/v2\/pages\/257\/revisions"}],"predecessor-version":[{"id":576,"href":"https:\/\/managevirtually.sdu.edu.tr\/pt\/wp-json\/wp\/v2\/pages\/257\/revisions\/576"}],"wp:attachment":[{"href":"https:\/\/managevirtually.sdu.edu.tr\/pt\/wp-json\/wp\/v2\/media?parent=257"}],"curies":[{"name":"wp","href":"https:\/\/api.w.org\/{rel}","templated":true}]}}