{"id":255,"date":"2024-10-16T15:07:30","date_gmt":"2024-10-16T15:07:30","guid":{"rendered":"https:\/\/managevirtually.sdu.edu.tr\/?page_id=255"},"modified":"2025-02-06T20:19:22","modified_gmt":"2025-02-06T17:19:22","slug":"about-us-pl","status":"publish","type":"page","link":"https:\/\/managevirtually.sdu.edu.tr\/pt\/about-us-pl\/","title":{"rendered":"Quem somos \/ Pol\u00f3nia"},"content":{"rendered":"\n<p><strong>UNIVERSIDADE TECNOL\u00d3GICA DE GDA\u0143SK<\/strong><\/p>\n\n\n\n<p>A Universidade Tecnol\u00f3gica de Gda\u0144sk (Gda\u0144sk Tech) \u00e9 um centro de investiga\u00e7\u00e3o e desenvolvimento de topo na Pomer\u00e2nia. Consiste de 8 faculdades, e o n\u00famero de estudantes inscritos no ano letivo atual ronda os 15 mil. Todas as faculdades t\u00eam direitos acad\u00e9micos plenos, tendo 4 delas (incluindo a Faculdade de Gest\u00e3o e Economia) obtido a classifica\u00e7\u00e3o cient\u00edfica A no resultado da \u00faltima avalia\u00e7\u00e3o param\u00e9trica, e 2 faculdades obtiveram a classifica\u00e7\u00e3o A+. Na \u00faltima avalia\u00e7\u00e3o param\u00e9trica, a Universidade Tecnol\u00f3gica de Gda\u0144sk obteve a classifica\u00e7\u00e3o m\u00e1xima entre as universidades t\u00e9cnicas da Pol\u00f3nia, tendo a Faculdade de Gest\u00e3o e Economia (FM&amp;E) sido nomeada como uma das quatro faculdades no campo das ci\u00eancias econ\u00f3micas para a categoria A+ devido \u00e0 sua elevada classifica\u00e7\u00e3o a parametriza\u00e7\u00e3o da categoria I.<\/p>\n\n\n\n<p>Atualmente, a Gda\u0144sk Tech tem quase 26 mil estudantes e 1200 docentes, e \u00e9 uma das principais universidades na Pol\u00f3nia, oferecendo licenciaturas em 33 campos de estudos, e mestrados em 29 campos de estudos, incluindo 4 cursos interdepartamentais e 2 cursos intercolegiais, \u00fanicos no pa\u00eds: engenharia m\u00e9dico-mec\u00e2nica e qu\u00edmica para a constru\u00e7\u00e3o. 15 destes cursos s\u00e3o lecionados em ingl\u00eas. A Gda\u0144sk Tech tem, atualmente, mais de 420 acordos bilaterais no \u00e2mbito do programa Erasmus, e aproximadamente 80 acordos de coopera\u00e7\u00e3o de natureza geral. Tem tamb\u00e9m acordos para diplomas duplos com universidades da Dinamarca, Fran\u00e7a, Alemanha, Su\u00e9cia e It\u00e1lia.<\/p>\n\n\n\n<p>A universidade tem uma vasta liga\u00e7\u00e3o ao mundo empresarial sendo, por exemplo, membro de v\u00e1rios grupos:<\/p>\n\n\n\n<p>Grupo Bio-Eco-Qu\u00edmico da Pomer\u00e2nia, Grupo Mar\u00edtimo Polaco, Klima Pomer\u00e2nia, Grupo TIC Interizon da Pomer\u00e2nia &#8211; um dos grupos mais desenvolvidos na Pol\u00f3nia, distinguido com o t\u00edtulo do Grupo-Chave da Regi\u00e3o da Pomer\u00e2nia numa competi\u00e7\u00e3o organizada pelo Conselho Regional.<\/p>\n\n\n\n<p>Nos \u00faltimos 15 anos, a Gda\u0144sk Tech assinou cerca de 900 contratos para projetos nas seguintes categorias:<\/p>\n\n\n\n<p>Programas nacionais de investiga\u00e7\u00e3o, fundos estruturais, projetos de investiga\u00e7\u00e3o internacionais e programas-quadro, e programas educativos internacionais.<\/p>\n\n\n\n<p>A Faculdade de Gest\u00e3o e Economia foi criada em 1993 na sequ\u00eancia da fus\u00e3o do Departamento de Organiza\u00e7\u00e3o e Design de Sistemas de Produ\u00e7\u00e3o da Faculdade de Tecnologia de M\u00e1quinas e Organiza\u00e7\u00e3o da Produ\u00e7\u00e3o com o Instituto de Economia e Humanidades, entre faculdades. Desta forma, combinaram-se as compet\u00eancias e a experi\u00eancia do corpo docente nas \u00e1reas de Engenharia Moderna, Economia, e Conhecimento Human\u00edstico e Empresarial. As pessoas s\u00e3o os recursos basilares da Faculdade &#8211; o corpo docente e a Dire\u00e7\u00e3o, bem como os servi\u00e7os administrativos que apoiam o trabalho do corpo docente. Atualmente, h\u00e1 116 docentes (baseados na FME), 95 docentes t\u00eam fun\u00e7\u00f5es de letivas e de investiga\u00e7\u00e3o, e 21 t\u00eam fun\u00e7\u00f5es letivas. A Faculdade tem recursos humanos de elevada qualidade, capazes de contribuir para o sucesso do projeto.<\/p>\n\n\n\n<p>Atualmente, a FME tem 5 campos de estudo (An\u00e1lise Econ\u00f3mica, Economia, Gest\u00e3o, Gest\u00e3o de Engenharia e Engenharia de Dados &#8211; em coopera\u00e7\u00e3o com a Faculdade de Eletr\u00f3nica, Telecomunica\u00e7\u00f5es e Inform\u00e1tica), os quais formam cerca de 2000 estudantes. Oferece tamb\u00e9m uma variedade de cursos p\u00f3s-graduados (quase 30 edi\u00e7\u00f5es por ano), que s\u00e3o frequentemente selecionados por serem complementares \u00e0 compet\u00eancias e aptid\u00f5es j\u00e1 possu\u00eddas.<\/p>\n\n\n\n<p>Como uma das poucas universidades, a Gda\u0144sk Tech \u00e9 membro da prestigiada Funda\u00e7\u00e3o Europeia para o Desenvolvimento da Gest\u00e3o &#8211; European Foundation for Management Development (EFMD) -, a qual une as melhores escolas de neg\u00f3cios e os departamentos de gest\u00e3o. Em 2017, a Faculdade de Gest\u00e3o e Economia juntou-se ao CEEMAN &#8211; a Associa\u00e7\u00e3o Internacional para o Desenvolvimento da Gest\u00e3o em Sociedades Din\u00e2micas. Os programas educativos est\u00e3o altamente cotados pela EDUNIVERSAL e pelo U-Multirank.<\/p>\n\n\n\n<p>Uma das \u00e1reas importantes da FM&amp;E \u00e9 o desenvolvimento da coopera\u00e7\u00e3o com o governo local e com o ambiente empresarial para envolver as v\u00e1rias partes interessadas na conce\u00e7\u00e3o das mudan\u00e7as, como tamb\u00e9m para expandir e refor\u00e7ar a oferta de bolsas a estudantes.<\/p>\n\n\n\n<p>Os elementos da equipa da Gda\u0144sk Tech s\u00e3o os seguintes:<\/p>\n\n\n\n<ul class=\"wp-block-list\">\n<li><a href=\"https:\/\/managevirtually.sdu.edu.tr\/pt\/pl-person1\/\">Professora Adjunta Ewa MARJA\u0143SKA<\/a><\/li>\n\n\n\n<li><a href=\"https:\/\/managevirtually.sdu.edu.tr\/pt\/pl-person2\/\">Professora Adjunta Anna Maria TrZASKOWSKA<\/a><\/li>\n\n\n\n<li><a href=\"https:\/\/managevirtually.sdu.edu.tr\/pt\/pl-person3\/\">Professora Anna Maria LIS<\/a><\/li>\n\n\n\n<li><a href=\"https:\/\/managevirtually.sdu.edu.tr\/pt\/pl-person4\/\">Professor Assistente Jaros\u0142aw Zi\u0119tarski <\/a><\/li>\n<\/ul>\n\n\n\n<p><\/p>\n\n\n\n<p><\/p>\n\n\n\n<p><\/p>\n","protected":false},"excerpt":{"rendered":"<p>UNIVERSIDADE TECNOL\u00d3GICA DE GDA\u0143SK A Universidade Tecnol\u00f3gica de Gda\u0144sk (Gda\u0144sk Tech) \u00e9 um centro de investiga\u00e7\u00e3o e desenvolvimento de topo na Pomer\u00e2nia. Consiste de 8 faculdades, e o n\u00famero de estudantes inscritos no ano letivo atual ronda os 15 mil. Todas as faculdades t\u00eam direitos acad\u00e9micos plenos, tendo 4 delas (incluindo a Faculdade de Gest\u00e3o [&hellip;]<\/p>\n","protected":false},"author":1,"featured_media":0,"parent":0,"menu_order":0,"comment_status":"closed","ping_status":"closed","template":"","meta":{"footnotes":""},"class_list":["post-255","page","type-page","status-publish","hentry"],"_links":{"self":[{"href":"https:\/\/managevirtually.sdu.edu.tr\/pt\/wp-json\/wp\/v2\/pages\/255"}],"collection":[{"href":"https:\/\/managevirtually.sdu.edu.tr\/pt\/wp-json\/wp\/v2\/pages"}],"about":[{"href":"https:\/\/managevirtually.sdu.edu.tr\/pt\/wp-json\/wp\/v2\/types\/page"}],"author":[{"embeddable":true,"href":"https:\/\/managevirtually.sdu.edu.tr\/pt\/wp-json\/wp\/v2\/users\/1"}],"replies":[{"embeddable":true,"href":"https:\/\/managevirtually.sdu.edu.tr\/pt\/wp-json\/wp\/v2\/comments?post=255"}],"version-history":[{"count":3,"href":"https:\/\/managevirtually.sdu.edu.tr\/pt\/wp-json\/wp\/v2\/pages\/255\/revisions"}],"predecessor-version":[{"id":515,"href":"https:\/\/managevirtually.sdu.edu.tr\/pt\/wp-json\/wp\/v2\/pages\/255\/revisions\/515"}],"wp:attachment":[{"href":"https:\/\/managevirtually.sdu.edu.tr\/pt\/wp-json\/wp\/v2\/media?parent=255"}],"curies":[{"name":"wp","href":"https:\/\/api.w.org\/{rel}","templated":true}]}}