{"id":253,"date":"2024-10-16T15:06:36","date_gmt":"2024-10-16T15:06:36","guid":{"rendered":"https:\/\/managevirtually.sdu.edu.tr\/?page_id=253"},"modified":"2025-02-06T20:19:40","modified_gmt":"2025-02-06T17:19:40","slug":"about-us-ro","status":"publish","type":"page","link":"https:\/\/managevirtually.sdu.edu.tr\/pt\/about-us-ro\/","title":{"rendered":"Quem somos \/ Rom\u00e9nia"},"content":{"rendered":"\n<p><strong>UNIVERSIDADE DE ESTUDOS ECON\u00d3MICOS DE BUCARESTE (ASE)<\/strong><\/p>\n\n\n\n<p>A Universidade de Estudos Econ\u00f3micos de Bucareste (ASE) \u00e9 uma universidade p\u00fablica, o mais importante setor de educa\u00e7\u00e3o em Neg\u00f3cios\/Economia na Rom\u00e9nia. Atualmente, a ASE tem 13 faculdades em v\u00e1rias \u00e1reas &#8211; Contabilidade, Cibern\u00e9tica, Marketing, Gest\u00e3o, Finan\u00e7as, Neg\u00f3cios e Escola Internacionais, Economia do setores Agroalimentar e Ambiental, Economia Te\u00f3rica, Administra\u00e7\u00e3o P\u00fablica, Neg\u00f3cios e Turismo, e Direito &#8211; e orienta 25 programas de Licenciatura, 78 programas de Mestrado, e MBAs internacionais e 10 Escolas Doutorais, dos quais 30 s\u00e3o lecionados em Ingl\u00eas, Franc\u00eas e Alem\u00e3o. Isto permite promover um ambiente internacional, sendo que 3,5% dos mais de 23.000 estudantes e 10% do corpo docente s\u00e3o internacionais.<\/p>\n\n\n\n<p>De acordo com a classifica\u00e7\u00e3o oficial de 2023, a ASE mant\u00e9m a primeira posi\u00e7\u00e3o na Rom\u00e9nia, estando classificado na faixa dos 501-600 a n\u00edvel mundial como uma das universidades mais inovadoras do mundo com um grande impacto registado em Esp\u00edrito de Empreendedorismo e Aplica\u00e7\u00e3o Industrial. Os resultados mostram que a ASE tem uma propens\u00e3o para desenvolver um forte envolvimento com a sociedade e realizar altera\u00e7\u00f5es s\u00f3lidas no que respeita ao desenvolvimento sustent\u00e1vel, uma vez que as classifica\u00e7\u00f5es foram atribu\u00eddas aos ODS 5\u2013Igualdade de g\u00e9nero (classifica\u00e7\u00e3o 101-200), e ODS 9\u2013Ind\u00fastria, Inova\u00e7\u00e3o e Infraestruturas, SDG 1\u2013Erradicar a Pobreza, SDG 8\u2013Trabalho Digno e Crescimento Econ\u00f3mico (classifica\u00e7\u00e3o 201-300 para cada um deles).<\/p>\n\n\n\n<p>A ASE \u00e9 uma universidade proativa, reconhecida internacionalmente, promotora de valores europeus atrav\u00e9s da educa\u00e7\u00e3o, investiga\u00e7\u00e3o, inova\u00e7\u00e3o, e empenho para com a sociedade. Os seus objetivos-chave incluem: desenvolver parcerias internacionais sustent\u00e1veis nas \u00e1reas da educa\u00e7\u00e3o, investiga\u00e7\u00e3o e inova\u00e7\u00e3o; e desenvolver uma comunidade acad\u00e9mica que partilhe uma cultura organizacional aberta, que seja orientada para o desempenho, e que promova valores humanos universais.<\/p>\n\n\n\n<p>A equipa da ASE \u00e9 a seguinte:<\/p>\n\n\n\n<ul class=\"wp-block-list\">\n<li><a href=\"https:\/\/managevirtually.sdu.edu.tr\/pt\/ro-person1\/\">Professora Doutora Erika MARIN<\/a><\/li>\n\n\n\n<li><a href=\"https:\/\/managevirtually.sdu.edu.tr\/pt\/ro-person2\/\">Professora Doutora Iulia JIANU<\/a><\/li>\n\n\n\n<li><a href=\"https:\/\/managevirtually.sdu.edu.tr\/pt\/ro-person3\/\">Professora Doutora Ionel JIANU<\/a><\/li>\n\n\n\n<li><a href=\"https:\/\/managevirtually.sdu.edu.tr\/pt\/ro-person4\/\">Professora Doutora Eduard CEPTUREANU<\/a><\/li>\n\n\n\n<li><a href=\"https:\/\/managevirtually.sdu.edu.tr\/pt\/ro-person5\/\">Teodora Monica Fulga<\/a><\/li>\n<\/ul>\n","protected":false},"excerpt":{"rendered":"<p>UNIVERSIDADE DE ESTUDOS ECON\u00d3MICOS DE BUCARESTE (ASE) A Universidade de Estudos Econ\u00f3micos de Bucareste (ASE) \u00e9 uma universidade p\u00fablica, o mais importante setor de educa\u00e7\u00e3o em Neg\u00f3cios\/Economia na Rom\u00e9nia. Atualmente, a ASE tem 13 faculdades em v\u00e1rias \u00e1reas &#8211; Contabilidade, Cibern\u00e9tica, Marketing, Gest\u00e3o, Finan\u00e7as, Neg\u00f3cios e Escola Internacionais, Economia do setores Agroalimentar e Ambiental, Economia [&hellip;]<\/p>\n","protected":false},"author":1,"featured_media":0,"parent":0,"menu_order":0,"comment_status":"closed","ping_status":"closed","template":"","meta":{"footnotes":""},"class_list":["post-253","page","type-page","status-publish","hentry"],"_links":{"self":[{"href":"https:\/\/managevirtually.sdu.edu.tr\/pt\/wp-json\/wp\/v2\/pages\/253"}],"collection":[{"href":"https:\/\/managevirtually.sdu.edu.tr\/pt\/wp-json\/wp\/v2\/pages"}],"about":[{"href":"https:\/\/managevirtually.sdu.edu.tr\/pt\/wp-json\/wp\/v2\/types\/page"}],"author":[{"embeddable":true,"href":"https:\/\/managevirtually.sdu.edu.tr\/pt\/wp-json\/wp\/v2\/users\/1"}],"replies":[{"embeddable":true,"href":"https:\/\/managevirtually.sdu.edu.tr\/pt\/wp-json\/wp\/v2\/comments?post=253"}],"version-history":[{"count":2,"href":"https:\/\/managevirtually.sdu.edu.tr\/pt\/wp-json\/wp\/v2\/pages\/253\/revisions"}],"predecessor-version":[{"id":516,"href":"https:\/\/managevirtually.sdu.edu.tr\/pt\/wp-json\/wp\/v2\/pages\/253\/revisions\/516"}],"wp:attachment":[{"href":"https:\/\/managevirtually.sdu.edu.tr\/pt\/wp-json\/wp\/v2\/media?parent=253"}],"curies":[{"name":"wp","href":"https:\/\/api.w.org\/{rel}","templated":true}]}}