{"id":250,"date":"2024-10-16T15:04:38","date_gmt":"2024-10-16T15:04:38","guid":{"rendered":"https:\/\/managevirtually.sdu.edu.tr\/?page_id=250"},"modified":"2025-02-06T20:19:58","modified_gmt":"2025-02-06T17:19:58","slug":"about-us-it","status":"publish","type":"page","link":"https:\/\/managevirtually.sdu.edu.tr\/pt\/about-us-it\/","title":{"rendered":"Quem somos \/ It\u00e1lia"},"content":{"rendered":"\n<p><strong>UNIVERSITY OF SANNIO<\/strong><\/p>\n\n\n\n<p>A Universidade de Sannio (em italiano: Universit\u00e0 degli Studi del Sannio, UNISANNIO) est\u00e1 localizada em Benevento, no Sul de It\u00e1lia. Fundada em 1998 (sendo anteriormente parte da Universidade de Salerno), a Universidade de Sannio est\u00e1 organizada em 3 Departamentos com aproximadamente 6.000 estudantes, e possui uma oferta formativa que inclui licenciaturas e cursos p\u00f3s-graduados nas \u00e1reas do Direito, da Estat\u00edstica, do Ambiente, da Geologia, da Biologia, da Biotecnologia, da Engenharia Civil, da Engenharia Inform\u00e1tica, da Engenharia de Energ\u00e9tica, da Engenharia Eletr\u00f3nica, da Economia e da Organiza\u00e7\u00e3o Empresarial.<\/p>\n\n\n\n<p>A Universidade de Sannio est\u00e1 dividida em 3 Departamentos:<\/p>\n\n\n\n<p>\u2022O Departamento de Direito, Economia, Gest\u00e3o e M\u00e9todos Quantitativos (DEMM) inclui os cursos de primeiro ciclo em Ci\u00eancia Estat\u00edstica e Atu\u00e1ria, Economia, e Banca e Finan\u00e7as; os cursos de especializa\u00e7\u00e3o em Ci\u00eancia Estat\u00edstica e Atu\u00e1ria e em Economia e Gest\u00e3o; o curso magistral em Jurisprud\u00eancia.<\/p>\n\n\n\n<p>\u2022O Departamento de Engenharia (DING) inclui os cursos de primeiro ciclo em Engenharia Inform\u00e1tica, Engenharia Eletr\u00f3nica, Engenharia Civil, Engenharia de Energ\u00e9tica; os cursos de especializa\u00e7\u00e3o em Engenharia Inform\u00e1tica, Engenharia Eletr\u00f3nica, Engenharia Civil, Engenharia de Energ\u00e9tica.<\/p>\n\n\n\n<p>\u2022O Departamento de Ci\u00eancias (DST) inclui os cursos de licenciatura em Biologia, Geologia e Biotecnologia; e os cursos de especializa\u00e7\u00e3o em Biologia, em Ci\u00eancia Gen\u00e9tica e em Ci\u00eancia Geol\u00f3gica.<\/p>\n\n\n\n<p>Os elementos da equipa da Universidade de Sannio s\u00e3o os seguintes:<\/p>\n\n\n\n<ul class=\"wp-block-list\">\n<li><a href=\"https:\/\/managevirtually.sdu.edu.tr\/pt\/it-person1\/\">Professor Doutor Biagio SIMONETTI<\/a><\/li>\n\n\n\n<li><a href=\"https:\/\/managevirtually.sdu.edu.tr\/pt\/it-person2\/\">Professora Adjunta Raffaela CIUFFREDA<\/a><\/li>\n\n\n\n<li><a href=\"https:\/\/managevirtually.sdu.edu.tr\/pt\/it-person3\/\">Professor Doutor Francesco PEPE<\/a><\/li>\n<\/ul>\n\n\n\n<p><\/p>\n","protected":false},"excerpt":{"rendered":"<p>UNIVERSITY OF SANNIO A Universidade de Sannio (em italiano: Universit\u00e0 degli Studi del Sannio, UNISANNIO) est\u00e1 localizada em Benevento, no Sul de It\u00e1lia. Fundada em 1998 (sendo anteriormente parte da Universidade de Salerno), a Universidade de Sannio est\u00e1 organizada em 3 Departamentos com aproximadamente 6.000 estudantes, e possui uma oferta formativa que inclui licenciaturas e [&hellip;]<\/p>\n","protected":false},"author":1,"featured_media":0,"parent":0,"menu_order":0,"comment_status":"closed","ping_status":"closed","template":"","meta":{"footnotes":""},"class_list":["post-250","page","type-page","status-publish","hentry"],"_links":{"self":[{"href":"https:\/\/managevirtually.sdu.edu.tr\/pt\/wp-json\/wp\/v2\/pages\/250"}],"collection":[{"href":"https:\/\/managevirtually.sdu.edu.tr\/pt\/wp-json\/wp\/v2\/pages"}],"about":[{"href":"https:\/\/managevirtually.sdu.edu.tr\/pt\/wp-json\/wp\/v2\/types\/page"}],"author":[{"embeddable":true,"href":"https:\/\/managevirtually.sdu.edu.tr\/pt\/wp-json\/wp\/v2\/users\/1"}],"replies":[{"embeddable":true,"href":"https:\/\/managevirtually.sdu.edu.tr\/pt\/wp-json\/wp\/v2\/comments?post=250"}],"version-history":[{"count":2,"href":"https:\/\/managevirtually.sdu.edu.tr\/pt\/wp-json\/wp\/v2\/pages\/250\/revisions"}],"predecessor-version":[{"id":517,"href":"https:\/\/managevirtually.sdu.edu.tr\/pt\/wp-json\/wp\/v2\/pages\/250\/revisions\/517"}],"wp:attachment":[{"href":"https:\/\/managevirtually.sdu.edu.tr\/pt\/wp-json\/wp\/v2\/media?parent=250"}],"curies":[{"name":"wp","href":"https:\/\/api.w.org\/{rel}","templated":true}]}}