{"id":247,"date":"2024-10-16T14:55:22","date_gmt":"2024-10-16T14:55:22","guid":{"rendered":"https:\/\/managevirtually.sdu.edu.tr\/?page_id=247"},"modified":"2025-02-06T20:20:26","modified_gmt":"2025-02-06T17:20:26","slug":"about-us-tr","status":"publish","type":"page","link":"https:\/\/managevirtually.sdu.edu.tr\/pt\/about-us-tr\/","title":{"rendered":"Quem somos \/ Turquia"},"content":{"rendered":"\n<p><strong>UNIVERSIDADE S\u00dcLEYMAN DEM\u0130REL<\/strong><\/p>\n\n\n\n<p>A Universidade S\u00fcleyman Demirel (SDU), oficialmente criada em 1992, fica situada no centro da cidade de Esparta, na Turquia. Desde a sua cria\u00e7\u00e3o em 1992, a SDU est\u00e1 entre as melhores universidades turcas a n\u00edvel acad\u00e9mico, cient\u00edfico e tecnol\u00f3gico e com um r\u00e1pido crescimento em termos quantitativos e qualitativos. A SDU pretende ser uma inspira\u00e7\u00e3o e ponto de refer\u00eancia ao produzir conhecimento, arte, tecnologia e servi\u00e7os a uma escala universal. Conforme consta do seu lema, a SDU pretende ser \u201cuma universidade inspiradora\u201d em todos os dom\u00ednios. \u00c9 constitu\u00edda, desde 2024, por 14 faculdades e 7 escolas vocacionais. Acolhe mais de 50,000 estudantes e conta com 1829 docentes e 2802 n\u00e3o-docentes. A SDU \u00e9 uma universidade forte, com 6 institui\u00e7\u00f5es e 48 centros de investiga\u00e7\u00e3o. A universidade tem um Departamento de Coordena\u00e7\u00e3o de Projetos de Investiga\u00e7\u00e3o Cient\u00edfica, o qual \u00e9 respons\u00e1vel pelos projetos realizados na universidade. Tem tamb\u00e9m um Departamento de Projetos da Uni\u00e3o Europeia, o qual ajuda na coordena\u00e7\u00e3o de projetos Erasmus.<\/p>\n\n\n\n<p>O Gabinete de Carreira orienta os estudantes a procurarem a carreira certa por si pr\u00f3prios. Tem ainda um Gabinete de Transfer\u00eancia de Tecnologia, o qual promove aulas de Empreendedorismo a empresas start-up. Um dos principais aspetos da universidade s\u00e3o as suas conquistas cient\u00edficas em muitos dom\u00ednios, tais como os processos Erasmus e Bolonha, protocolos de colabora\u00e7\u00e3o entre universidades e projeto de investiga\u00e7\u00e3o internacionais realizados de forma interdisciplinar. A universidade tamb\u00e9m d\u00e1 os passos necess\u00e1rios para a internacionaliza\u00e7\u00e3o ao acolher estudantes internacionais de muitos pa\u00edses, bem como a muitos projetos a decorrer.<\/p>\n\n\n\n<p>Os elementos da equipa da SDU s\u00e3o os seguintes:<\/p>\n\n\n\n<ul class=\"wp-block-list\">\n<li><a href=\"https:\/\/managevirtually.sdu.edu.tr\/pt\/tr-person1\/\">Professora Doutora Aygen OKSAY<\/a><\/li>\n\n\n\n<li><a href=\"https:\/\/managevirtually.sdu.edu.tr\/pt\/tr-person2\/\">Professora Doutora Serpil SENAL<\/a><\/li>\n\n\n\n<li><a href=\"https:\/\/managevirtually.sdu.edu.tr\/pt\/tr-person3\/\">Professora Doutora Burcu ASLANTA\u015e ATE\u015e<\/a><\/li>\n\n\n\n<li><a href=\"https:\/\/managevirtually.sdu.edu.tr\/pt\/tr-person4\/\">Professora Doutora Didar B\u00dcY\u00dcKER \u0130\u015eLER<\/a><\/li>\n\n\n\n<li><a href=\"https:\/\/managevirtually.sdu.edu.tr\/pt\/tr-person5\/\">Professora Doutora G\u00fclay BULGAN<\/a><\/li>\n\n\n\n<li><a href=\"https:\/\/managevirtually.sdu.edu.tr\/pt\/tr-person6\/\">Professora Doutora Ecir U\u011fur K\u00dc\u00c7\u00dcKS\u0130LLE<\/a><\/li>\n\n\n\n<li><a href=\"https:\/\/managevirtually.sdu.edu.tr\/pt\/tr-person7\/\">Professora Adjunto Turgay AYDO\u011eAN<\/a><\/li>\n\n\n\n<li><a href=\"https:\/\/managevirtually.sdu.edu.tr\/pt\/tr-person8\/\">Pssistente de Investiga\u00e7\u00e3o Mehmet MAZAK<\/a><\/li>\n\n\n\n<li><a href=\"https:\/\/managevirtually.sdu.edu.tr\/pt\/tr-person9\/\">Professor Ziya D\u0130RL\u0130K<\/a><\/li>\n<\/ul>\n","protected":false},"excerpt":{"rendered":"<p>UNIVERSIDADE S\u00dcLEYMAN DEM\u0130REL A Universidade S\u00fcleyman Demirel (SDU), oficialmente criada em 1992, fica situada no centro da cidade de Esparta, na Turquia. Desde a sua cria\u00e7\u00e3o em 1992, a SDU est\u00e1 entre as melhores universidades turcas a n\u00edvel acad\u00e9mico, cient\u00edfico e tecnol\u00f3gico e com um r\u00e1pido crescimento em termos quantitativos e qualitativos. A SDU pretende [&hellip;]<\/p>\n","protected":false},"author":1,"featured_media":0,"parent":0,"menu_order":0,"comment_status":"closed","ping_status":"closed","template":"","meta":{"footnotes":""},"class_list":["post-247","page","type-page","status-publish","hentry"],"_links":{"self":[{"href":"https:\/\/managevirtually.sdu.edu.tr\/pt\/wp-json\/wp\/v2\/pages\/247"}],"collection":[{"href":"https:\/\/managevirtually.sdu.edu.tr\/pt\/wp-json\/wp\/v2\/pages"}],"about":[{"href":"https:\/\/managevirtually.sdu.edu.tr\/pt\/wp-json\/wp\/v2\/types\/page"}],"author":[{"embeddable":true,"href":"https:\/\/managevirtually.sdu.edu.tr\/pt\/wp-json\/wp\/v2\/users\/1"}],"replies":[{"embeddable":true,"href":"https:\/\/managevirtually.sdu.edu.tr\/pt\/wp-json\/wp\/v2\/comments?post=247"}],"version-history":[{"count":2,"href":"https:\/\/managevirtually.sdu.edu.tr\/pt\/wp-json\/wp\/v2\/pages\/247\/revisions"}],"predecessor-version":[{"id":518,"href":"https:\/\/managevirtually.sdu.edu.tr\/pt\/wp-json\/wp\/v2\/pages\/247\/revisions\/518"}],"wp:attachment":[{"href":"https:\/\/managevirtually.sdu.edu.tr\/pt\/wp-json\/wp\/v2\/media?parent=247"}],"curies":[{"name":"wp","href":"https:\/\/api.w.org\/{rel}","templated":true}]}}