{"id":214,"date":"2024-10-16T13:50:54","date_gmt":"2024-10-16T13:50:54","guid":{"rendered":"https:\/\/managevirtually.sdu.edu.tr\/?page_id=214"},"modified":"2025-11-10T10:26:06","modified_gmt":"2025-11-10T07:26:06","slug":"conferences","status":"publish","type":"page","link":"https:\/\/managevirtually.sdu.edu.tr\/pt\/conferences\/","title":{"rendered":"Confer\u00eancias-Evento"},"content":{"rendered":"\n<p class=\"has-white-color has-text-color has-background has-link-color has-body-text-font-size wp-elements-0b995017a6bf12418760f3064855bedb\" style=\"background-color:#1a3b49;margin-top:0;margin-bottom:0;padding-top:var(--wp--preset--spacing--20);padding-right:var(--wp--preset--spacing--20);padding-bottom:var(--wp--preset--spacing--20);padding-left:var(--wp--preset--spacing--20)\">Turquia<\/p>\n\n\n\n<p><a href=\"\/pt\/conf-tr\">Confer\u00eancia-Evento 1<\/a><\/p>\n\n\n\n<p><a href=\"\/pt\/conf-tr\/#conf2\">Confer\u00eancia-Evento 2<\/a><\/p>\n\n\n\n<p><a href=\"\/pt\/conf-tr\/#conf3\">Confer\u00eancia-Evento 3<\/a><\/p>\n\n\n\n<p><a href=\"\/pt\/conf-tr\/#conf4\">Confer\u00eancia-Evento 4<\/a><\/p>\n\n\n\n<p><\/p>\n\n\n\n<p class=\"has-white-color has-text-color has-background has-link-color has-body-text-font-size wp-elements-86c46e720c1fd340d9ed2df2146eae82\" style=\"background-color:#1a3b49;margin-top:0;margin-bottom:0;padding-top:var(--wp--preset--spacing--20);padding-right:var(--wp--preset--spacing--20);padding-bottom:var(--wp--preset--spacing--20);padding-left:var(--wp--preset--spacing--20)\">It\u00e1lia<\/p>\n\n\n\n<p><a href=\"\/pt\/conf-it\">Confer\u00eancia-Evento 1<\/a><\/p>\n\n\n\n<p><a href=\"\/pt\/conf-it\/#conf2\">Confer\u00eancia-Evento 2<\/a><\/p>\n\n\n\n<p><a href=\"\/pt\/conf-it\/#conf3\">Confer\u00eancia-Evento 3<\/a><\/p>\n\n\n\n<p><a href=\"\/pt\/conf-it\/#conf4\">Confer\u00eancia-Evento 4<\/a><\/p>\n\n\n\n<p><\/p>\n\n\n\n<p class=\"has-white-color has-text-color has-background has-link-color has-body-text-font-size wp-elements-91b3d18b774337e8789a8845d2ed641a\" style=\"background-color:#1a3b49;margin-top:0;margin-bottom:0;padding-top:var(--wp--preset--spacing--20);padding-right:var(--wp--preset--spacing--20);padding-bottom:var(--wp--preset--spacing--20);padding-left:var(--wp--preset--spacing--20)\">Rom\u00e9nia<\/p>\n\n\n\n<p><a href=\"\/pt\/conf-ro\">Confer\u00eancia-Evento 1<\/a><\/p>\n\n\n\n<p><a href=\"\/pt\/conf-ro\/#conf2\">Confer\u00eancia-Evento 2<\/a><\/p>\n\n\n\n<p><a href=\"\/pt\/conf-ro\/#conf3\">Confer\u00eancia-Evento 3<\/a><\/p>\n\n\n\n<p><a href=\"\/pt\/conf-ro\/#conf4\">Confer\u00eancia-Evento 4<\/a><\/p>\n\n\n\n<p><\/p>\n\n\n\n<p class=\"has-white-color has-text-color has-background has-link-color has-body-text-font-size wp-elements-057a9a4ea088adcdbcfec32cbd5ee0b0\" style=\"background-color:#1a3b49;margin-top:0;margin-bottom:0;padding-top:var(--wp--preset--spacing--20);padding-right:var(--wp--preset--spacing--20);padding-bottom:var(--wp--preset--spacing--20);padding-left:var(--wp--preset--spacing--20)\">Pol\u00f3nia<\/p>\n\n\n\n<p><a href=\"\/pt\/conf-pl\">Confer\u00eancia-Evento 1<\/a><\/p>\n\n\n\n<p><a href=\"\/pt\/conf-pl\/#conf2\">Confer\u00eancia-Evento 2<\/a><\/p>\n\n\n\n<p><a href=\"\/pt\/conf-pl\/#conf3\">Confer\u00eancia-Evento 3<\/a><\/p>\n\n\n\n<p><a href=\"\/pt\/conf-pl\/#conf4\">Confer\u00eancia-Evento 4<\/a><\/p>\n\n\n\n<p><\/p>\n\n\n\n<p class=\"has-white-color has-text-color has-background has-link-color has-body-text-font-size wp-elements-8e5f674bcc59a00a9d1d55fa89e4a110\" style=\"background-color:#1a3b49;margin-top:0;margin-bottom:0;padding-top:var(--wp--preset--spacing--20);padding-right:var(--wp--preset--spacing--20);padding-bottom:var(--wp--preset--spacing--20);padding-left:var(--wp--preset--spacing--20)\">Portugal<\/p>\n\n\n\n<p><a href=\"\/pt\/conf-pt\/\">Confer\u00eancia-Evento 1<\/a><\/p>\n\n\n\n<p><a href=\"\/pt\/conf-pt\/#conf2\">Confer\u00eancia-Evento 2<\/a><\/p>\n\n\n\n<p><a href=\"\/pt\/conf-pt\/#conf3\">Confer\u00eancia-Evento 3<\/a><\/p>\n\n\n\n<p><a href=\"\/pt\/conf-pt\/#conf4\">Confer\u00eancia-Evento 4<\/a><\/p>\n\n\n\n<p><\/p>\n\n\n\n<p><\/p>\n","protected":false},"excerpt":{"rendered":"<p>Turquia Confer\u00eancia-Evento 1 Confer\u00eancia-Evento 2 Confer\u00eancia-Evento 3 Confer\u00eancia-Evento 4 It\u00e1lia Confer\u00eancia-Evento 1 Confer\u00eancia-Evento 2 Confer\u00eancia-Evento 3 Confer\u00eancia-Evento 4 Rom\u00e9nia Confer\u00eancia-Evento 1 Confer\u00eancia-Evento 2 Confer\u00eancia-Evento 3 Confer\u00eancia-Evento 4 Pol\u00f3nia Confer\u00eancia-Evento 1 Confer\u00eancia-Evento 2 Confer\u00eancia-Evento 3 Confer\u00eancia-Evento 4 Portugal Confer\u00eancia-Evento 1 Confer\u00eancia-Evento 2 Confer\u00eancia-Evento 3 Confer\u00eancia-Evento 4<\/p>\n","protected":false},"author":1,"featured_media":0,"parent":0,"menu_order":0,"comment_status":"closed","ping_status":"closed","template":"","meta":{"footnotes":""},"class_list":["post-214","page","type-page","status-publish","hentry"],"_links":{"self":[{"href":"https:\/\/managevirtually.sdu.edu.tr\/pt\/wp-json\/wp\/v2\/pages\/214"}],"collection":[{"href":"https:\/\/managevirtually.sdu.edu.tr\/pt\/wp-json\/wp\/v2\/pages"}],"about":[{"href":"https:\/\/managevirtually.sdu.edu.tr\/pt\/wp-json\/wp\/v2\/types\/page"}],"author":[{"embeddable":true,"href":"https:\/\/managevirtually.sdu.edu.tr\/pt\/wp-json\/wp\/v2\/users\/1"}],"replies":[{"embeddable":true,"href":"https:\/\/managevirtually.sdu.edu.tr\/pt\/wp-json\/wp\/v2\/comments?post=214"}],"version-history":[{"count":5,"href":"https:\/\/managevirtually.sdu.edu.tr\/pt\/wp-json\/wp\/v2\/pages\/214\/revisions"}],"predecessor-version":[{"id":802,"href":"https:\/\/managevirtually.sdu.edu.tr\/pt\/wp-json\/wp\/v2\/pages\/214\/revisions\/802"}],"wp:attachment":[{"href":"https:\/\/managevirtually.sdu.edu.tr\/pt\/wp-json\/wp\/v2\/media?parent=214"}],"curies":[{"name":"wp","href":"https:\/\/api.w.org\/{rel}","templated":true}]}}