{"id":210,"date":"2024-10-16T13:50:00","date_gmt":"2024-10-16T13:50:00","guid":{"rendered":"https:\/\/managevirtually.sdu.edu.tr\/?page_id=210"},"modified":"2025-10-16T14:01:19","modified_gmt":"2025-10-16T11:01:19","slug":"pressroom","status":"publish","type":"page","link":"https:\/\/managevirtually.sdu.edu.tr\/pt\/pressroom\/","title":{"rendered":"Imprensa"},"content":{"rendered":"\n<p class=\"has-body-text-font-size\"><a href=\"https:\/\/www.ispartamanset.com\/sdunun-ka220-hed-projesi-kabul-edildi-18537-haberi\" data-type=\"link\" data-id=\"https:\/\/www.ispartamanset.com\/sdunun-ka220-hed-projesi-kabul-edildi-18537-haberi\" target=\"_blank\" rel=\"noreferrer noopener nofollow\">Not\u00edcia 1<\/a><\/p>\n\n\n\n<p><a href=\"https:\/\/www.haber32.com.tr\/sdunun-o-projesi-kabul-edildi\" target=\"_blank\" rel=\"noreferrer noopener nofollow\">Not\u00edcia 2<\/a><\/p>\n\n\n\n<p><a href=\"https:\/\/bomba32.com\/haber\/isparta\/sdu%27nun-ka220-hed-projesi-kabul-edildi\/60908.html\" target=\"_blank\" rel=\"noreferrer noopener nofollow\">Not\u00edcia 3<\/a><\/p>\n\n\n\n<p><a href=\"https:\/\/w3.sdu.edu.tr\/haber\/11881\/sdunun-ka220-hed-projesi-kabul-edildi\" target=\"_blank\" rel=\"noreferrer noopener nofollow\">Not\u00edcia 4<\/a><\/p>\n\n\n\n<p><a href=\"https:\/\/w3.sdu.edu.tr\/haber\/12203\/management-in-a-virtual-world-projesinin-acilis-toplantisi-yapildi\" target=\"_blank\" rel=\"noreferrer noopener nofollow\">Not\u00edcia 5<\/a><\/p>\n\n\n\n<p><a href=\"https:\/\/bomba32.com\/haber\/isparta\/management-in-a-virtual-world-projesinin-acilis-toplantisi-yapildi\/67177.html\" target=\"_blank\" rel=\"noreferrer noopener nofollow\">Not\u00edcia 6<\/a><\/p>\n\n\n\n<p><a href=\"https:\/\/www.iscap.ipp.pt\/destaques-1\/noticias\/primeira-reuniao-do-projeto-internacional-manage-virtually\" target=\"_blank\" rel=\"noreferrer noopener nofollow\">Not\u00edcia 7<\/a><\/p>\n\n\n\n<p><a href=\"https:\/\/www.bomba32.com\/haber\/haber\/isparta\/egitimde-simulasyon-kullanimi-artacak\/75130.html\" target=\"_blank\" rel=\"noreferrer noopener nofollow\">Not\u00edcia 8<\/a><\/p>\n\n\n\n<p><a href=\"https:\/\/www.haber32.com.tr\/egitimde-simulasyon-kullanimi-artacak\" target=\"_blank\" rel=\"noreferrer noopener nofollow\">Not\u00edcia 9<\/a><\/p>\n\n\n\n<p><a href=\"https:\/\/managevirtually.sdu.edu.tr\/pt\/wp-content\/uploads\/sites\/7\/2025\/02\/2024-resumo-manage-virually-DICEOS-2024.pdf\" target=\"_blank\" rel=\"noreferrer noopener nofollow\">Not\u00edcia 10<\/a><\/p>\n\n\n\n<p><a href=\"https:\/\/zie.pg.edu.pl\/aktualnosci\/2024-11\/kolejny-sukces-wzie-w-programie-erasmus\" target=\"_blank\" rel=\"noreferrer noopener nofollow\">Not\u00edcia 11<\/a><\/p>\n\n\n\n<p><a href=\"https:\/\/zie.pg.edu.pl\/aktualnosci\/2024-12\/ii-miedzynarodowe-spotkanie-projektowe-zarzadzanie-w-wirtualnym-swiecie\" target=\"_blank\" rel=\"noreferrer noopener nofollow\">Not\u00edcia 12<\/a><\/p>\n\n\n\n<p><a href=\"https:\/\/zie.pg.edu.pl\/aktualnosci\/2025-04\/wizyta-w-ramach-projektu-management-virtual-world-erasmus\" target=\"_blank\" rel=\"noreferrer noopener nofollow\">Not\u00edcia 13<\/a><\/p>\n\n\n\n<p><a href=\"https:\/\/w3.sdu.edu.tr\/haber\/12823\/management-in-a-virtual-world-projesinin-3uncu-toplantisi-gerceklestirildi\" target=\"_blank\" rel=\"noreferrer noopener nofollow\">Not\u00edcia 14<\/a><\/p>\n\n\n\n<p><a href=\"https:\/\/www.bomba32.com\/haber\/isparta\/management-in-a-virtual-world-projesinin-3uncu-toplantisi\/79943.html\" target=\"_blank\" rel=\"noreferrer noopener nofollow\">Not\u00edcia 15<\/a><\/p>\n\n\n\n<p><a href=\"https:\/\/www.demokrat32.com\/haber\/24645944\/management-in-a-virtual-world-projesinin-3uncu-toplantisi-gerceklestirildi\" target=\"_blank\" rel=\"noreferrer noopener nofollow\">Not\u00edcia 16<\/a><\/p>\n\n\n\n<p><a href=\"https:\/\/www.habersulh.com\/management-in-a-virtual-world-projesinin-3uncu-toplantisi-gerceklestirildi-15379-haberi\" target=\"_blank\" rel=\"noreferrer noopener nofollow\">Not\u00edcia 17<\/a><\/p>\n\n\n\n<p><a href=\"https:\/\/zie.pg.edu.pl\/wydzial\/wydzial-w-obiektywie\/2025\/management-virtual-world-mvw\">Not\u00edcia 18<\/a><\/p>\n\n\n\n<p><\/p>\n","protected":false},"excerpt":{"rendered":"<p>Not\u00edcia 1 Not\u00edcia 2 Not\u00edcia 3 Not\u00edcia 4 Not\u00edcia 5 Not\u00edcia 6 Not\u00edcia 7 Not\u00edcia 8 Not\u00edcia 9 Not\u00edcia 10 Not\u00edcia 11 Not\u00edcia 12 Not\u00edcia 13 Not\u00edcia 14 Not\u00edcia 15 Not\u00edcia 16 Not\u00edcia 17 Not\u00edcia 18<\/p>\n","protected":false},"author":1,"featured_media":0,"parent":0,"menu_order":0,"comment_status":"closed","ping_status":"closed","template":"","meta":{"footnotes":""},"class_list":["post-210","page","type-page","status-publish","hentry"],"_links":{"self":[{"href":"https:\/\/managevirtually.sdu.edu.tr\/pt\/wp-json\/wp\/v2\/pages\/210"}],"collection":[{"href":"https:\/\/managevirtually.sdu.edu.tr\/pt\/wp-json\/wp\/v2\/pages"}],"about":[{"href":"https:\/\/managevirtually.sdu.edu.tr\/pt\/wp-json\/wp\/v2\/types\/page"}],"author":[{"embeddable":true,"href":"https:\/\/managevirtually.sdu.edu.tr\/pt\/wp-json\/wp\/v2\/users\/1"}],"replies":[{"embeddable":true,"href":"https:\/\/managevirtually.sdu.edu.tr\/pt\/wp-json\/wp\/v2\/comments?post=210"}],"version-history":[{"count":5,"href":"https:\/\/managevirtually.sdu.edu.tr\/pt\/wp-json\/wp\/v2\/pages\/210\/revisions"}],"predecessor-version":[{"id":623,"href":"https:\/\/managevirtually.sdu.edu.tr\/pt\/wp-json\/wp\/v2\/pages\/210\/revisions\/623"}],"wp:attachment":[{"href":"https:\/\/managevirtually.sdu.edu.tr\/pt\/wp-json\/wp\/v2\/media?parent=210"}],"curies":[{"name":"wp","href":"https:\/\/api.w.org\/{rel}","templated":true}]}}