{"id":208,"date":"2024-10-16T13:48:36","date_gmt":"2024-10-16T13:48:36","guid":{"rendered":"https:\/\/managevirtually.sdu.edu.tr\/?page_id=208"},"modified":"2025-03-12T20:56:26","modified_gmt":"2025-03-12T17:56:26","slug":"educations","status":"publish","type":"page","link":"https:\/\/managevirtually.sdu.edu.tr\/pt\/educations\/","title":{"rendered":"Conte\u00fado Educativo"},"content":{"rendered":"\n<p><a href=\"https:\/\/managevirtually.sdu.edu.tr\/pt\/education-tr\/\" data-type=\"page\" data-id=\"498\">1.Turquia<\/a><\/p>\n\n\n\n<p><a href=\"https:\/\/managevirtually.sdu.edu.tr\/pt\/education-pl\/\" data-type=\"page\" data-id=\"506\">2.Pol\u00f3nia<\/a><\/p>\n\n\n\n<p><a href=\"https:\/\/managevirtually.sdu.edu.tr\/pt\/education-it\/\" data-type=\"page\" data-id=\"508\">3.It\u00e1lia<\/a><\/p>\n\n\n\n<p><a href=\"https:\/\/managevirtually.sdu.edu.tr\/pt\/education-ro\/\" data-type=\"page\" data-id=\"504\">4.Rom\u00e9nia<\/a><\/p>\n\n\n\n<p><a href=\"https:\/\/managevirtually.sdu.edu.tr\/pt\/education-pt\/\" data-type=\"page\" data-id=\"502\">5.Portugal<\/a><\/p>\n","protected":false},"excerpt":{"rendered":"<p>1.Turquia 2.Pol\u00f3nia 3.It\u00e1lia 4.Rom\u00e9nia 5.Portugal<\/p>\n","protected":false},"author":1,"featured_media":0,"parent":0,"menu_order":0,"comment_status":"closed","ping_status":"closed","template":"","meta":{"footnotes":""},"class_list":["post-208","page","type-page","status-publish","hentry"],"_links":{"self":[{"href":"https:\/\/managevirtually.sdu.edu.tr\/pt\/wp-json\/wp\/v2\/pages\/208"}],"collection":[{"href":"https:\/\/managevirtually.sdu.edu.tr\/pt\/wp-json\/wp\/v2\/pages"}],"about":[{"href":"https:\/\/managevirtually.sdu.edu.tr\/pt\/wp-json\/wp\/v2\/types\/page"}],"author":[{"embeddable":true,"href":"https:\/\/managevirtually.sdu.edu.tr\/pt\/wp-json\/wp\/v2\/users\/1"}],"replies":[{"embeddable":true,"href":"https:\/\/managevirtually.sdu.edu.tr\/pt\/wp-json\/wp\/v2\/comments?post=208"}],"version-history":[{"count":2,"href":"https:\/\/managevirtually.sdu.edu.tr\/pt\/wp-json\/wp\/v2\/pages\/208\/revisions"}],"predecessor-version":[{"id":547,"href":"https:\/\/managevirtually.sdu.edu.tr\/pt\/wp-json\/wp\/v2\/pages\/208\/revisions\/547"}],"wp:attachment":[{"href":"https:\/\/managevirtually.sdu.edu.tr\/pt\/wp-json\/wp\/v2\/media?parent=208"}],"curies":[{"name":"wp","href":"https:\/\/api.w.org\/{rel}","templated":true}]}}