{"id":821,"date":"2025-11-25T10:37:29","date_gmt":"2025-11-25T10:37:29","guid":{"rendered":"https:\/\/managevirtually.sdu.edu.tr\/?page_id=813"},"modified":"2025-11-25T14:04:33","modified_gmt":"2025-11-25T11:04:33","slug":"workshop","status":"publish","type":"page","link":"https:\/\/managevirtually.sdu.edu.tr\/pl\/workshop\/","title":{"rendered":"Spotkania projektowe \/ Warsztat"},"content":{"rendered":"\n<p>Warsztat w ramach projektu &#8222;Zarz\u0105dzanie w wirtualnym \u015bwiecie&#8221;, koordynowany przez Uniwersytet S\u00fcleyman Demirel i wspierany przez Tureck\u0105 Agencj\u0119 Narodow\u0105, odby\u0142 si\u0119 19 listopada 2025 roku. Spotkanie, kt\u00f3re odby\u0142o si\u0119 na Wydziale Ekonomii i Nauk Administracyjnych Uniwersytetu S\u00fcleyman Demirel, rozpocz\u0119\u0142o si\u0119 od spotkania otwieraj\u0105cego. W spotkaniu uczestniczyli: Rektor Uniwersytetu S\u00fcleyman Demirel Prof. Dr. Mehmet SALTAN, Dziekan Wydzia\u0142u Nauk Ekonomicznych i Administracyjnych Prof. Dr. Hakan Mehmet K\u0130R\u0130\u015e, partnerzy projektu oraz wielu naukowc\u00f3w.<\/p>\n\n\n\n<figure class=\"wp-block-image aligncenter size-full\"><img decoding=\"async\" src=\"https:\/\/managevirtually.sdu.edu.tr\/pl\/wp-content\/uploads\/sites\/6\/2025\/11\/image-3.png\" alt=\"\" class=\"wp-image-814\"\/><\/figure>\n\n\n\n<p>W trakcie spotkania odby\u0142a si\u0119 naukowa wymiana mi\u0119dzykulturowa. Po spotkaniu rozpocz\u0119\u0142y si\u0119 warsztaty hybrydowe. Koordynator projektu Prof. Dr. Aygen OKSAY, kt\u00f3ra zainicjowa\u0142a wydarzenie, najpierw poinformowa\u0142a uczestnik\u00f3w online i onsite o 24-miesi\u0119cznym przebiegu projektu. Prof. Dr. Oksay wyja\u015bni\u0142a, \u017ce symulacja biznesowa zosta\u0142a opracowana w ramach projektu przy wsparciu T\u00dcB\u0130TAK 1001. Ta symulacja, przet\u0142umaczona na j\u0119zyk angielski i udost\u0119pniona partnerskim uniwersytetom, zosta\u0142a zaprojektowana, aby zapewni\u0107 studentom do\u015bwiadczenie w procesach zarz\u0105dzania. Nast\u0119pnie Prof. Dr. Serpil SENAL zaprezentowa\u0142a platform\u0119 symulacyjn\u0105. Prof. Dr. SENAL zademonstrowa\u0142a oprogramowanie symulacyjne u\u017cywane jako technika nauczania w projekcie poprzez praktyczne zastosowanie przy u\u017cyciu przyk\u0142adowego scenariusza. Dzi\u0119ki temu uczestnicy mieli szczeg\u00f3\u0142owe informacje na temat oprogramowania symulacyjnego. Po prezentacji oprogramowania prof. dr. OKSAY podzieli\u0142a si\u0119 wynikami symulacji.<\/p>\n\n\n\n<figure class=\"wp-block-image aligncenter size-full\"><img decoding=\"async\" src=\"https:\/\/managevirtually.sdu.edu.tr\/pl\/wp-content\/uploads\/sites\/6\/2025\/11\/image-4.png\" alt=\"\" class=\"wp-image-820\"\/><\/figure>\n\n\n\n<p>Po warsztatach odby\u0142a si\u0119 ceremonia wr\u0119czenia nagr\u00f3d. Studenci, kt\u00f3rzy analizowali scenariusze, pisali raporty i podejmowali decyzje dotycz\u0105ce swoich zespo\u0142\u00f3w za pomoc\u0105 oprogramowania symulacyjnego w ca\u0142ym projekcie, zostali nagrodzeni za sw\u00f3j wk\u0142ad wr\u0119czonymi podarunkami oraz medalami. Certyfikaty uczestnictwa zosta\u0142y rozdane wszystkim uczestnikom i spotkanie zako\u0144czy\u0142o si\u0119.<\/p>\n\n\n\n<figure class=\"wp-block-image aligncenter size-full\"><img decoding=\"async\" src=\"https:\/\/managevirtually.sdu.edu.tr\/pl\/wp-content\/uploads\/sites\/6\/2025\/11\/image-5.png\" alt=\"\" class=\"wp-image-821\"\/><\/figure>\n","protected":false},"excerpt":{"rendered":"<p>Warsztat w ramach projektu &#8222;Zarz\u0105dzanie w wirtualnym \u015bwiecie&#8221;, koordynowany przez Uniwersytet S\u00fcleyman Demirel i wspierany przez Tureck\u0105 Agencj\u0119 Narodow\u0105, odby\u0142 si\u0119 19 listopada 2025 roku. Spotkanie, kt\u00f3re odby\u0142o si\u0119 na Wydziale Ekonomii i Nauk Administracyjnych Uniwersytetu S\u00fcleyman Demirel, rozpocz\u0119\u0142o si\u0119 od spotkania otwieraj\u0105cego. W spotkaniu uczestniczyli: Rektor Uniwersytetu S\u00fcleyman Demirel Prof. Dr. Mehmet SALTAN, Dziekan [&hellip;]<\/p>\n","protected":false},"author":1,"featured_media":0,"parent":0,"menu_order":0,"comment_status":"closed","ping_status":"closed","template":"","meta":{"footnotes":""},"class_list":["post-821","page","type-page","status-publish","hentry"],"_links":{"self":[{"href":"https:\/\/managevirtually.sdu.edu.tr\/pl\/wp-json\/wp\/v2\/pages\/821"}],"collection":[{"href":"https:\/\/managevirtually.sdu.edu.tr\/pl\/wp-json\/wp\/v2\/pages"}],"about":[{"href":"https:\/\/managevirtually.sdu.edu.tr\/pl\/wp-json\/wp\/v2\/types\/page"}],"author":[{"embeddable":true,"href":"https:\/\/managevirtually.sdu.edu.tr\/pl\/wp-json\/wp\/v2\/users\/1"}],"replies":[{"embeddable":true,"href":"https:\/\/managevirtually.sdu.edu.tr\/pl\/wp-json\/wp\/v2\/comments?post=821"}],"version-history":[{"count":1,"href":"https:\/\/managevirtually.sdu.edu.tr\/pl\/wp-json\/wp\/v2\/pages\/821\/revisions"}],"predecessor-version":[{"id":827,"href":"https:\/\/managevirtually.sdu.edu.tr\/pl\/wp-json\/wp\/v2\/pages\/821\/revisions\/827"}],"wp:attachment":[{"href":"https:\/\/managevirtually.sdu.edu.tr\/pl\/wp-json\/wp\/v2\/media?parent=821"}],"curies":[{"name":"wp","href":"https:\/\/api.w.org\/{rel}","templated":true}]}}