{"id":817,"date":"2025-11-25T10:33:50","date_gmt":"2025-11-25T10:33:50","guid":{"rendered":"https:\/\/managevirtually.sdu.edu.tr\/?page_id=805"},"modified":"2025-11-25T14:01:15","modified_gmt":"2025-11-25T11:01:15","slug":"closing-meeting","status":"publish","type":"page","link":"https:\/\/managevirtually.sdu.edu.tr\/pl\/closing-meeting\/","title":{"rendered":"Spotkania projektowe \/ Spotkanie zamykaj\u0105ce"},"content":{"rendered":"\n<p>Spotkanie zamykaj\u0105ce projekt \u201eZarz\u0105dzanie w wirtualnym \u015bwiecie\u201d, koordynowany przez Uniwersytet S\u00fcleymana Demirela i wspierany przez Tureck\u0105 Agencj\u0119 Narodow\u0105, odby\u0142o si\u0119 w Isparcie w dniach 18-19 listopada 2025 r. Uczestniczyli w nim przedstawiciele z: Uniwersytetu Sannio (W\u0142ochy), Uniwersytetu Studi\u00f3w Ekonomicznych w Bukareszcie (BUES, Rumunia), Politechniki Gda\u0144skiej (WZiE PG, Polska) oraz Politechniki w Porto (ISCAP, Portugalia). Ka\u017cdy z partner\u00f3w projektu uczestniczy\u0142 w spotkaniu zamykaj\u0105cym z jednym ze swoich student\u00f3w. Spotkanie zamykaj\u0105ce, kt\u00f3re odby\u0142o si\u0119 18 listopada 2025 r., rozpocz\u0119\u0142o si\u0119 prezentacj\u0105 kierownika projektu, prof. dr. Aygen Oksay.<\/p>\n\n\n\n<figure class=\"wp-block-image aligncenter size-full\"><img decoding=\"async\" src=\"https:\/\/managevirtually.sdu.edu.tr\/pl\/wp-content\/uploads\/sites\/6\/2025\/11\/image.png\" alt=\"\" class=\"wp-image-806\"\/><\/figure>\n\n\n\n<figure class=\"wp-block-image aligncenter size-full\"><img decoding=\"async\" src=\"https:\/\/managevirtually.sdu.edu.tr\/pl\/wp-content\/uploads\/sites\/6\/2025\/11\/image-1.png\" alt=\"\" class=\"wp-image-807\"\/><\/figure>\n\n\n\n<p>Prof. dr Oksay przedstawi\u0142a og\u00f3lne informacje na temat procesu, cel\u00f3w i rezultat\u00f3w projektu. Nast\u0119pnie ka\u017cdy z partner\u00f3w projektu przedstawi\u0142 swoje rezultaty. Po prezentacjach kierownik projektu, prof. dr Oksay, przedstawi\u0142a wyniki statystyczne. Po wymianie pogl\u0105d\u00f3w uczestnicy wymienili si\u0119 pomys\u0142ami na temat rezultat\u00f3w. Spotkanie kontynuowano, a prof. dr Oksay zaprosi\u0142a student\u00f3w, kt\u00f3rzy uczestniczyli w spotkaniu z partnerami projektu i byli bezpo\u015brednimi u\u017cytkownikami metody symulacji, do podzielenia si\u0119 swoimi pomys\u0142ami, do\u015bwiadczeniami i sugestiami. Wymiana ta doprowadzi\u0142a do wniosku, \u017ce szkolenia oparte na symulacji stanowi\u0105 pomost mi\u0119dzy wiedz\u0105 teoretyczn\u0105 a praktyk\u0105, zapewniaj\u0105c praktyczne do\u015bwiadczenie.<\/p>\n\n\n\n<figure class=\"wp-block-image aligncenter size-full\"><img decoding=\"async\" src=\"https:\/\/managevirtually.sdu.edu.tr\/pl\/wp-content\/uploads\/sites\/6\/2025\/11\/image-2.png\" alt=\"\" class=\"wp-image-808\"\/><\/figure>\n","protected":false},"excerpt":{"rendered":"<p>Spotkanie zamykaj\u0105ce projekt \u201eZarz\u0105dzanie w wirtualnym \u015bwiecie\u201d, koordynowany przez Uniwersytet S\u00fcleymana Demirela i wspierany przez Tureck\u0105 Agencj\u0119 Narodow\u0105, odby\u0142o si\u0119 w Isparcie w dniach 18-19 listopada 2025 r. Uczestniczyli w nim przedstawiciele z: Uniwersytetu Sannio (W\u0142ochy), Uniwersytetu Studi\u00f3w Ekonomicznych w Bukareszcie (BUES, Rumunia), Politechniki Gda\u0144skiej (WZiE PG, Polska) oraz Politechniki w Porto (ISCAP, Portugalia). Ka\u017cdy [&hellip;]<\/p>\n","protected":false},"author":1,"featured_media":0,"parent":0,"menu_order":0,"comment_status":"closed","ping_status":"closed","template":"","meta":{"footnotes":""},"class_list":["post-817","page","type-page","status-publish","hentry"],"_links":{"self":[{"href":"https:\/\/managevirtually.sdu.edu.tr\/pl\/wp-json\/wp\/v2\/pages\/817"}],"collection":[{"href":"https:\/\/managevirtually.sdu.edu.tr\/pl\/wp-json\/wp\/v2\/pages"}],"about":[{"href":"https:\/\/managevirtually.sdu.edu.tr\/pl\/wp-json\/wp\/v2\/types\/page"}],"author":[{"embeddable":true,"href":"https:\/\/managevirtually.sdu.edu.tr\/pl\/wp-json\/wp\/v2\/users\/1"}],"replies":[{"embeddable":true,"href":"https:\/\/managevirtually.sdu.edu.tr\/pl\/wp-json\/wp\/v2\/comments?post=817"}],"version-history":[{"count":1,"href":"https:\/\/managevirtually.sdu.edu.tr\/pl\/wp-json\/wp\/v2\/pages\/817\/revisions"}],"predecessor-version":[{"id":825,"href":"https:\/\/managevirtually.sdu.edu.tr\/pl\/wp-json\/wp\/v2\/pages\/817\/revisions\/825"}],"wp:attachment":[{"href":"https:\/\/managevirtually.sdu.edu.tr\/pl\/wp-json\/wp\/v2\/media?parent=817"}],"curies":[{"name":"wp","href":"https:\/\/api.w.org\/{rel}","templated":true}]}}