{"id":777,"date":"2025-10-22T11:29:33","date_gmt":"2025-10-22T11:29:33","guid":{"rendered":"https:\/\/managevirtually.sdu.edu.tr\/?page_id=777"},"modified":"2025-11-10T13:44:44","modified_gmt":"2025-11-10T10:44:44","slug":"conf-it","status":"publish","type":"page","link":"https:\/\/managevirtually.sdu.edu.tr\/pl\/conf-it\/","title":{"rendered":"Konferencje-Eveniment \u2013 W\u0142ochy"},"content":{"rendered":"\n<p class=\"has-white-color has-text-color has-background has-link-color has-extra-small-font-size wp-elements-3557427e6e2b84ab9a4695938d378a49\" style=\"background-color:#1a3b49\"><a name=\"conf1\">Konferencje-Eveniment 1<\/a><\/p>\n\n\n\n<figure class=\"wp-block-image aligncenter size-full is-resized\"><img loading=\"lazy\" decoding=\"async\" width=\"960\" height=\"720\" src=\"https:\/\/managevirtually.sdu.edu.tr\/pl\/wp-content\/uploads\/sites\/6\/2025\/10\/Foto1.jpg\" alt=\"\" class=\"wp-image-779\" style=\"width:702px;height:auto\" srcset=\"https:\/\/managevirtually.sdu.edu.tr\/pl\/wp-content\/uploads\/sites\/6\/2025\/10\/Foto1.jpg 960w, https:\/\/managevirtually.sdu.edu.tr\/pl\/wp-content\/uploads\/sites\/6\/2025\/10\/Foto1-300x225.jpg 300w, https:\/\/managevirtually.sdu.edu.tr\/pl\/wp-content\/uploads\/sites\/6\/2025\/10\/Foto1-768x576.jpg 768w\" sizes=\"(max-width: 960px) 100vw, 960px\" \/><\/figure>\n\n\n\n<p><strong>Prof. Angelo Riviezzo \u2013 Zarz\u0105dzanie<br><\/strong>Inspiruj\u0105ca sesja prowadzona przez prof. Angelo Riviezzo, kt\u00f3ry podzieli\u0142 si\u0119 cennymi spostrze\u017ceniami na temat zarz\u0105dzania strategicznego i innowacji. Stymuluj\u0105cy dialog mi\u0119dzy teori\u0105 a praktyk\u0105.<\/p>\n\n\n\n<hr class=\"wp-block-separator has-alpha-channel-opacity\"\/>\n\n\n\n<p class=\"has-white-color has-text-color has-background has-link-color has-extra-small-font-size wp-elements-20a90eb9948c01b2fbc69c48d5a0088c\" style=\"background-color:#1a3b49\"><a name=\"conf2\">Konferencje-Eveniment 2<\/a><\/p>\n\n\n\n<figure class=\"wp-block-image aligncenter size-large is-resized\"><img loading=\"lazy\" decoding=\"async\" width=\"1024\" height=\"768\" src=\"https:\/\/managevirtually.sdu.edu.tr\/pl\/wp-content\/uploads\/sites\/6\/2025\/10\/Foto2-1024x768.jpg\" alt=\"\" class=\"wp-image-780\" style=\"width:705px;height:auto\" srcset=\"https:\/\/managevirtually.sdu.edu.tr\/pl\/wp-content\/uploads\/sites\/6\/2025\/10\/Foto2-1024x768.jpg 1024w, https:\/\/managevirtually.sdu.edu.tr\/pl\/wp-content\/uploads\/sites\/6\/2025\/10\/Foto2-300x225.jpg 300w, https:\/\/managevirtually.sdu.edu.tr\/pl\/wp-content\/uploads\/sites\/6\/2025\/10\/Foto2-768x576.jpg 768w, https:\/\/managevirtually.sdu.edu.tr\/pl\/wp-content\/uploads\/sites\/6\/2025\/10\/Foto2-1536x1152.jpg 1536w, https:\/\/managevirtually.sdu.edu.tr\/pl\/wp-content\/uploads\/sites\/6\/2025\/10\/Foto2.jpg 1600w\" sizes=\"(max-width: 1024px) 100vw, 1024px\" \/><\/figure>\n\n\n\n<p><br><strong>Prof. Roberto Jannelli \u2013 Finanse<br><\/strong>Prof. Roberto Jannelli przedstawi\u0142 jasny i anga\u017cuj\u0105cy przegl\u0105d nowoczesnych finans\u00f3w, analizuj\u0105c rynki, ryzyko i strategie inwestycyjne z niezwyk\u0142\u0105 precyzj\u0105 i jasno\u015bci\u0105.<\/p>\n\n\n\n<hr class=\"wp-block-separator has-alpha-channel-opacity\"\/>\n\n\n\n<p class=\"has-white-color has-text-color has-background has-link-color has-extra-small-font-size wp-elements-46b46bc90e3a77effa24b2b8e21890ca\" style=\"background-color:#1a3b49\"><a name=\"conf3\">Konferencje-Eveniment 3<\/a><\/p>\n\n\n\n<figure class=\"wp-block-image aligncenter size-full\"><img loading=\"lazy\" decoding=\"async\" width=\"709\" height=\"427\" src=\"https:\/\/managevirtually.sdu.edu.tr\/pl\/wp-content\/uploads\/sites\/6\/2025\/10\/Foto3.jpg\" alt=\"\" class=\"wp-image-781\" srcset=\"https:\/\/managevirtually.sdu.edu.tr\/pl\/wp-content\/uploads\/sites\/6\/2025\/10\/Foto3.jpg 709w, https:\/\/managevirtually.sdu.edu.tr\/pl\/wp-content\/uploads\/sites\/6\/2025\/10\/Foto3-300x181.jpg 300w\" sizes=\"(max-width: 709px) 100vw, 709px\" \/><\/figure>\n\n\n\n<p><br><strong>Prof. Riccardo Resciniti \u2013 Marketing<br><\/strong>Pouczaj\u0105ce seminarium prof. Riccardo Rescinitiego na temat strategii marketingowych i zachowa\u0144 konsument\u00f3w \u2014 podr\u00f3\u017c przez dane, kreatywno\u015b\u0107 i globalne perspektywy.<\/p>\n\n\n\n<hr class=\"wp-block-separator has-alpha-channel-opacity\"\/>\n\n\n\n<p class=\"has-white-color has-text-color has-background has-link-color has-extra-small-font-size wp-elements-f6ea0fcbdcbac3af1c127ada124eaa4f\" style=\"background-color:#1a3b49\"><a name=\"conf4\">Konferencje-Eveniment 4<\/a><\/p>\n\n\n\n<figure class=\"wp-block-image aligncenter size-large is-resized\"><img loading=\"lazy\" decoding=\"async\" width=\"768\" height=\"1024\" src=\"https:\/\/managevirtually.sdu.edu.tr\/pl\/wp-content\/uploads\/sites\/6\/2025\/10\/Foto4-768x1024.jpg\" alt=\"\" class=\"wp-image-782\" style=\"width:710px;height:auto\" srcset=\"https:\/\/managevirtually.sdu.edu.tr\/pl\/wp-content\/uploads\/sites\/6\/2025\/10\/Foto4-768x1024.jpg 768w, https:\/\/managevirtually.sdu.edu.tr\/pl\/wp-content\/uploads\/sites\/6\/2025\/10\/Foto4-225x300.jpg 225w, https:\/\/managevirtually.sdu.edu.tr\/pl\/wp-content\/uploads\/sites\/6\/2025\/10\/Foto4-1152x1536.jpg 1152w, https:\/\/managevirtually.sdu.edu.tr\/pl\/wp-content\/uploads\/sites\/6\/2025\/10\/Foto4.jpg 1536w\" sizes=\"(max-width: 768px) 100vw, 768px\" \/><\/figure>\n\n\n\n<p><br><strong>Prof. Gilda Antonelli \u2013 Zarz\u0105dzanie Zasobami Ludzkimi<br><\/strong>Prof. Gilda Antonelli wyg\u0142osi\u0142a dynamiczny wyk\u0142ad na temat zarz\u0105dzania zasobami ludzkimi, k\u0142ad\u0105c nacisk na przyw\u00f3dztwo, motywacj\u0119 i znaczenie ludzi w sukcesie organizacji.<\/p>\n","protected":false},"excerpt":{"rendered":"<p>Konferencje-Eveniment 1 Prof. Angelo Riviezzo \u2013 Zarz\u0105dzanieInspiruj\u0105ca sesja prowadzona przez prof. Angelo Riviezzo, kt\u00f3ry podzieli\u0142 si\u0119 cennymi spostrze\u017ceniami na temat zarz\u0105dzania strategicznego i innowacji. Stymuluj\u0105cy dialog mi\u0119dzy teori\u0105 a praktyk\u0105. Konferencje-Eveniment 2 Prof. Roberto Jannelli \u2013 FinanseProf. Roberto Jannelli przedstawi\u0142 jasny i anga\u017cuj\u0105cy przegl\u0105d nowoczesnych finans\u00f3w, analizuj\u0105c rynki, ryzyko i strategie inwestycyjne z niezwyk\u0142\u0105 precyzj\u0105 [&hellip;]<\/p>\n","protected":false},"author":1,"featured_media":0,"parent":0,"menu_order":0,"comment_status":"closed","ping_status":"closed","template":"","meta":{"footnotes":""},"class_list":["post-777","page","type-page","status-publish","hentry"],"_links":{"self":[{"href":"https:\/\/managevirtually.sdu.edu.tr\/pl\/wp-json\/wp\/v2\/pages\/777"}],"collection":[{"href":"https:\/\/managevirtually.sdu.edu.tr\/pl\/wp-json\/wp\/v2\/pages"}],"about":[{"href":"https:\/\/managevirtually.sdu.edu.tr\/pl\/wp-json\/wp\/v2\/types\/page"}],"author":[{"embeddable":true,"href":"https:\/\/managevirtually.sdu.edu.tr\/pl\/wp-json\/wp\/v2\/users\/1"}],"replies":[{"embeddable":true,"href":"https:\/\/managevirtually.sdu.edu.tr\/pl\/wp-json\/wp\/v2\/comments?post=777"}],"version-history":[{"count":2,"href":"https:\/\/managevirtually.sdu.edu.tr\/pl\/wp-json\/wp\/v2\/pages\/777\/revisions"}],"predecessor-version":[{"id":808,"href":"https:\/\/managevirtually.sdu.edu.tr\/pl\/wp-json\/wp\/v2\/pages\/777\/revisions\/808"}],"wp:attachment":[{"href":"https:\/\/managevirtually.sdu.edu.tr\/pl\/wp-json\/wp\/v2\/media?parent=777"}],"curies":[{"name":"wp","href":"https:\/\/api.w.org\/{rel}","templated":true}]}}