{"id":768,"date":"2025-10-16T10:53:59","date_gmt":"2025-10-16T10:53:59","guid":{"rendered":"https:\/\/managevirtually.sdu.edu.tr\/?page_id=768"},"modified":"2025-11-10T13:46:59","modified_gmt":"2025-11-10T10:46:59","slug":"conf-ro","status":"publish","type":"page","link":"https:\/\/managevirtually.sdu.edu.tr\/pl\/conf-ro\/","title":{"rendered":"Konferencje-Eveniment &#8211; Rumunia"},"content":{"rendered":"\n<p class=\"has-white-color has-text-color has-background has-link-color has-extra-small-font-size wp-elements-3557427e6e2b84ab9a4695938d378a49\" style=\"background-color:#1a3b49\"><a name=\"conf1\">Konferencje-Eveniment 1<\/a><\/p>\n\n\n\n<p><strong>Konferencja Bukareszt, 8 maja 2025 r.<\/strong><\/p>\n\n\n\n<p>Dzi\u015b go\u015bciem student\u00f3w by\u0142 Dragos Stoica, dyrektor wykonawczy Porsche Inter Auto. Studenci mieli okazj\u0119 om\u00f3wi\u0107 plan marketingowy, sposoby organizacji cel\u00f3w, bior\u0105c pod uwag\u0119 specyfik\u0119 klienta, oraz dlaczego tak wa\u017cna jest znajomo\u015b\u0107 cech produkt\u00f3w i us\u0142ug. Spotkanie by\u0142o owocne dla wszystkich uczestnik\u00f3w, a Dragos obieca\u0142, \u017ce ponownie spotka si\u0119 ze studentami, aby om\u00f3wi\u0107 kwestie, kt\u00f3re uwa\u017caj\u0105 za wa\u017cne dla przysz\u0142ego ekonomisty.<\/p>\n\n\n\n<figure class=\"wp-block-image size-large\"><img loading=\"lazy\" decoding=\"async\" width=\"1024\" height=\"768\" src=\"https:\/\/managevirtually.sdu.edu.tr\/pl\/wp-content\/uploads\/sites\/6\/2025\/10\/WhatsApp-Image-2025-10-16-at-13.48.34-1024x768.jpeg\" alt=\"\" class=\"wp-image-770\" srcset=\"https:\/\/managevirtually.sdu.edu.tr\/pl\/wp-content\/uploads\/sites\/6\/2025\/10\/WhatsApp-Image-2025-10-16-at-13.48.34-1024x768.jpeg 1024w, https:\/\/managevirtually.sdu.edu.tr\/pl\/wp-content\/uploads\/sites\/6\/2025\/10\/WhatsApp-Image-2025-10-16-at-13.48.34-300x225.jpeg 300w, https:\/\/managevirtually.sdu.edu.tr\/pl\/wp-content\/uploads\/sites\/6\/2025\/10\/WhatsApp-Image-2025-10-16-at-13.48.34-768x576.jpeg 768w, https:\/\/managevirtually.sdu.edu.tr\/pl\/wp-content\/uploads\/sites\/6\/2025\/10\/WhatsApp-Image-2025-10-16-at-13.48.34-1536x1152.jpeg 1536w, https:\/\/managevirtually.sdu.edu.tr\/pl\/wp-content\/uploads\/sites\/6\/2025\/10\/WhatsApp-Image-2025-10-16-at-13.48.34.jpeg 1600w\" sizes=\"(max-width: 1024px) 100vw, 1024px\" \/><\/figure>\n\n\n\n<hr class=\"wp-block-separator has-alpha-channel-opacity\"\/>\n\n\n\n<p class=\"has-white-color has-text-color has-background has-link-color has-extra-small-font-size wp-elements-20a90eb9948c01b2fbc69c48d5a0088c\" style=\"background-color:#1a3b49\"><a name=\"conf2\">Konferencje-Eveniment 2<\/a><\/p>\n\n\n\n<p><strong>Konferencja Bukareszt, 28 maja 2025 r.<\/strong><\/p>\n\n\n\n<p>Podczas tej konferencji mieli\u015bmy przyjemno\u015b\u0107 go\u015bci\u0107 Pani\u0105 Amali\u0119 Stefan, Dyrektor Dzia\u0142u Hotelowego w Grupie Alexandrion. Przedstawi\u0142a ona Grup\u0119 Alexandrion jako najwi\u0119kszego producenta i dystrybutora napoj\u00f3w spirytusowych i win w Rumunii. Grupa jest w\u0142a\u015bcicielem destylarni Alexandrion Distilleries i winnicy Iconic Estate Winery. Grupa Alexandrion ma siedzib\u0119 g\u0142\u00f3wn\u0105 w Rumunii i posiada biura przedstawicielskie w Grecji, na Cyprze, w Brazylii i Stanach Zjednoczonych. Przedstawi\u0142a r\u00f3wnie\u017c wyzwania i mo\u017cliwo\u015bci, przed kt\u00f3rymi stan\u0119\u0142a firma w 2017 roku, kiedy to rozpocz\u0119\u0142a globaln\u0105 ekspansj\u0119, otwieraj\u0105c globalne biuro operacyjne na Cyprze i biuro w Brazylii. P\u00f3\u017aniej naby\u0142a wi\u0119kszo\u015bciowy pakiet udzia\u0142\u00f3w w V.M. Cavaway Ltd., kt\u00f3ra zajmuje si\u0119 g\u0142\u00f3wnie marketingiem i dystrybucj\u0105 napoj\u00f3w alkoholowych. Rozwa\u017cane s\u0105 r\u00f3wnie\u017c inne wyzwania i mo\u017cliwo\u015bci, poniewa\u017c Grupa Alexandrion buduje obecnie destylarni\u0119 w Nowym Jorku (USA), inwestuj\u0105c w ni\u0105 100 milion\u00f3w dolar\u00f3w.<\/p>\n\n\n\n<figure class=\"wp-block-image aligncenter size-full is-resized\"><img loading=\"lazy\" decoding=\"async\" width=\"194\" height=\"129\" src=\"https:\/\/managevirtually.sdu.edu.tr\/pl\/wp-content\/uploads\/sites\/6\/2025\/10\/image-2.png\" alt=\"\" class=\"wp-image-787\" style=\"width:450px;height:auto\"\/><\/figure>\n\n\n\n<hr class=\"wp-block-separator has-alpha-channel-opacity\"\/>\n\n\n\n<p class=\"has-white-color has-text-color has-background has-link-color has-extra-small-font-size wp-elements-46b46bc90e3a77effa24b2b8e21890ca\" style=\"background-color:#1a3b49\"><a name=\"conf3\">Konferencje-Eveniment 3<\/a><\/p>\n\n\n\n<p><strong>Konferencja Bukareszt, 2 czerwca 2025 r.<\/strong><\/p>\n\n\n\n<p>Podczas konferencji, kt\u00f3ra odby\u0142a si\u0119 2 czerwca 2025 r., studenci mieli okazj\u0119 porozmawia\u0107 z Rodic\u0105 Lazar, prezesem Grafex, producenta uszczelnie\u0144 dla francuskich elektrowni j\u0105drowych. Seminarium porusza\u0142o tematy zwi\u0105zane z zarz\u0105dzaniem \u0142a\u0144cuchem logistycznym w kontek\u015bcie klient\u00f3w i dostawc\u00f3w dzia\u0142aj\u0105cych w wielu krajach oraz z zarz\u0105dzaniem produkcj\u0105 zgodnie z zasadami Lean Manufacturing. Dzi\u0119kujemy wszystkim za zaanga\u017cowanie i wiele interesuj\u0105cych pyta\u0144!<\/p>\n\n\n\n<figure class=\"wp-block-image aligncenter size-full is-resized\"><img loading=\"lazy\" decoding=\"async\" width=\"134\" height=\"123\" src=\"https:\/\/managevirtually.sdu.edu.tr\/pl\/wp-content\/uploads\/sites\/6\/2025\/10\/image-3.png\" alt=\"\" class=\"wp-image-788\" style=\"width:356px;height:auto\"\/><\/figure>\n\n\n\n<hr class=\"wp-block-separator has-alpha-channel-opacity\"\/>\n\n\n\n<p class=\"has-white-color has-text-color has-background has-link-color has-extra-small-font-size wp-elements-f6ea0fcbdcbac3af1c127ada124eaa4f\" style=\"background-color:#1a3b49\"><a name=\"conf4\">Konferencje-Eveniment 4<\/a><\/p>\n\n\n\n<p><strong>Konferencja Bukareszt, 6 czerwca 2025 r.<\/strong><\/p>\n\n\n\n<p>6 czerwca w Bukareszcie, na Uniwersytecie Studi\u00f3w Ekonomicznych w Bukareszcie, odby\u0142a si\u0119 konferencja, podczas kt\u00f3rej Mihaela Poenaru, mened\u017cer ds. zasob\u00f3w ludzkich w Magnor, rumu\u0144skiej firmie dynamicznie rozwijaj\u0105cej si\u0119 w ostatnich latach, przedstawi\u0142a szanse i zagro\u017cenia zwi\u0105zane z karier\u0105 na zglobalizowanym rynku oraz sposoby budowania kariery zawodowej przez m\u0142odych student\u00f3w na uniwersytecie ekonomicznym. Dzi\u0119kujemy uczestnikom za zainteresowanie!<\/p>\n\n\n\n<figure class=\"wp-block-image aligncenter size-full is-resized\"><img loading=\"lazy\" decoding=\"async\" width=\"165\" height=\"110\" src=\"https:\/\/managevirtually.sdu.edu.tr\/pl\/wp-content\/uploads\/sites\/6\/2025\/10\/image-4.png\" alt=\"\" class=\"wp-image-789\" style=\"width:365px;height:auto\"\/><\/figure>\n\n\n\n<hr class=\"wp-block-separator has-alpha-channel-opacity\"\/>\n\n\n\n<p><\/p>\n","protected":false},"excerpt":{"rendered":"<p>Konferencje-Eveniment 1 Konferencja Bukareszt, 8 maja 2025 r. Dzi\u015b go\u015bciem student\u00f3w by\u0142 Dragos Stoica, dyrektor wykonawczy Porsche Inter Auto. Studenci mieli okazj\u0119 om\u00f3wi\u0107 plan marketingowy, sposoby organizacji cel\u00f3w, bior\u0105c pod uwag\u0119 specyfik\u0119 klienta, oraz dlaczego tak wa\u017cna jest znajomo\u015b\u0107 cech produkt\u00f3w i us\u0142ug. Spotkanie by\u0142o owocne dla wszystkich uczestnik\u00f3w, a Dragos obieca\u0142, \u017ce ponownie spotka [&hellip;]<\/p>\n","protected":false},"author":1,"featured_media":0,"parent":0,"menu_order":0,"comment_status":"closed","ping_status":"closed","template":"","meta":{"footnotes":""},"class_list":["post-768","page","type-page","status-publish","hentry"],"_links":{"self":[{"href":"https:\/\/managevirtually.sdu.edu.tr\/pl\/wp-json\/wp\/v2\/pages\/768"}],"collection":[{"href":"https:\/\/managevirtually.sdu.edu.tr\/pl\/wp-json\/wp\/v2\/pages"}],"about":[{"href":"https:\/\/managevirtually.sdu.edu.tr\/pl\/wp-json\/wp\/v2\/types\/page"}],"author":[{"embeddable":true,"href":"https:\/\/managevirtually.sdu.edu.tr\/pl\/wp-json\/wp\/v2\/users\/1"}],"replies":[{"embeddable":true,"href":"https:\/\/managevirtually.sdu.edu.tr\/pl\/wp-json\/wp\/v2\/comments?post=768"}],"version-history":[{"count":3,"href":"https:\/\/managevirtually.sdu.edu.tr\/pl\/wp-json\/wp\/v2\/pages\/768\/revisions"}],"predecessor-version":[{"id":811,"href":"https:\/\/managevirtually.sdu.edu.tr\/pl\/wp-json\/wp\/v2\/pages\/768\/revisions\/811"}],"wp:attachment":[{"href":"https:\/\/managevirtually.sdu.edu.tr\/pl\/wp-json\/wp\/v2\/media?parent=768"}],"curies":[{"name":"wp","href":"https:\/\/api.w.org\/{rel}","templated":true}]}}