{"id":719,"date":"2025-10-15T11:10:37","date_gmt":"2025-10-15T11:10:37","guid":{"rendered":"https:\/\/managevirtually.sdu.edu.tr\/?page_id=719"},"modified":"2025-10-27T12:37:29","modified_gmt":"2025-10-27T09:37:29","slug":"conf-pl","status":"publish","type":"page","link":"https:\/\/managevirtually.sdu.edu.tr\/pl\/conf-pl\/","title":{"rendered":"Konferencje-Eveniment &#8211; Polska"},"content":{"rendered":"\n<p class=\"has-white-color has-text-color has-background has-link-color has-extra-small-font-size wp-elements-3557427e6e2b84ab9a4695938d378a49\" style=\"background-color:#1a3b49\"><a name=\"conf1\">Konferencje-Eveniment 1<\/a><\/p>\n\n\n\n<p>30 maja o godz. 18:00 odby\u0142o si\u0119 spotkanie online z Pani\u0105 Dorot\u0105 Kropelnick\u0105 (Dyrektor Jako\u015bci i Rozwoju i Cz\u0142onek Zarz\u0105du) z firmy Pronet Color\u00ae\ufe0f. Jest to firma produkcyjno-us\u0142ugowa, kt\u00f3ra dzia\u0142a w bran\u017cy farb i pow\u0142ok. Podczas spotkania m.in. zosta\u0142y poruszone kwestie finansowe i rachunkowe przydatne studentom podczas symulacji.<\/p>\n\n\n\n<p>Wydarzenie organizowane jest w ramach projektu \u201eManagement in a Virtual World\u201d realizowanego na Wydziale Zarz\u0105dzania i Ekonomii Politechniki Gda\u0144skiej w programie Erasmus+.<\/p>\n\n\n\n<p>Has\u0142o cyklu: Zdob\u0105d\u017a wiedz\u0119 prosto od ekspert\u00f3w, kt\u00f3rzy na co dzie\u0144 tworz\u0105 sukces w swojej bran\u017cy.<\/p>\n\n\n\n<figure class=\"wp-block-gallery has-nested-images columns-default is-cropped wp-block-gallery-1 is-layout-flex wp-block-gallery-is-layout-flex\">\n<figure class=\"wp-block-image size-large\"><img decoding=\"async\" data-id=\"660\" src=\"https:\/\/managevirtually.sdu.edu.tr\/wp-content\/uploads\/2025\/06\/WhatsApp-Image-2025-06-10-at-09.22.48-1-1024x575.jpeg\" alt=\"\" class=\"wp-image-660\"\/><\/figure>\n\n\n\n<figure class=\"wp-block-image size-large\"><img decoding=\"async\" data-id=\"659\" src=\"https:\/\/managevirtually.sdu.edu.tr\/wp-content\/uploads\/2025\/06\/WhatsApp-Image-2025-06-10-at-09.22.48-2-1024x575.jpeg\" alt=\"\" class=\"wp-image-659\"\/><\/figure>\n\n\n\n<figure class=\"wp-block-image size-large\"><img decoding=\"async\" data-id=\"658\" src=\"https:\/\/managevirtually.sdu.edu.tr\/wp-content\/uploads\/2025\/06\/WhatsApp-Image-2025-06-10-at-09.22.48-3-1024x572.jpeg\" alt=\"\" class=\"wp-image-658\"\/><\/figure>\n\n\n\n<figure class=\"wp-block-image size-large\"><img decoding=\"async\" data-id=\"657\" src=\"https:\/\/managevirtually.sdu.edu.tr\/wp-content\/uploads\/2025\/06\/WhatsApp-Image-2025-06-10-at-09.22.48-1024x554.jpeg\" alt=\"\" class=\"wp-image-657\"\/><\/figure>\n<\/figure>\n\n\n\n<hr class=\"wp-block-separator has-alpha-channel-opacity\"\/>\n\n\n\n<p class=\"has-white-color has-text-color has-background has-link-color has-extra-small-font-size wp-elements-20a90eb9948c01b2fbc69c48d5a0088c\" style=\"background-color:#1a3b49\"><a name=\"conf2\">Konferencje-Eveniment 2<\/a><\/p>\n\n\n\n<figure class=\"wp-block-image aligncenter size-large\"><img decoding=\"async\" src=\"https:\/\/managevirtually.sdu.edu.tr\/wp-content\/uploads\/2025\/06\/WhatsApp-Image-2025-06-12-at-21.02.43-724x1024.jpeg\" alt=\"\" class=\"wp-image-673\"\/><\/figure>\n\n\n\n<p>12 czerwca o godzinie 17:00 zapraszamy na prelekcj\u0119 online po\u015bwi\u0119con\u0105 jednej z najbardziej aktualnych i zarazem fundamentalnych kwestii naszych czas\u00f3w miejscu cz\u0142owieka w \u015bwiecie przyspieszaj\u0105cej transformacji technologicznej i rozwoju sztucznej inteligencji.&nbsp;<\/p>\n\n\n\n<p>Wyk\u0142ad wyg\u0142osi Pan&nbsp;Edi Pyrek, mentor, pisarz, wyk\u0142adowca, podr\u00f3\u017cnik i specjalista od komunikacji strategicznej, kt\u00f3ry w swojej pracy \u0142\u0105czy do\u015bwiadczenia z wielu dziedzin, by inspirowa\u0107 do \u015bwiadomego dzia\u0142ania w zmieniaj\u0105cym si\u0119 \u015bwiecie. W swoim wyst\u0105pieniu podejmie refleksj\u0119 nad konsekwencjami wyk\u0142adniczego post\u0119pu \u2013 od rewolucji agrarnej, przez przemys\u0142ow\u0105 i informacyjn\u0105, a\u017c po wsp\u00f3\u0142czesn\u0105 er\u0119 generatywnej sztucznej inteligencji i prognozowanego powstania AGI. Przywo\u0142uj\u0105c wypowiedzi uznanych my\u015blicieli prelegent stawia pytanie o dalszy kierunek rozwoju cywilizacji oraz kondycj\u0119 cz\u0142owieka w obliczu nadchodz\u0105cych zmian.<\/p>\n\n\n\n<p>Prelekcja b\u0119dzie tak\u017ce pr\u00f3b\u0105 odpowiedzi na pytanie, czy \u2013 i w jaki spos\u00f3b \u2013 mo\u017cliwa jest \u015bwiadoma adaptacja do rzeczywisto\u015bci technologicznej. Edi Pyrek zaprezentuje autorsk\u0105 koncepcj\u0119 rozwoju wyk\u0142adniczego, kt\u00f3ra \u0142\u0105czy podej\u015bcia z zakresu neuronauki, sztucznej inteligencji oraz praktyki osi\u0105gania stan\u00f3w flow, wskazuj\u0105c potencjalne scenariusze przysz\u0142o\u015bci dla jednostek, organizacji i spo\u0142ecze\u0144stw. Wydarzenie kierowane jest do wszystkich, kt\u00f3rzy poszukuj\u0105 g\u0142\u0119bszego zrozumienia wsp\u00f3\u0142czesnych przemian i chc\u0105 aktywnie uczestniczy\u0107 w kszta\u0142towaniu przysz\u0142o\u015bci technologiczno-humanistycznej.<\/p>\n\n\n\n<h5 class=\"wp-block-heading\">O prelegencie<\/h5>\n\n\n\n<p>Edi Pyrek \u2013 mentor, pisarz, wyk\u0142adowca, podr\u00f3\u017cnik i specjalista w zakresie komunikacji strategicznej. Pe\u0142ni funkcj\u0119 Visionary Officer w GAIA Foundation oraz Instytucie iMind.<br>Jest wsp\u00f3\u0142za\u0142o\u017cycielem iMind Institute \u2013 prywatnego instytutu badawczego zajmuj\u0105cego si\u0119 rozwojem ludzkiego potencja\u0142u. Wsp\u00f3\u0142tw\u00f3rca GAIA Foundation \u2013 Globalnego Sojuszu na rzecz Wsp\u00f3\u0142czuj\u0105cej Sztucznej Inteligencji, powsta\u0142ego we wsp\u00f3\u0142pracy z Davidem Hansonem. Misj\u0105 fundacji jest tworzenie etycznej i odpowiedzialnej sztucznej inteligencji dla dobra \u015bwiata.&nbsp;<\/p>\n\n\n\n<hr class=\"wp-block-separator has-alpha-channel-opacity\"\/>\n\n\n\n<p class=\"has-white-color has-text-color has-background has-link-color has-extra-small-font-size wp-elements-46b46bc90e3a77effa24b2b8e21890ca\" style=\"background-color:#1a3b49\"><a name=\"conf3\">Konferencje-Eveniment 3<\/a><\/p>\n\n\n\n<p>W ramach projektu \u201eManagement in a Virtual World\u201d realizowanego przez Wydzia\u0142 Zarz\u0105dzania i Ekonomii Politechniki Gda\u0144skiej w programie Erasmus+, zapraszamy na prelekcj\u0119 online pt. \u201eRola start-up\u00f3w w ekosystemie innowacji\u201d. &nbsp;<\/p>\n\n\n\n<p><strong>Termin:<\/strong>&nbsp;24 czerwca 2025 r. (wtorek)<br><strong>Godzina:<\/strong>&nbsp;17:00<br><strong>Forma:<\/strong>&nbsp;spotkanie online<\/p>\n\n\n\n<p>Go\u015bciem wydarzenia b\u0119dzie&nbsp;<a href=\"https:\/\/www.linkedin.com\/in\/artur-radzio-822594a2\/?originalSubdomain=pl\">Artur Radzio<\/a>&nbsp;\u2013 przedstawiciel Mazowieckiego Klastra ICT, kt\u00f3ry podzieli si\u0119 praktycznymi spostrze\u017ceniami na temat znaczenia m\u0142odych firm technologicznych w procesie tworzenia i rozwoju innowacji.<\/p>\n\n\n\n<p>Serdecznie zapraszamy wszystkich zainteresowanych tematyk\u0105 innowacji, ekosystem\u00f3w przedsi\u0119biorczo\u015bci oraz rozwojem start-up\u00f3w!<br><\/p>\n\n\n\n<figure class=\"wp-block-image aligncenter size-large is-resized\"><img loading=\"lazy\" decoding=\"async\" width=\"724\" height=\"1024\" src=\"https:\/\/managevirtually.sdu.edu.tr\/pl\/wp-content\/uploads\/sites\/6\/2025\/10\/WhatsApp-Image-2025-10-16-at-12.15.57-724x1024.jpeg\" alt=\"\" class=\"wp-image-747\" style=\"width:673px;height:auto\" srcset=\"https:\/\/managevirtually.sdu.edu.tr\/pl\/wp-content\/uploads\/sites\/6\/2025\/10\/WhatsApp-Image-2025-10-16-at-12.15.57-724x1024.jpeg 724w, https:\/\/managevirtually.sdu.edu.tr\/pl\/wp-content\/uploads\/sites\/6\/2025\/10\/WhatsApp-Image-2025-10-16-at-12.15.57-212x300.jpeg 212w, https:\/\/managevirtually.sdu.edu.tr\/pl\/wp-content\/uploads\/sites\/6\/2025\/10\/WhatsApp-Image-2025-10-16-at-12.15.57-768x1086.jpeg 768w, https:\/\/managevirtually.sdu.edu.tr\/pl\/wp-content\/uploads\/sites\/6\/2025\/10\/WhatsApp-Image-2025-10-16-at-12.15.57-1086x1536.jpeg 1086w, https:\/\/managevirtually.sdu.edu.tr\/pl\/wp-content\/uploads\/sites\/6\/2025\/10\/WhatsApp-Image-2025-10-16-at-12.15.57.jpeg 1131w\" sizes=\"(max-width: 724px) 100vw, 724px\" \/><\/figure>\n\n\n\n<figure class=\"wp-block-image aligncenter size-large is-resized\"><img loading=\"lazy\" decoding=\"async\" width=\"791\" height=\"1024\" src=\"https:\/\/managevirtually.sdu.edu.tr\/pl\/wp-content\/uploads\/sites\/6\/2025\/10\/WhatsApp-Image-2025-10-16-at-12.15.57-1-791x1024.jpeg\" alt=\"\" class=\"wp-image-748\" style=\"width:528px;height:auto\" srcset=\"https:\/\/managevirtually.sdu.edu.tr\/pl\/wp-content\/uploads\/sites\/6\/2025\/10\/WhatsApp-Image-2025-10-16-at-12.15.57-1-791x1024.jpeg 791w, https:\/\/managevirtually.sdu.edu.tr\/pl\/wp-content\/uploads\/sites\/6\/2025\/10\/WhatsApp-Image-2025-10-16-at-12.15.57-1-232x300.jpeg 232w, https:\/\/managevirtually.sdu.edu.tr\/pl\/wp-content\/uploads\/sites\/6\/2025\/10\/WhatsApp-Image-2025-10-16-at-12.15.57-1-768x995.jpeg 768w, https:\/\/managevirtually.sdu.edu.tr\/pl\/wp-content\/uploads\/sites\/6\/2025\/10\/WhatsApp-Image-2025-10-16-at-12.15.57-1.jpeg 946w\" sizes=\"(max-width: 791px) 100vw, 791px\" \/><\/figure>\n\n\n\n<figure class=\"wp-block-image aligncenter size-large is-resized\"><img loading=\"lazy\" decoding=\"async\" width=\"612\" height=\"1024\" src=\"https:\/\/managevirtually.sdu.edu.tr\/pl\/wp-content\/uploads\/sites\/6\/2025\/10\/WhatsApp-Image-2025-10-16-at-12.15.57-2-612x1024.jpeg\" alt=\"\" class=\"wp-image-749\" style=\"width:540px;height:auto\" srcset=\"https:\/\/managevirtually.sdu.edu.tr\/pl\/wp-content\/uploads\/sites\/6\/2025\/10\/WhatsApp-Image-2025-10-16-at-12.15.57-2-612x1024.jpeg 612w, https:\/\/managevirtually.sdu.edu.tr\/pl\/wp-content\/uploads\/sites\/6\/2025\/10\/WhatsApp-Image-2025-10-16-at-12.15.57-2-179x300.jpeg 179w, https:\/\/managevirtually.sdu.edu.tr\/pl\/wp-content\/uploads\/sites\/6\/2025\/10\/WhatsApp-Image-2025-10-16-at-12.15.57-2.jpeg 702w\" sizes=\"(max-width: 612px) 100vw, 612px\" \/><\/figure>\n\n\n\n<hr class=\"wp-block-separator has-alpha-channel-opacity\"\/>\n\n\n\n<p><\/p>\n\n\n\n<p class=\"has-white-color has-text-color has-background has-link-color has-extra-small-font-size wp-elements-f6ea0fcbdcbac3af1c127ada124eaa4f\" style=\"background-color:#1a3b49\"><a name=\"conf4\">Konferencje-Eveniment 4<\/a><\/p>\n\n\n\n<p>As part of the presentation entitled \u201cEngineering change management in the context of improving the quality and efficiency of processes\u201d, the specificity of the engineering process of change management was discussed. During the presentation, the main characteristics of the process and the determinants of its implementation in manufacturing companies were indicated. The audience had the opportunity to familiarise themselves with the concept of change management and engineering change management. During the presentation, the differences between the mentioned processes were indicated and the role of communication in project teams was emphasised. The entire presentation was supported by a case study, which indicated the benefits for the discussed manufacturing company.<br><\/p>\n\n\n\n<p><br><\/p>\n\n\n\n<figure class=\"wp-block-image aligncenter size-large\"><img loading=\"lazy\" decoding=\"async\" width=\"724\" height=\"1024\" src=\"https:\/\/managevirtually.sdu.edu.tr\/pl\/wp-content\/uploads\/sites\/6\/2025\/10\/Plakat_Jakub_Tryczak-1-724x1024.png\" alt=\"\" class=\"wp-image-741\" srcset=\"https:\/\/managevirtually.sdu.edu.tr\/pl\/wp-content\/uploads\/sites\/6\/2025\/10\/Plakat_Jakub_Tryczak-1-724x1024.png 724w, https:\/\/managevirtually.sdu.edu.tr\/pl\/wp-content\/uploads\/sites\/6\/2025\/10\/Plakat_Jakub_Tryczak-1-212x300.png 212w, https:\/\/managevirtually.sdu.edu.tr\/pl\/wp-content\/uploads\/sites\/6\/2025\/10\/Plakat_Jakub_Tryczak-1-768x1086.png 768w, https:\/\/managevirtually.sdu.edu.tr\/pl\/wp-content\/uploads\/sites\/6\/2025\/10\/Plakat_Jakub_Tryczak-1-1086x1536.png 1086w, https:\/\/managevirtually.sdu.edu.tr\/pl\/wp-content\/uploads\/sites\/6\/2025\/10\/Plakat_Jakub_Tryczak-1-1448x2048.png 1448w, https:\/\/managevirtually.sdu.edu.tr\/pl\/wp-content\/uploads\/sites\/6\/2025\/10\/Plakat_Jakub_Tryczak-1.png 1587w\" sizes=\"(max-width: 724px) 100vw, 724px\" \/><\/figure>\n\n\n\n<figure class=\"wp-block-image size-large\"><img loading=\"lazy\" decoding=\"async\" width=\"1024\" height=\"515\" src=\"https:\/\/managevirtually.sdu.edu.tr\/pl\/wp-content\/uploads\/sites\/6\/2025\/10\/Zrzut-ekranu-2025-06-26-170705-1-1024x515.png\" alt=\"\" class=\"wp-image-742\" srcset=\"https:\/\/managevirtually.sdu.edu.tr\/pl\/wp-content\/uploads\/sites\/6\/2025\/10\/Zrzut-ekranu-2025-06-26-170705-1-1024x515.png 1024w, https:\/\/managevirtually.sdu.edu.tr\/pl\/wp-content\/uploads\/sites\/6\/2025\/10\/Zrzut-ekranu-2025-06-26-170705-1-300x151.png 300w, https:\/\/managevirtually.sdu.edu.tr\/pl\/wp-content\/uploads\/sites\/6\/2025\/10\/Zrzut-ekranu-2025-06-26-170705-1-768x386.png 768w, https:\/\/managevirtually.sdu.edu.tr\/pl\/wp-content\/uploads\/sites\/6\/2025\/10\/Zrzut-ekranu-2025-06-26-170705-1-1536x772.png 1536w, https:\/\/managevirtually.sdu.edu.tr\/pl\/wp-content\/uploads\/sites\/6\/2025\/10\/Zrzut-ekranu-2025-06-26-170705-1.png 1864w\" sizes=\"(max-width: 1024px) 100vw, 1024px\" \/><\/figure>\n\n\n\n<figure class=\"wp-block-image size-large\"><img loading=\"lazy\" decoding=\"async\" width=\"1024\" height=\"530\" src=\"https:\/\/managevirtually.sdu.edu.tr\/pl\/wp-content\/uploads\/sites\/6\/2025\/10\/Zrzut-ekranu-2025-06-26-172130-1-1024x530.png\" alt=\"\" class=\"wp-image-743\" srcset=\"https:\/\/managevirtually.sdu.edu.tr\/pl\/wp-content\/uploads\/sites\/6\/2025\/10\/Zrzut-ekranu-2025-06-26-172130-1-1024x530.png 1024w, https:\/\/managevirtually.sdu.edu.tr\/pl\/wp-content\/uploads\/sites\/6\/2025\/10\/Zrzut-ekranu-2025-06-26-172130-1-300x155.png 300w, https:\/\/managevirtually.sdu.edu.tr\/pl\/wp-content\/uploads\/sites\/6\/2025\/10\/Zrzut-ekranu-2025-06-26-172130-1-768x397.png 768w, https:\/\/managevirtually.sdu.edu.tr\/pl\/wp-content\/uploads\/sites\/6\/2025\/10\/Zrzut-ekranu-2025-06-26-172130-1-1536x795.png 1536w, https:\/\/managevirtually.sdu.edu.tr\/pl\/wp-content\/uploads\/sites\/6\/2025\/10\/Zrzut-ekranu-2025-06-26-172130-1.png 1894w\" sizes=\"(max-width: 1024px) 100vw, 1024px\" \/><\/figure>\n","protected":false},"excerpt":{"rendered":"<p>Konferencje-Eveniment 1 30 maja o godz. 18:00 odby\u0142o si\u0119 spotkanie online z Pani\u0105 Dorot\u0105 Kropelnick\u0105 (Dyrektor Jako\u015bci i Rozwoju i Cz\u0142onek Zarz\u0105du) z firmy Pronet Color\u00ae\ufe0f. Jest to firma produkcyjno-us\u0142ugowa, kt\u00f3ra dzia\u0142a w bran\u017cy farb i pow\u0142ok. Podczas spotkania m.in. zosta\u0142y poruszone kwestie finansowe i rachunkowe przydatne studentom podczas symulacji. Wydarzenie organizowane jest w ramach [&hellip;]<\/p>\n","protected":false},"author":1,"featured_media":0,"parent":0,"menu_order":0,"comment_status":"closed","ping_status":"closed","template":"","meta":{"footnotes":""},"class_list":["post-719","page","type-page","status-publish","hentry"],"_links":{"self":[{"href":"https:\/\/managevirtually.sdu.edu.tr\/pl\/wp-json\/wp\/v2\/pages\/719"}],"collection":[{"href":"https:\/\/managevirtually.sdu.edu.tr\/pl\/wp-json\/wp\/v2\/pages"}],"about":[{"href":"https:\/\/managevirtually.sdu.edu.tr\/pl\/wp-json\/wp\/v2\/types\/page"}],"author":[{"embeddable":true,"href":"https:\/\/managevirtually.sdu.edu.tr\/pl\/wp-json\/wp\/v2\/users\/1"}],"replies":[{"embeddable":true,"href":"https:\/\/managevirtually.sdu.edu.tr\/pl\/wp-json\/wp\/v2\/comments?post=719"}],"version-history":[{"count":5,"href":"https:\/\/managevirtually.sdu.edu.tr\/pl\/wp-json\/wp\/v2\/pages\/719\/revisions"}],"predecessor-version":[{"id":803,"href":"https:\/\/managevirtually.sdu.edu.tr\/pl\/wp-json\/wp\/v2\/pages\/719\/revisions\/803"}],"wp:attachment":[{"href":"https:\/\/managevirtually.sdu.edu.tr\/pl\/wp-json\/wp\/v2\/media?parent=719"}],"curies":[{"name":"wp","href":"https:\/\/api.w.org\/{rel}","templated":true}]}}