{"id":714,"date":"2025-10-15T11:05:49","date_gmt":"2025-10-15T11:05:49","guid":{"rendered":"https:\/\/managevirtually.sdu.edu.tr\/?page_id=714"},"modified":"2025-11-10T13:48:47","modified_gmt":"2025-11-10T10:48:47","slug":"conf-pt","status":"publish","type":"page","link":"https:\/\/managevirtually.sdu.edu.tr\/pl\/conf-pt\/","title":{"rendered":"Konferencje-Eveniment &#8211; Portugalia"},"content":{"rendered":"\n<h2 class=\"wp-block-heading has-white-color has-text-color has-background has-link-color has-extra-small-font-size wp-elements-63baf29c03f7a574f76b7df350c4a6a1\" style=\"background-color:#1a3b49\"><a name=\"conf1\">Konferencje-Eveniment 1<\/a><\/h2>\n\n\n\n<p>Jeden z naszych partner\u00f3w w projekcie, Portugalia, przeprowadzi\u0142 pierwsze seminarium na temat marketingu, umiej\u0119tno\u015bci i funkcji marketingowca we wsp\u00f3\u0142pracy z wiceprezesem Portugalskiego Stowarzyszenia Specjalist\u00f3w ds. Marketingu.<\/p>\n\n\n\n<div class=\"wp-block-group is-vertical is-layout-flex wp-container-core-group-is-layout-1 wp-block-group-is-layout-flex\">\n<div class=\"wp-block-columns is-layout-flex wp-container-core-columns-is-layout-1 wp-block-columns-is-layout-flex\">\n<div class=\"wp-block-column is-layout-flow wp-block-column-is-layout-flow\" style=\"flex-basis:100%\">\n<figure class=\"wp-block-gallery has-nested-images columns-default is-cropped wp-block-gallery-1 is-layout-flex wp-block-gallery-is-layout-flex\">\n<figure class=\"wp-block-image size-large\"><img decoding=\"async\" src=\"https:\/\/managevirtually.sdu.edu.tr\/wp-content\/uploads\/2025\/04\/WhatsApp-Image-2025-04-15-at-12.29.07-2-1-768x1024.jpeg\" alt=\"\" class=\"wp-image-602\"\/><\/figure>\n\n\n\n<figure class=\"wp-block-image size-large\"><img decoding=\"async\" src=\"https:\/\/managevirtually.sdu.edu.tr\/wp-content\/uploads\/2025\/04\/WhatsApp-Image-2025-04-15-at-12.29.07-3-768x1024.jpeg\" alt=\"\" class=\"wp-image-603\"\/><\/figure>\n<\/figure>\n<\/div>\n<\/div>\n<\/div>\n\n\n\n<figure class=\"wp-block-gallery has-nested-images columns-default is-cropped wp-block-gallery-2 is-layout-flex wp-block-gallery-is-layout-flex\">\n<figure class=\"wp-block-image size-large\"><img decoding=\"async\" data-id=\"605\" src=\"https:\/\/managevirtually.sdu.edu.tr\/wp-content\/uploads\/2025\/04\/WhatsApp-Image-2025-04-15-at-12.29.07-1-2-1024x768.jpeg\" alt=\"\" class=\"wp-image-605\"\/><\/figure>\n<\/figure>\n\n\n\n<figure class=\"wp-block-image aligncenter size-large\"><img decoding=\"async\" src=\"https:\/\/managevirtually.sdu.edu.tr\/wp-content\/uploads\/2025\/07\/image003-1-819x1024.jpg\" alt=\"\" class=\"wp-image-679\"\/><\/figure>\n\n\n\n<hr class=\"wp-block-separator has-alpha-channel-opacity\"\/>\n\n\n\n<p class=\"has-white-color has-text-color has-background has-link-color has-extra-small-font-size wp-elements-20a90eb9948c01b2fbc69c48d5a0088c\" style=\"background-color:#1a3b49\"><a name=\"conf2\">Konferencje-Eveniment 2<\/a><\/p>\n\n\n\n<p>3 czerwca odby\u0142o si\u0119 kolejne seminarium w ramach projektu #managevirtually z dr Natach\u0105 Santos z PwC, globalnej firmy audytorsko-konsultingowej. Seminarium dotyczy\u0142o r\u00f3\u017cnych aspekt\u00f3w internacjonalizacji biznesu, zwi\u0105zanych z ni\u0105 wyzwa\u0144 i szans.<\/p>\n\n\n\n<figure class=\"wp-block-image aligncenter size-full\"><img loading=\"lazy\" decoding=\"async\" width=\"512\" height=\"640\" src=\"https:\/\/managevirtually.sdu.edu.tr\/pl\/wp-content\/uploads\/sites\/6\/2025\/10\/image001.png\" alt=\"\" class=\"wp-image-730\" srcset=\"https:\/\/managevirtually.sdu.edu.tr\/pl\/wp-content\/uploads\/sites\/6\/2025\/10\/image001.png 512w, https:\/\/managevirtually.sdu.edu.tr\/pl\/wp-content\/uploads\/sites\/6\/2025\/10\/image001-240x300.png 240w\" sizes=\"(max-width: 512px) 100vw, 512px\" \/><\/figure>\n\n\n\n<hr class=\"wp-block-separator has-alpha-channel-opacity\"\/>\n\n\n\n<p class=\"has-white-color has-text-color has-background has-link-color has-extra-small-font-size wp-elements-46b46bc90e3a77effa24b2b8e21890ca\" style=\"background-color:#1a3b49\"><a name=\"conf3\">Konferencje-Eveniment 3<\/a><\/p>\n\n\n\n<p>Trzecie seminarium w ramach projektu Manage Virtually poprowadzi\u0142 profesor i przedsi\u0119biorca Adalmiro Pereira. Tematem seminarium by\u0142o przyw\u00f3dztwo: Czym jest bycie liderem? Wyzwania, szanse i praktyczne przyk\u0142ady (3 czerwca 2025 r.).<\/p>\n\n\n\n<figure class=\"wp-block-image aligncenter size-full\"><img loading=\"lazy\" decoding=\"async\" width=\"512\" height=\"640\" src=\"https:\/\/managevirtually.sdu.edu.tr\/pl\/wp-content\/uploads\/sites\/6\/2025\/10\/image002.png\" alt=\"\" class=\"wp-image-731\" srcset=\"https:\/\/managevirtually.sdu.edu.tr\/pl\/wp-content\/uploads\/sites\/6\/2025\/10\/image002.png 512w, https:\/\/managevirtually.sdu.edu.tr\/pl\/wp-content\/uploads\/sites\/6\/2025\/10\/image002-240x300.png 240w\" sizes=\"(max-width: 512px) 100vw, 512px\" \/><\/figure>\n\n\n\n<hr class=\"wp-block-separator has-alpha-channel-opacity\"\/>\n\n\n\n<p class=\"has-white-color has-text-color has-background has-link-color has-extra-small-font-size wp-elements-f6ea0fcbdcbac3af1c127ada124eaa4f\" style=\"background-color:#1a3b49\"><a name=\"conf4\">Konferencje-Eveniment 4<\/a><\/p>\n\n\n\n<figure class=\"wp-block-image size-large\"><img loading=\"lazy\" decoding=\"async\" width=\"819\" height=\"1024\" src=\"https:\/\/managevirtually.sdu.edu.tr\/pl\/wp-content\/uploads\/sites\/6\/2025\/10\/4th-seminar-819x1024.png\" alt=\"\" class=\"wp-image-734\" srcset=\"https:\/\/managevirtually.sdu.edu.tr\/pl\/wp-content\/uploads\/sites\/6\/2025\/10\/4th-seminar-819x1024.png 819w, https:\/\/managevirtually.sdu.edu.tr\/pl\/wp-content\/uploads\/sites\/6\/2025\/10\/4th-seminar-240x300.png 240w, https:\/\/managevirtually.sdu.edu.tr\/pl\/wp-content\/uploads\/sites\/6\/2025\/10\/4th-seminar-768x960.png 768w, https:\/\/managevirtually.sdu.edu.tr\/pl\/wp-content\/uploads\/sites\/6\/2025\/10\/4th-seminar.png 1080w\" sizes=\"(max-width: 819px) 100vw, 819px\" \/><\/figure>\n","protected":false},"excerpt":{"rendered":"<p>Konferencje-Eveniment 1 Jeden z naszych partner\u00f3w w projekcie, Portugalia, przeprowadzi\u0142 pierwsze seminarium na temat marketingu, umiej\u0119tno\u015bci i funkcji marketingowca we wsp\u00f3\u0142pracy z wiceprezesem Portugalskiego Stowarzyszenia Specjalist\u00f3w ds. Marketingu. Konferencje-Eveniment 2 3 czerwca odby\u0142o si\u0119 kolejne seminarium w ramach projektu #managevirtually z dr Natach\u0105 Santos z PwC, globalnej firmy audytorsko-konsultingowej. Seminarium dotyczy\u0142o r\u00f3\u017cnych aspekt\u00f3w internacjonalizacji biznesu, [&hellip;]<\/p>\n","protected":false},"author":1,"featured_media":0,"parent":0,"menu_order":0,"comment_status":"closed","ping_status":"closed","template":"","meta":{"footnotes":""},"class_list":["post-714","page","type-page","status-publish","hentry"],"_links":{"self":[{"href":"https:\/\/managevirtually.sdu.edu.tr\/pl\/wp-json\/wp\/v2\/pages\/714"}],"collection":[{"href":"https:\/\/managevirtually.sdu.edu.tr\/pl\/wp-json\/wp\/v2\/pages"}],"about":[{"href":"https:\/\/managevirtually.sdu.edu.tr\/pl\/wp-json\/wp\/v2\/types\/page"}],"author":[{"embeddable":true,"href":"https:\/\/managevirtually.sdu.edu.tr\/pl\/wp-json\/wp\/v2\/users\/1"}],"replies":[{"embeddable":true,"href":"https:\/\/managevirtually.sdu.edu.tr\/pl\/wp-json\/wp\/v2\/comments?post=714"}],"version-history":[{"count":4,"href":"https:\/\/managevirtually.sdu.edu.tr\/pl\/wp-json\/wp\/v2\/pages\/714\/revisions"}],"predecessor-version":[{"id":814,"href":"https:\/\/managevirtually.sdu.edu.tr\/pl\/wp-json\/wp\/v2\/pages\/714\/revisions\/814"}],"wp:attachment":[{"href":"https:\/\/managevirtually.sdu.edu.tr\/pl\/wp-json\/wp\/v2\/media?parent=714"}],"curies":[{"name":"wp","href":"https:\/\/api.w.org\/{rel}","templated":true}]}}