{"id":701,"date":"2025-10-14T11:50:28","date_gmt":"2025-10-14T11:50:28","guid":{"rendered":"https:\/\/managevirtually.sdu.edu.tr\/?page_id=701"},"modified":"2025-12-29T12:43:27","modified_gmt":"2025-12-29T09:43:27","slug":"conf-tr","status":"publish","type":"page","link":"https:\/\/managevirtually.sdu.edu.tr\/pl\/conf-tr\/","title":{"rendered":"Konferencje-Eveniment &#8211; Turcji"},"content":{"rendered":"\n<h2 class=\"wp-block-heading has-white-color has-text-color has-background has-link-color has-extra-small-font-size wp-elements-63baf29c03f7a574f76b7df350c4a6a1\" style=\"background-color:#1a3b49\"><a name=\"conf1\">Konferencje-Eveniment 1<\/a><\/h2>\n\n\n\n<p class=\"has-text-align-left\">W ramach naszego projektu Unii Europejskiej, w poniedzia\u0142ek, 26 maja 2025 r., zorganizowali\u015bmy owocn\u0105 konferencj\u0119 z nasz\u0105 klas\u0105 symulacyjn\u0105. Nazar Tekstil, mened\u017cer ds. operacji handlu zagranicznego, Sinem G\u00fcm\u00fc\u015f, przedstawi\u0142a studentom sektor tekstylny i pozycj\u0119 naszego kraju w tym sektorze, a tak\u017ce jego zalety i wady. W dalszej cz\u0119\u015bci konferencji, Sinem G\u00fcm\u00fc\u015f om\u00f3wi\u0142a scenariusze, kt\u00f3re przedstawili\u015bmy studentom na zaj\u0119ciach symulacyjnych, w kontek\u015bcie dzia\u0142alno\u015bci biznesowej. Przedstawi\u0142a przyk\u0142adowe zastosowanie, omawiaj\u0105c swoje do\u015bwiadczenia w analizie i wyborze rynku, kalkulacji koszt\u00f3w w praktyce, rodzaju po\u017cyczek, ryzyku kursowym, planowaniu i logistyce. Nast\u0119pnie odpowiedzia\u0142a na pytania student\u00f3w.<\/p>\n\n\n\n<figure class=\"wp-block-gallery has-nested-images columns-default is-cropped wp-block-gallery-1 is-layout-flex wp-block-gallery-is-layout-flex\">\n<figure class=\"wp-block-image size-large\"><img decoding=\"async\" data-id=\"647\" src=\"https:\/\/managevirtually.sdu.edu.tr\/wp-content\/uploads\/2025\/05\/WhatsApp-Image-2025-05-28-at-13.46.52-1-1024x768.jpeg\" alt=\"\" class=\"wp-image-647\"\/><\/figure>\n\n\n\n<figure class=\"wp-block-image size-large\"><img decoding=\"async\" data-id=\"648\" src=\"https:\/\/managevirtually.sdu.edu.tr\/wp-content\/uploads\/2025\/05\/WhatsApp-Image-2025-05-28-at-13.46.52-1024x768.jpeg\" alt=\"\" class=\"wp-image-648\"\/><\/figure>\n<\/figure>\n\n\n\n<figure class=\"wp-block-gallery has-nested-images columns-default is-cropped wp-block-gallery-2 is-layout-flex wp-block-gallery-is-layout-flex\">\n<figure class=\"wp-block-image size-large\"><img decoding=\"async\" data-id=\"650\" src=\"https:\/\/managevirtually.sdu.edu.tr\/wp-content\/uploads\/2025\/05\/WhatsApp-Image-2025-05-28-at-13.48.08-768x1024.jpeg\" alt=\"\" class=\"wp-image-650\"\/><\/figure>\n\n\n\n<figure class=\"wp-block-image size-large\"><img decoding=\"async\" data-id=\"649\" src=\"https:\/\/managevirtually.sdu.edu.tr\/wp-content\/uploads\/2025\/05\/WhatsApp-Image-2025-05-28-at-13.46.52-2-768x1024.jpeg\" alt=\"\" class=\"wp-image-649\"\/><\/figure>\n<\/figure>\n\n\n\n<hr class=\"wp-block-separator has-alpha-channel-opacity\"\/>\n\n\n\n<h2 class=\"wp-block-heading has-white-color has-text-color has-background has-link-color has-extra-small-font-size wp-elements-948188541a51d35ca0a45fb5bcd23150\" style=\"background-color:#1a3b49\"><a name=\"conf2\">Konferencje-Eveniment 2<\/a><\/h2>\n\n\n\n<p>Nasza druga konferencja z udzia\u0142em klasy symulacyjnej odby\u0142a si\u0119 2 czerwca 2025 roku. Sinem Kargal\u0131 i \u015eeng\u00fcl Eren z G\u00fclbirlik Rosense uczestniczyli w niej jako prelegenci. Przedstawiono og\u00f3lne informacje na temat powstania i funkcjonowania marki Rosense. Przedstawiono szczeg\u00f3\u0142owe informacje na temat pozycjonowania marki, strategii rozwoju oraz cel\u00f3w sprzeda\u017cowych i marketingowych na rynkach krajowych i mi\u0119dzynarodowych. Om\u00f3wiono struktur\u0119 konkurencyjn\u0105 marki na rynkach regionalnych, og\u00f3lnokrajowych i mi\u0119dzynarodowych, a tak\u017ce jej dotychczasowe do\u015bwiadczenia. Na zako\u0144czenie konferencji udzielono odpowiedzi na pytania student\u00f3w.<\/p>\n\n\n\n<figure class=\"wp-block-image aligncenter size-large\"><img decoding=\"async\" src=\"https:\/\/managevirtually.sdu.edu.tr\/wp-content\/uploads\/2025\/06\/WhatsApp-Image-2025-06-11-at-13.24.31-768x1024.jpeg\" alt=\"\" class=\"wp-image-669\"\/><\/figure>\n\n\n\n<figure class=\"wp-block-image size-large\"><img decoding=\"async\" src=\"https:\/\/managevirtually.sdu.edu.tr\/wp-content\/uploads\/2025\/06\/WhatsApp-Image-2025-06-11-at-13.24.01-1024x768.jpeg\" alt=\"\" class=\"wp-image-670\"\/><\/figure>\n\n\n\n<figure class=\"wp-block-image size-large\"><img decoding=\"async\" src=\"https:\/\/managevirtually.sdu.edu.tr\/wp-content\/uploads\/2025\/06\/WhatsApp-Image-2025-06-11-at-13.26.05-1-1024x768.jpeg\" alt=\"\" class=\"wp-image-665\"\/><\/figure>\n\n\n\n<hr class=\"wp-block-separator has-alpha-channel-opacity\"\/>\n\n\n\n<p class=\"has-white-color has-text-color has-background has-link-color has-extra-small-font-size wp-elements-46b46bc90e3a77effa24b2b8e21890ca\" style=\"background-color:#1a3b49\"><a name=\"conf3\">Konferencje-Eveniment 3<\/a><\/p>\n\n\n\n<p>Podczas ostatniej konferencji naszego projektu \u201eZarz\u0105dzanie w wirtualnym \u015bwiecie\u201d (Management in a Virtual World), w czwartek 26 czerwca 2025 roku, spotkali\u015bmy przedsi\u0119biorc\u00f3w z nowej firmy tekstylnej Cielo Venti i naszych student\u00f3w. G\u00fcl Ery\u0131lmaz, jeden z przedsi\u0119biorc\u00f3w Cielo Venti, opowiedzia\u0142 studentom histori\u0119 powstania marki, jej wizj\u0119 i misj\u0119. Szczeg\u00f3\u0142owo wyja\u015bniono strategie wej\u015bcia na rynek, potencja\u0142 konkurencyjny i cele na przysz\u0142o\u015b\u0107 marki, a studentom zaprezentowano pr\u00f3bki produkt\u00f3w. Studenci wykazali du\u017ce zainteresowanie t\u0105 now\u0105 inicjatyw\u0105 i pod koniec konferencji skierowali swoje pytania do przedsi\u0119biorc\u00f3w z Cielo Venti. Po sesji pyta\u0144 i odpowiedzi, przedsi\u0119biorcom z Cielo Venti wr\u0119czono certyfikaty uznania.<\/p>\n\n\n\n<figure class=\"wp-block-image size-large\"><img loading=\"lazy\" decoding=\"async\" width=\"1013\" height=\"1024\" src=\"https:\/\/managevirtually.sdu.edu.tr\/pl\/wp-content\/uploads\/sites\/6\/2025\/10\/image-1-1013x1024.png\" alt=\"\" class=\"wp-image-752\" srcset=\"https:\/\/managevirtually.sdu.edu.tr\/pl\/wp-content\/uploads\/sites\/6\/2025\/10\/image-1-1013x1024.png 1013w, https:\/\/managevirtually.sdu.edu.tr\/pl\/wp-content\/uploads\/sites\/6\/2025\/10\/image-1-297x300.png 297w, https:\/\/managevirtually.sdu.edu.tr\/pl\/wp-content\/uploads\/sites\/6\/2025\/10\/image-1-768x776.png 768w, https:\/\/managevirtually.sdu.edu.tr\/pl\/wp-content\/uploads\/sites\/6\/2025\/10\/image-1.png 1126w\" sizes=\"(max-width: 1013px) 100vw, 1013px\" \/><\/figure>\n\n\n\n<figure class=\"wp-block-image aligncenter size-large\"><img loading=\"lazy\" decoding=\"async\" width=\"768\" height=\"1024\" src=\"https:\/\/managevirtually.sdu.edu.tr\/pl\/wp-content\/uploads\/sites\/6\/2025\/10\/WhatsApp-Image-2025-06-30-at-13.04.01-768x1024.jpeg\" alt=\"\" class=\"wp-image-753\" srcset=\"https:\/\/managevirtually.sdu.edu.tr\/pl\/wp-content\/uploads\/sites\/6\/2025\/10\/WhatsApp-Image-2025-06-30-at-13.04.01-768x1024.jpeg 768w, https:\/\/managevirtually.sdu.edu.tr\/pl\/wp-content\/uploads\/sites\/6\/2025\/10\/WhatsApp-Image-2025-06-30-at-13.04.01-225x300.jpeg 225w, https:\/\/managevirtually.sdu.edu.tr\/pl\/wp-content\/uploads\/sites\/6\/2025\/10\/WhatsApp-Image-2025-06-30-at-13.04.01-1152x1536.jpeg 1152w, https:\/\/managevirtually.sdu.edu.tr\/pl\/wp-content\/uploads\/sites\/6\/2025\/10\/WhatsApp-Image-2025-06-30-at-13.04.01.jpeg 1536w\" sizes=\"(max-width: 768px) 100vw, 768px\" \/><\/figure>\n\n\n\n<figure class=\"wp-block-image aligncenter size-large\"><img loading=\"lazy\" decoding=\"async\" width=\"768\" height=\"1024\" src=\"https:\/\/managevirtually.sdu.edu.tr\/pl\/wp-content\/uploads\/sites\/6\/2025\/10\/WhatsApp-Image-2025-06-30-at-13.04.12-768x1024.jpeg\" alt=\"\" class=\"wp-image-754\" srcset=\"https:\/\/managevirtually.sdu.edu.tr\/pl\/wp-content\/uploads\/sites\/6\/2025\/10\/WhatsApp-Image-2025-06-30-at-13.04.12-768x1024.jpeg 768w, https:\/\/managevirtually.sdu.edu.tr\/pl\/wp-content\/uploads\/sites\/6\/2025\/10\/WhatsApp-Image-2025-06-30-at-13.04.12-225x300.jpeg 225w, https:\/\/managevirtually.sdu.edu.tr\/pl\/wp-content\/uploads\/sites\/6\/2025\/10\/WhatsApp-Image-2025-06-30-at-13.04.12-1152x1536.jpeg 1152w, https:\/\/managevirtually.sdu.edu.tr\/pl\/wp-content\/uploads\/sites\/6\/2025\/10\/WhatsApp-Image-2025-06-30-at-13.04.12.jpeg 1536w\" sizes=\"(max-width: 768px) 100vw, 768px\" \/><\/figure>\n\n\n\n<hr class=\"wp-block-separator has-alpha-channel-opacity\"\/>\n\n\n\n<p class=\"has-white-color has-text-color has-background has-link-color has-extra-small-font-size wp-elements-f6ea0fcbdcbac3af1c127ada124eaa4f\" style=\"background-color:#1a3b49\"><a name=\"conf4\">Konferencje-Eveniment 4<\/a><\/p>\n\n\n\n<p>Dyrektor Grupy Rozwoju Biznesu firmy Kanat Boya, Murat Demirhindi, przedstawi\u0142 naszym studentom z klasy symulacyjnej dzia\u0142ania badawczo-rozwojowe, procesy zwi\u0105zane z surowcami oraz etapy wej\u015bcia na rynek.<br><\/p>\n\n\n\n<figure class=\"wp-block-image size-large\"><img loading=\"lazy\" decoding=\"async\" width=\"1024\" height=\"768\" src=\"https:\/\/managevirtually.sdu.edu.tr\/pl\/wp-content\/uploads\/sites\/6\/2025\/12\/WhatsApp-Image-2025-12-04-at-14.23.44-1024x768.jpeg\" alt=\"\" class=\"wp-image-828\" srcset=\"https:\/\/managevirtually.sdu.edu.tr\/pl\/wp-content\/uploads\/sites\/6\/2025\/12\/WhatsApp-Image-2025-12-04-at-14.23.44-1024x768.jpeg 1024w, https:\/\/managevirtually.sdu.edu.tr\/pl\/wp-content\/uploads\/sites\/6\/2025\/12\/WhatsApp-Image-2025-12-04-at-14.23.44-300x225.jpeg 300w, https:\/\/managevirtually.sdu.edu.tr\/pl\/wp-content\/uploads\/sites\/6\/2025\/12\/WhatsApp-Image-2025-12-04-at-14.23.44-768x576.jpeg 768w, https:\/\/managevirtually.sdu.edu.tr\/pl\/wp-content\/uploads\/sites\/6\/2025\/12\/WhatsApp-Image-2025-12-04-at-14.23.44-1536x1152.jpeg 1536w, https:\/\/managevirtually.sdu.edu.tr\/pl\/wp-content\/uploads\/sites\/6\/2025\/12\/WhatsApp-Image-2025-12-04-at-14.23.44.jpeg 1600w\" sizes=\"(max-width: 1024px) 100vw, 1024px\" \/><\/figure>\n\n\n\n<figure class=\"wp-block-image aligncenter size-large\"><img loading=\"lazy\" decoding=\"async\" width=\"768\" height=\"1024\" src=\"https:\/\/managevirtually.sdu.edu.tr\/pl\/wp-content\/uploads\/sites\/6\/2025\/12\/WhatsApp-Image-2025-12-04-at-14.23.27-768x1024.jpeg\" alt=\"\" class=\"wp-image-829\" srcset=\"https:\/\/managevirtually.sdu.edu.tr\/pl\/wp-content\/uploads\/sites\/6\/2025\/12\/WhatsApp-Image-2025-12-04-at-14.23.27-768x1024.jpeg 768w, https:\/\/managevirtually.sdu.edu.tr\/pl\/wp-content\/uploads\/sites\/6\/2025\/12\/WhatsApp-Image-2025-12-04-at-14.23.27-225x300.jpeg 225w, https:\/\/managevirtually.sdu.edu.tr\/pl\/wp-content\/uploads\/sites\/6\/2025\/12\/WhatsApp-Image-2025-12-04-at-14.23.27-1152x1536.jpeg 1152w, https:\/\/managevirtually.sdu.edu.tr\/pl\/wp-content\/uploads\/sites\/6\/2025\/12\/WhatsApp-Image-2025-12-04-at-14.23.27.jpeg 1536w\" sizes=\"(max-width: 768px) 100vw, 768px\" \/><\/figure>\n\n\n\n<figure class=\"wp-block-image aligncenter size-large\"><img loading=\"lazy\" decoding=\"async\" width=\"768\" height=\"1024\" src=\"https:\/\/managevirtually.sdu.edu.tr\/pl\/wp-content\/uploads\/sites\/6\/2025\/12\/WhatsApp-Image-2025-12-04-at-14.23.17-768x1024.jpeg\" alt=\"\" class=\"wp-image-830\" srcset=\"https:\/\/managevirtually.sdu.edu.tr\/pl\/wp-content\/uploads\/sites\/6\/2025\/12\/WhatsApp-Image-2025-12-04-at-14.23.17-768x1024.jpeg 768w, https:\/\/managevirtually.sdu.edu.tr\/pl\/wp-content\/uploads\/sites\/6\/2025\/12\/WhatsApp-Image-2025-12-04-at-14.23.17-225x300.jpeg 225w, https:\/\/managevirtually.sdu.edu.tr\/pl\/wp-content\/uploads\/sites\/6\/2025\/12\/WhatsApp-Image-2025-12-04-at-14.23.17-1152x1536.jpeg 1152w, https:\/\/managevirtually.sdu.edu.tr\/pl\/wp-content\/uploads\/sites\/6\/2025\/12\/WhatsApp-Image-2025-12-04-at-14.23.17.jpeg 1200w\" sizes=\"(max-width: 768px) 100vw, 768px\" \/><\/figure>\n\n\n\n<hr class=\"wp-block-separator has-alpha-channel-opacity\"\/>\n\n\n\n<p><\/p>\n\n\n\n<p><\/p>\n","protected":false},"excerpt":{"rendered":"<p>Konferencje-Eveniment 1 W ramach naszego projektu Unii Europejskiej, w poniedzia\u0142ek, 26 maja 2025 r., zorganizowali\u015bmy owocn\u0105 konferencj\u0119 z nasz\u0105 klas\u0105 symulacyjn\u0105. Nazar Tekstil, mened\u017cer ds. operacji handlu zagranicznego, Sinem G\u00fcm\u00fc\u015f, przedstawi\u0142a studentom sektor tekstylny i pozycj\u0119 naszego kraju w tym sektorze, a tak\u017ce jego zalety i wady. W dalszej cz\u0119\u015bci konferencji, Sinem G\u00fcm\u00fc\u015f om\u00f3wi\u0142a scenariusze, [&hellip;]<\/p>\n","protected":false},"author":1,"featured_media":0,"parent":0,"menu_order":0,"comment_status":"closed","ping_status":"closed","template":"","meta":{"footnotes":""},"class_list":["post-701","page","type-page","status-publish","hentry"],"_links":{"self":[{"href":"https:\/\/managevirtually.sdu.edu.tr\/pl\/wp-json\/wp\/v2\/pages\/701"}],"collection":[{"href":"https:\/\/managevirtually.sdu.edu.tr\/pl\/wp-json\/wp\/v2\/pages"}],"about":[{"href":"https:\/\/managevirtually.sdu.edu.tr\/pl\/wp-json\/wp\/v2\/types\/page"}],"author":[{"embeddable":true,"href":"https:\/\/managevirtually.sdu.edu.tr\/pl\/wp-json\/wp\/v2\/users\/1"}],"replies":[{"embeddable":true,"href":"https:\/\/managevirtually.sdu.edu.tr\/pl\/wp-json\/wp\/v2\/comments?post=701"}],"version-history":[{"count":5,"href":"https:\/\/managevirtually.sdu.edu.tr\/pl\/wp-json\/wp\/v2\/pages\/701\/revisions"}],"predecessor-version":[{"id":831,"href":"https:\/\/managevirtually.sdu.edu.tr\/pl\/wp-json\/wp\/v2\/pages\/701\/revisions\/831"}],"wp:attachment":[{"href":"https:\/\/managevirtually.sdu.edu.tr\/pl\/wp-json\/wp\/v2\/media?parent=701"}],"curies":[{"name":"wp","href":"https:\/\/api.w.org\/{rel}","templated":true}]}}