{"id":572,"date":"2025-05-22T10:15:30","date_gmt":"2025-05-22T07:15:30","guid":{"rendered":"https:\/\/managevirtually.sdu.edu.tr\/pl\/?page_id=572"},"modified":"2025-05-22T10:15:55","modified_gmt":"2025-05-22T07:15:55","slug":"tpm4","status":"publish","type":"page","link":"https:\/\/managevirtually.sdu.edu.tr\/pl\/tpm4\/","title":{"rendered":"Spotkania projektowe \/ IV Mi\u0119dzynarodowe Spotkanie Projektowe"},"content":{"rendered":"\n<p><\/p>\n\n\n\n<p>Czwarte Mi\u0119dzynarodowe Spotkanie Projektowe odby\u0142o si\u0119 w Porto, a jego gospodarzem by\u0142a Politechnika Porto (ISCAP)w dniach 11-15 maja 2025 r. W spotkaniu uczestniczyli partnerzy z Rumunii, W\u0142och, Turcji i Polski. Na spotkaniu om\u00f3wione zosta\u0142y decyzje podj\u0119te na Trzecim Mi\u0119dzynarodowym Spotkaniu Projektowym, kt\u00f3re odby\u0142o si\u0119 w Gda\u0144sku, w Polsce. Kryteria oceny raportu zosta\u0142y wyja\u015bnione za pomoc\u0105 przyk\u0142adowego raportu. Udzielono odpowiedzi na pytania partner\u00f3w w tym zakresie. Oceny zosta\u0142y przeprowadzone w odniesieniu do kraj\u00f3w na podstawie wynik\u00f3w test\u00f3w osi\u0105gni\u0119\u0107 student\u00f3w. Udost\u0119pniono szczeg\u00f3\u0142owe informacje na temat konferencji, kt\u00f3re ka\u017cdy kraj powinien zorganizowa\u0107 w ramach projektu. Podczas spotkania odby\u0142 si\u0119 tradycyjny recital m\u0119skiej grupy artystycznej Politechniki Porto (ISCAP). W drugiej cz\u0119\u015bci spotkania odby\u0142y si\u0119 spotkania ze studentami z zespo\u0142u projektowego Politechniki Porto (ISCAP). Ka\u017cdy ze student\u00f3w podzieli\u0142 si\u0119 swoimi do\u015bwiadczeniami i sugestiami dotycz\u0105cymi projektu. Drugiego dnia spotkania zorganizowano wycieczk\u0119 po kampusie, aby wzmocni\u0107 komunikacj\u0119 mi\u0119dzy partnerami i pozna\u0107 Politechnik\u0119 Porto (ISCAP). Ponadto oceniono implementacj\u0119 Scenariusza 2 i 3 w symulacji przez wszystkich partner\u00f3w projektu i rozwi\u0105zano pojawiaj\u0105ce si\u0119 problemy. Om\u00f3wiono dat\u0119 spotkania zamykaj\u0105cego projekt, kt\u00f3re odb\u0119dzie si\u0119 w Turcji, a spotkanie zako\u0144czono rozdzieleniem zada\u0144 mi\u0119dzy wszystkich partner\u00f3w.<\/p>\n\n\n\n<p><\/p>\n\n\n\n<figure class=\"wp-block-image size-large\"><img decoding=\"async\" src=\"https:\/\/managevirtually.sdu.edu.tr\/wp-content\/uploads\/2025\/05\/WhatsApp-Image-2025-05-21-at-14.10.30-4-1024x768.jpeg\" alt=\"\" class=\"wp-image-617\"\/><\/figure>\n\n\n\n<figure class=\"wp-block-gallery has-nested-images columns-default is-cropped wp-block-gallery-1 is-layout-flex wp-block-gallery-is-layout-flex\">\n<figure class=\"wp-block-image size-large\"><img decoding=\"async\" data-id=\"618\" src=\"https:\/\/managevirtually.sdu.edu.tr\/wp-content\/uploads\/2025\/05\/WhatsApp-Image-2025-05-21-at-14.10.27-1-768x1024.jpeg\" alt=\"\" class=\"wp-image-618\"\/><\/figure>\n\n\n\n<figure class=\"wp-block-image size-large\"><img decoding=\"async\" data-id=\"621\" src=\"https:\/\/managevirtually.sdu.edu.tr\/wp-content\/uploads\/2025\/05\/WhatsApp-Image-2025-05-21-at-14.10.27-2-768x1024.jpeg\" alt=\"\" class=\"wp-image-621\"\/><\/figure>\n\n\n\n<figure class=\"wp-block-image size-large\"><img decoding=\"async\" data-id=\"619\" src=\"https:\/\/managevirtually.sdu.edu.tr\/wp-content\/uploads\/2025\/05\/WhatsApp-Image-2025-05-21-at-14.10.27-3-768x1024.jpeg\" alt=\"\" class=\"wp-image-619\"\/><\/figure>\n\n\n\n<figure class=\"wp-block-image size-large\"><img decoding=\"async\" data-id=\"623\" src=\"https:\/\/managevirtually.sdu.edu.tr\/wp-content\/uploads\/2025\/05\/WhatsApp-Image-2025-05-21-at-14.10.27-4-768x1024.jpeg\" alt=\"\" class=\"wp-image-623\"\/><\/figure>\n\n\n\n<figure class=\"wp-block-image size-large\"><img decoding=\"async\" data-id=\"622\" src=\"https:\/\/managevirtually.sdu.edu.tr\/wp-content\/uploads\/2025\/05\/WhatsApp-Image-2025-05-21-at-14.10.27-768x1024.jpeg\" alt=\"\" class=\"wp-image-622\"\/><\/figure>\n\n\n\n<figure class=\"wp-block-image size-large\"><img decoding=\"async\" data-id=\"620\" src=\"https:\/\/managevirtually.sdu.edu.tr\/wp-content\/uploads\/2025\/05\/WhatsApp-Image-2025-05-21-at-14.10.28-1-768x1024.jpeg\" alt=\"\" class=\"wp-image-620\"\/><\/figure>\n\n\n\n<figure class=\"wp-block-image size-large\"><img decoding=\"async\" data-id=\"624\" src=\"https:\/\/managevirtually.sdu.edu.tr\/wp-content\/uploads\/2025\/05\/WhatsApp-Image-2025-05-21-at-14.10.28-2-768x1024.jpeg\" alt=\"\" class=\"wp-image-624\"\/><\/figure>\n\n\n\n<figure class=\"wp-block-image size-large\"><img decoding=\"async\" data-id=\"625\" src=\"https:\/\/managevirtually.sdu.edu.tr\/wp-content\/uploads\/2025\/05\/WhatsApp-Image-2025-05-21-at-14.10.28-3-768x1024.jpeg\" alt=\"\" class=\"wp-image-625\"\/><\/figure>\n\n\n\n<figure class=\"wp-block-image size-large\"><img decoding=\"async\" data-id=\"626\" src=\"https:\/\/managevirtually.sdu.edu.tr\/wp-content\/uploads\/2025\/05\/WhatsApp-Image-2025-05-21-at-14.10.28-4-577x1024.jpeg\" alt=\"\" class=\"wp-image-626\"\/><\/figure>\n\n\n\n<figure class=\"wp-block-image size-large\"><img decoding=\"async\" data-id=\"627\" src=\"https:\/\/managevirtually.sdu.edu.tr\/wp-content\/uploads\/2025\/05\/WhatsApp-Image-2025-05-21-at-14.10.28-5-577x1024.jpeg\" alt=\"\" class=\"wp-image-627\"\/><\/figure>\n\n\n\n<figure class=\"wp-block-image size-large\"><img decoding=\"async\" data-id=\"628\" src=\"https:\/\/managevirtually.sdu.edu.tr\/wp-content\/uploads\/2025\/05\/WhatsApp-Image-2025-05-21-at-14.10.28-768x1024.jpeg\" alt=\"\" class=\"wp-image-628\"\/><\/figure>\n\n\n\n<figure class=\"wp-block-image size-large\"><img decoding=\"async\" data-id=\"629\" src=\"https:\/\/managevirtually.sdu.edu.tr\/wp-content\/uploads\/2025\/05\/WhatsApp-Image-2025-05-21-at-14.10.29-1-576x1024.jpeg\" alt=\"\" class=\"wp-image-629\"\/><\/figure>\n\n\n\n<figure class=\"wp-block-image size-large\"><img decoding=\"async\" data-id=\"630\" src=\"https:\/\/managevirtually.sdu.edu.tr\/wp-content\/uploads\/2025\/05\/WhatsApp-Image-2025-05-21-at-14.10.29-2-576x1024.jpeg\" alt=\"\" class=\"wp-image-630\"\/><\/figure>\n\n\n\n<figure class=\"wp-block-image size-large\"><img decoding=\"async\" data-id=\"631\" src=\"https:\/\/managevirtually.sdu.edu.tr\/wp-content\/uploads\/2025\/05\/WhatsApp-Image-2025-05-21-at-14.10.29-3-576x1024.jpeg\" alt=\"\" class=\"wp-image-631\"\/><\/figure>\n\n\n\n<figure class=\"wp-block-image size-large\"><img decoding=\"async\" data-id=\"632\" src=\"https:\/\/managevirtually.sdu.edu.tr\/wp-content\/uploads\/2025\/05\/WhatsApp-Image-2025-05-21-at-14.10.29-4-576x1024.jpeg\" alt=\"\" class=\"wp-image-632\"\/><\/figure>\n\n\n\n<figure class=\"wp-block-image size-large\"><img decoding=\"async\" data-id=\"633\" src=\"https:\/\/managevirtually.sdu.edu.tr\/wp-content\/uploads\/2025\/05\/WhatsApp-Image-2025-05-21-at-14.10.29-5-576x1024.jpeg\" alt=\"\" class=\"wp-image-633\"\/><\/figure>\n\n\n\n<figure class=\"wp-block-image size-large\"><img decoding=\"async\" data-id=\"634\" src=\"https:\/\/managevirtually.sdu.edu.tr\/wp-content\/uploads\/2025\/05\/WhatsApp-Image-2025-05-21-at-14.10.29-577x1024.jpeg\" alt=\"\" class=\"wp-image-634\"\/><\/figure>\n\n\n\n<figure class=\"wp-block-image size-large\"><img decoding=\"async\" data-id=\"638\" src=\"https:\/\/managevirtually.sdu.edu.tr\/wp-content\/uploads\/2025\/05\/WhatsApp-Image-2025-05-21-at-14.10.30-576x1024.jpeg\" alt=\"\" class=\"wp-image-638\"\/><\/figure>\n\n\n\n<figure class=\"wp-block-image size-large\"><img decoding=\"async\" data-id=\"635\" src=\"https:\/\/managevirtually.sdu.edu.tr\/wp-content\/uploads\/2025\/05\/WhatsApp-Image-2025-05-21-at-14.10.30-1-768x1024.jpeg\" alt=\"\" class=\"wp-image-635\"\/><\/figure>\n\n\n\n<figure class=\"wp-block-image size-large\"><img decoding=\"async\" data-id=\"636\" src=\"https:\/\/managevirtually.sdu.edu.tr\/wp-content\/uploads\/2025\/05\/WhatsApp-Image-2025-05-21-at-14.10.30-2-706x1024.jpeg\" alt=\"\" class=\"wp-image-636\"\/><\/figure>\n\n\n\n<figure class=\"wp-block-image size-large\"><img decoding=\"async\" data-id=\"637\" src=\"https:\/\/managevirtually.sdu.edu.tr\/wp-content\/uploads\/2025\/05\/WhatsApp-Image-2025-05-21-at-14.10.30-3-768x1024.jpeg\" alt=\"\" class=\"wp-image-637\"\/><\/figure>\n<\/figure>\n\n\n\n<p><\/p>\n\n\n\n<p><\/p>\n","protected":false},"excerpt":{"rendered":"<p>Czwarte Mi\u0119dzynarodowe Spotkanie Projektowe odby\u0142o si\u0119 w Porto, a jego gospodarzem by\u0142a Politechnika Porto (ISCAP)w dniach 11-15 maja 2025 r. W spotkaniu uczestniczyli partnerzy z Rumunii, W\u0142och, Turcji i Polski. Na spotkaniu om\u00f3wione zosta\u0142y decyzje podj\u0119te na Trzecim Mi\u0119dzynarodowym Spotkaniu Projektowym, kt\u00f3re odby\u0142o si\u0119 w Gda\u0144sku, w Polsce. Kryteria oceny raportu zosta\u0142y wyja\u015bnione za pomoc\u0105 [&hellip;]<\/p>\n","protected":false},"author":1,"featured_media":0,"parent":0,"menu_order":0,"comment_status":"closed","ping_status":"closed","template":"","meta":{"footnotes":""},"class_list":["post-572","page","type-page","status-publish","hentry"],"_links":{"self":[{"href":"https:\/\/managevirtually.sdu.edu.tr\/pl\/wp-json\/wp\/v2\/pages\/572"}],"collection":[{"href":"https:\/\/managevirtually.sdu.edu.tr\/pl\/wp-json\/wp\/v2\/pages"}],"about":[{"href":"https:\/\/managevirtually.sdu.edu.tr\/pl\/wp-json\/wp\/v2\/types\/page"}],"author":[{"embeddable":true,"href":"https:\/\/managevirtually.sdu.edu.tr\/pl\/wp-json\/wp\/v2\/users\/1"}],"replies":[{"embeddable":true,"href":"https:\/\/managevirtually.sdu.edu.tr\/pl\/wp-json\/wp\/v2\/comments?post=572"}],"version-history":[{"count":2,"href":"https:\/\/managevirtually.sdu.edu.tr\/pl\/wp-json\/wp\/v2\/pages\/572\/revisions"}],"predecessor-version":[{"id":574,"href":"https:\/\/managevirtually.sdu.edu.tr\/pl\/wp-json\/wp\/v2\/pages\/572\/revisions\/574"}],"wp:attachment":[{"href":"https:\/\/managevirtually.sdu.edu.tr\/pl\/wp-json\/wp\/v2\/media?parent=572"}],"curies":[{"name":"wp","href":"https:\/\/api.w.org\/{rel}","templated":true}]}}