{"id":561,"date":"2025-04-13T14:40:10","date_gmt":"2025-04-13T11:40:10","guid":{"rendered":"https:\/\/managevirtually.sdu.edu.tr\/pl\/?page_id=561"},"modified":"2025-04-13T14:40:27","modified_gmt":"2025-04-13T11:40:27","slug":"tpm3","status":"publish","type":"page","link":"https:\/\/managevirtually.sdu.edu.tr\/pl\/tpm3\/","title":{"rendered":"Spotkania projektowe \/ III Mi\u0119dzynarodowe Spotkanie Projektowe"},"content":{"rendered":"\n<p>Trzecie Spotkanie Mi\u0119dzynarodowe naszego projektu odby\u0142o si\u0119 w dniach 1\u20132 kwietnia 2025 roku z udzia\u0142em wszystkich partner\u00f3w i zosta\u0142o zorganizowane przez Politechnik\u0119 Gda\u0144sk\u0105 (Gda\u0144sk Tech).<br>W spotkaniu wzi\u0119li udzia\u0142 partnerzy z Rumunii, W\u0142och, Turcji, Portugalii i Polski. Przejrzano decyzje podj\u0119te podczas drugiego Mi\u0119dzynarodowego Spotkania Projektowego, kt\u00f3re mia\u0142o miejsce w Bukareszcie. Om\u00f3wiono wyniki przeprowadzonych Test\u00f3w Osi\u0105gni\u0119\u0107, przedstawiaj\u0105c je wed\u0142ug kraj\u00f3w. Ponadto koordynowano i nadzorowano prace grup studenckich.<\/p>\n\n\n\n<p>Drugiego dnia spotkania zorganizowano zwiedzanie kampusu, maj\u0105ce na celu wzmocnienie komunikacji mi\u0119dzy partnerami oraz poznanie Politechniki Gda\u0144skiej (Gda\u0144sk Tech). Dodatkowo oceniono realizacj\u0119 Scenariusza 1 przeprowadzonego na symulacji przez wszystkich partner\u00f3w projektu i rozwi\u0105zano pojawiaj\u0105ce si\u0119 problemy.<br>Om\u00f3wiono r\u00f3wnie\u017c termin czwartego Mi\u0119dzynarodowego Spotkania Projektowego, kt\u00f3re ma si\u0119 odby\u0107 w Portugalii, a spotkanie zako\u0144czono rozdzieleniem zada\u0144 pomi\u0119dzy partner\u00f3w.<\/p>\n\n\n\n<figure class=\"wp-block-gallery has-nested-images columns-default is-cropped wp-block-gallery-1 is-layout-flex wp-block-gallery-is-layout-flex\">\n<figure class=\"wp-block-image size-large\"><img decoding=\"async\" data-id=\"584\" src=\"https:\/\/managevirtually.sdu.edu.tr\/wp-content\/uploads\/2025\/04\/WhatsApp-Image-2025-04-08-at-13.19.35-1-1-1024x768.jpeg\" alt=\"\" class=\"wp-image-584\"\/><\/figure>\n\n\n\n<figure class=\"wp-block-image size-large\"><img decoding=\"async\" data-id=\"583\" src=\"https:\/\/managevirtually.sdu.edu.tr\/wp-content\/uploads\/2025\/04\/WhatsApp-Image-2025-04-08-at-13.19.35-5-1024x768.jpeg\" alt=\"\" class=\"wp-image-583\"\/><\/figure>\n<\/figure>\n\n\n\n<figure class=\"wp-block-gallery has-nested-images columns-default is-cropped wp-block-gallery-2 is-layout-flex wp-block-gallery-is-layout-flex\">\n<figure class=\"wp-block-image size-large\"><img decoding=\"async\" data-id=\"570\" src=\"https:\/\/managevirtually.sdu.edu.tr\/wp-content\/uploads\/2025\/04\/WhatsApp-Image-2025-04-08-at-13.19.35-2-768x1024.jpeg\" alt=\"\" class=\"wp-image-570\"\/><\/figure>\n\n\n\n<figure class=\"wp-block-image size-large\"><img decoding=\"async\" data-id=\"571\" src=\"https:\/\/managevirtually.sdu.edu.tr\/wp-content\/uploads\/2025\/04\/WhatsApp-Image-2025-04-08-at-13.19.35-3-768x1024.jpeg\" alt=\"\" class=\"wp-image-571\"\/><\/figure>\n\n\n\n<figure class=\"wp-block-image size-large\"><img decoding=\"async\" data-id=\"567\" src=\"https:\/\/managevirtually.sdu.edu.tr\/wp-content\/uploads\/2025\/04\/WhatsApp-Image-2025-04-08-at-13.19.35-4-768x1024.jpeg\" alt=\"\" class=\"wp-image-567\"\/><\/figure>\n\n\n\n<figure class=\"wp-block-image size-large\"><img decoding=\"async\" data-id=\"566\" src=\"https:\/\/managevirtually.sdu.edu.tr\/wp-content\/uploads\/2025\/04\/WhatsApp-Image-2025-04-08-at-13.19.36-1-768x1024.jpeg\" alt=\"\" class=\"wp-image-566\"\/><\/figure>\n\n\n\n<figure class=\"wp-block-image size-large\"><img decoding=\"async\" data-id=\"572\" src=\"https:\/\/managevirtually.sdu.edu.tr\/wp-content\/uploads\/2025\/04\/WhatsApp-Image-2025-04-08-at-13.19.36-2-768x1024.jpeg\" alt=\"\" class=\"wp-image-572\"\/><\/figure>\n\n\n\n<figure class=\"wp-block-image size-large\"><img decoding=\"async\" data-id=\"574\" src=\"https:\/\/managevirtually.sdu.edu.tr\/wp-content\/uploads\/2025\/04\/WhatsApp-Image-2025-04-08-at-13.19.36-3-768x1024.jpeg\" alt=\"\" class=\"wp-image-574\"\/><\/figure>\n\n\n\n<figure class=\"wp-block-image size-large\"><img decoding=\"async\" data-id=\"573\" src=\"https:\/\/managevirtually.sdu.edu.tr\/wp-content\/uploads\/2025\/04\/WhatsApp-Image-2025-04-08-at-13.19.36-4-768x1024.jpeg\" alt=\"\" class=\"wp-image-573\"\/><\/figure>\n\n\n\n<figure class=\"wp-block-image size-large\"><img decoding=\"async\" data-id=\"575\" src=\"https:\/\/managevirtually.sdu.edu.tr\/wp-content\/uploads\/2025\/04\/WhatsApp-Image-2025-04-08-at-13.19.36-768x1024.jpeg\" alt=\"\" class=\"wp-image-575\"\/><\/figure>\n\n\n\n<figure class=\"wp-block-image size-large\"><img decoding=\"async\" data-id=\"576\" src=\"https:\/\/managevirtually.sdu.edu.tr\/wp-content\/uploads\/2025\/04\/WhatsApp-Image-2025-04-08-at-13.20.02-768x1024.jpeg\" alt=\"\" class=\"wp-image-576\"\/><\/figure>\n\n\n\n<figure class=\"wp-block-image size-large\"><img decoding=\"async\" data-id=\"577\" src=\"https:\/\/managevirtually.sdu.edu.tr\/wp-content\/uploads\/2025\/04\/WhatsApp-Image-2025-04-08-at-13.20.33-1-768x1024.jpeg\" alt=\"\" class=\"wp-image-577\"\/><\/figure>\n\n\n\n<figure class=\"wp-block-image size-large\"><img decoding=\"async\" data-id=\"578\" src=\"https:\/\/managevirtually.sdu.edu.tr\/wp-content\/uploads\/2025\/04\/WhatsApp-Image-2025-04-08-at-13.20.33-2-768x1024.jpeg\" alt=\"\" class=\"wp-image-578\"\/><\/figure>\n\n\n\n<figure class=\"wp-block-image size-large\"><img decoding=\"async\" data-id=\"580\" src=\"https:\/\/managevirtually.sdu.edu.tr\/wp-content\/uploads\/2025\/04\/WhatsApp-Image-2025-04-08-at-13.20.33-768x1024.jpeg\" alt=\"\" class=\"wp-image-580\"\/><\/figure>\n\n\n\n<figure class=\"wp-block-image size-large\"><img decoding=\"async\" data-id=\"579\" src=\"https:\/\/managevirtually.sdu.edu.tr\/wp-content\/uploads\/2025\/04\/WhatsApp-Image-2025-04-08-at-13.20.33-3-768x1024.jpeg\" alt=\"\" class=\"wp-image-579\"\/><\/figure>\n\n\n\n<figure class=\"wp-block-image size-large\"><img decoding=\"async\" data-id=\"581\" src=\"https:\/\/managevirtually.sdu.edu.tr\/wp-content\/uploads\/2025\/04\/WhatsApp-Image-2025-04-08-at-13.20.34-1-768x1024.jpeg\" alt=\"\" class=\"wp-image-581\"\/><\/figure>\n\n\n\n<figure class=\"wp-block-image size-large\"><img decoding=\"async\" data-id=\"582\" src=\"https:\/\/managevirtually.sdu.edu.tr\/wp-content\/uploads\/2025\/04\/WhatsApp-Image-2025-04-08-at-13.20.34-768x1024.jpeg\" alt=\"\" class=\"wp-image-582\"\/><\/figure>\n<\/figure>\n\n\n\n<p><\/p>\n","protected":false},"excerpt":{"rendered":"<p>Trzecie Spotkanie Mi\u0119dzynarodowe naszego projektu odby\u0142o si\u0119 w dniach 1\u20132 kwietnia 2025 roku z udzia\u0142em wszystkich partner\u00f3w i zosta\u0142o zorganizowane przez Politechnik\u0119 Gda\u0144sk\u0105 (Gda\u0144sk Tech).W spotkaniu wzi\u0119li udzia\u0142 partnerzy z Rumunii, W\u0142och, Turcji, Portugalii i Polski. Przejrzano decyzje podj\u0119te podczas drugiego Mi\u0119dzynarodowego Spotkania Projektowego, kt\u00f3re mia\u0142o miejsce w Bukareszcie. Om\u00f3wiono wyniki przeprowadzonych Test\u00f3w Osi\u0105gni\u0119\u0107, przedstawiaj\u0105c [&hellip;]<\/p>\n","protected":false},"author":1,"featured_media":0,"parent":0,"menu_order":0,"comment_status":"closed","ping_status":"closed","template":"","meta":{"footnotes":""},"class_list":["post-561","page","type-page","status-publish","hentry"],"_links":{"self":[{"href":"https:\/\/managevirtually.sdu.edu.tr\/pl\/wp-json\/wp\/v2\/pages\/561"}],"collection":[{"href":"https:\/\/managevirtually.sdu.edu.tr\/pl\/wp-json\/wp\/v2\/pages"}],"about":[{"href":"https:\/\/managevirtually.sdu.edu.tr\/pl\/wp-json\/wp\/v2\/types\/page"}],"author":[{"embeddable":true,"href":"https:\/\/managevirtually.sdu.edu.tr\/pl\/wp-json\/wp\/v2\/users\/1"}],"replies":[{"embeddable":true,"href":"https:\/\/managevirtually.sdu.edu.tr\/pl\/wp-json\/wp\/v2\/comments?post=561"}],"version-history":[{"count":2,"href":"https:\/\/managevirtually.sdu.edu.tr\/pl\/wp-json\/wp\/v2\/pages\/561\/revisions"}],"predecessor-version":[{"id":563,"href":"https:\/\/managevirtually.sdu.edu.tr\/pl\/wp-json\/wp\/v2\/pages\/561\/revisions\/563"}],"wp:attachment":[{"href":"https:\/\/managevirtually.sdu.edu.tr\/pl\/wp-json\/wp\/v2\/media?parent=561"}],"curies":[{"name":"wp","href":"https:\/\/api.w.org\/{rel}","templated":true}]}}