{"id":556,"date":"2025-03-28T21:21:45","date_gmt":"2025-03-28T18:21:45","guid":{"rendered":"https:\/\/managevirtually.sdu.edu.tr\/pl\/?page_id=556"},"modified":"2025-03-28T21:21:57","modified_gmt":"2025-03-28T18:21:57","slug":"pt-person6","status":"publish","type":"page","link":"https:\/\/managevirtually.sdu.edu.tr\/pl\/pt-person6\/","title":{"rendered":"Senior Lecturer M\u00e1rio Joel Queir\u00f3s"},"content":{"rendered":"\n<figure class=\"wp-block-image aligncenter size-full\"><img loading=\"lazy\" decoding=\"async\" width=\"295\" height=\"295\" src=\"https:\/\/managevirtually.sdu.edu.tr\/pl\/wp-content\/uploads\/sites\/6\/2025\/03\/image.png\" alt=\"\" class=\"wp-image-557\" srcset=\"https:\/\/managevirtually.sdu.edu.tr\/pl\/wp-content\/uploads\/sites\/6\/2025\/03\/image.png 295w, https:\/\/managevirtually.sdu.edu.tr\/pl\/wp-content\/uploads\/sites\/6\/2025\/03\/image-150x150.png 150w\" sizes=\"(max-width: 295px) 100vw, 295px\" \/><\/figure>\n\n\n\n<p>M\u00e1rio Joel Queir\u00f3s is a Senior Lecturer at ISCAP since 1999, in the areas of Finance, Management and Economics, where he is the Supervisor of many dissertations and research projects. He is deeply involved in the development of curricula, and a frequent speaker at events and workshops.<\/p>\n\n\n\n<p>He is the Director and a member of the Scientific Committee of the Master\u2019s in Organizations Management (Business Management) at ISCAP.<\/p>\n\n\n\n<p>M\u00e1rio Joel Queir\u00f3s holds a Ph.D. in Economics from Universidade Lus\u00edada Norte, two Post-Graduate Courses \u2013 one in Economics Teaching from Universidade do Porto and the other in European Studies from Universidade de Coimbra, and he has a Degree in Economics.<\/p>\n\n\n\n<p>He is the co-author of 18 academic books on Finance and Management.<\/p>\n","protected":false},"excerpt":{"rendered":"<p>M\u00e1rio Joel Queir\u00f3s is a Senior Lecturer at ISCAP since 1999, in the areas of Finance, Management and Economics, where he is the Supervisor of many dissertations and research projects. He is deeply involved in the development of curricula, and a frequent speaker at events and workshops. He is the Director and a member of [&hellip;]<\/p>\n","protected":false},"author":1,"featured_media":0,"parent":0,"menu_order":0,"comment_status":"closed","ping_status":"closed","template":"","meta":{"footnotes":""},"class_list":["post-556","page","type-page","status-publish","hentry"],"_links":{"self":[{"href":"https:\/\/managevirtually.sdu.edu.tr\/pl\/wp-json\/wp\/v2\/pages\/556"}],"collection":[{"href":"https:\/\/managevirtually.sdu.edu.tr\/pl\/wp-json\/wp\/v2\/pages"}],"about":[{"href":"https:\/\/managevirtually.sdu.edu.tr\/pl\/wp-json\/wp\/v2\/types\/page"}],"author":[{"embeddable":true,"href":"https:\/\/managevirtually.sdu.edu.tr\/pl\/wp-json\/wp\/v2\/users\/1"}],"replies":[{"embeddable":true,"href":"https:\/\/managevirtually.sdu.edu.tr\/pl\/wp-json\/wp\/v2\/comments?post=556"}],"version-history":[{"count":2,"href":"https:\/\/managevirtually.sdu.edu.tr\/pl\/wp-json\/wp\/v2\/pages\/556\/revisions"}],"predecessor-version":[{"id":559,"href":"https:\/\/managevirtually.sdu.edu.tr\/pl\/wp-json\/wp\/v2\/pages\/556\/revisions\/559"}],"wp:attachment":[{"href":"https:\/\/managevirtually.sdu.edu.tr\/pl\/wp-json\/wp\/v2\/media?parent=556"}],"curies":[{"name":"wp","href":"https:\/\/api.w.org\/{rel}","templated":true}]}}