{"id":541,"date":"2025-03-20T08:16:00","date_gmt":"2025-03-20T08:16:00","guid":{"rendered":"https:\/\/managevirtually.sdu.edu.tr\/?page_id=540"},"modified":"2025-03-20T11:31:50","modified_gmt":"2025-03-20T08:31:50","slug":"meeting1","status":"publish","type":"page","link":"https:\/\/managevirtually.sdu.edu.tr\/pl\/meeting1\/","title":{"rendered":"Spotkanie tymczasowe 1"},"content":{"rendered":"\n<p>W dniu 14.03.2025 r. odby\u0142o si\u0119 spotkanie on-line z udzia\u0142em wszystkich partner\u00f3w projektu pod przewodnictwem kraju koordynatora. Na spotkaniu om\u00f3wiono zagadnienia teoretyczne. Przedstawiono informacje o zaj\u0119ciach, om\u00f3wiono szkolenia TPM, kt\u00f3re odb\u0119d\u0105 si\u0119 w Gda\u0144sku i Porto.<\/p>\n\n\n\n<figure class=\"wp-block-image aligncenter size-large\"><img loading=\"lazy\" decoding=\"async\" width=\"1024\" height=\"453\" src=\"https:\/\/managevirtually.sdu.edu.tr\/pl\/wp-content\/uploads\/sites\/6\/2025\/03\/WhatsApp-Image-2025-03-14-at-16.57.01-1024x453.jpeg\" alt=\"\" class=\"wp-image-542\" srcset=\"https:\/\/managevirtually.sdu.edu.tr\/pl\/wp-content\/uploads\/sites\/6\/2025\/03\/WhatsApp-Image-2025-03-14-at-16.57.01-1024x453.jpeg 1024w, https:\/\/managevirtually.sdu.edu.tr\/pl\/wp-content\/uploads\/sites\/6\/2025\/03\/WhatsApp-Image-2025-03-14-at-16.57.01-300x133.jpeg 300w, https:\/\/managevirtually.sdu.edu.tr\/pl\/wp-content\/uploads\/sites\/6\/2025\/03\/WhatsApp-Image-2025-03-14-at-16.57.01-768x340.jpeg 768w, https:\/\/managevirtually.sdu.edu.tr\/pl\/wp-content\/uploads\/sites\/6\/2025\/03\/WhatsApp-Image-2025-03-14-at-16.57.01-1536x680.jpeg 1536w, https:\/\/managevirtually.sdu.edu.tr\/pl\/wp-content\/uploads\/sites\/6\/2025\/03\/WhatsApp-Image-2025-03-14-at-16.57.01.jpeg 1600w\" sizes=\"(max-width: 1024px) 100vw, 1024px\" \/><\/figure>\n","protected":false},"excerpt":{"rendered":"<p>W dniu 14.03.2025 r. odby\u0142o si\u0119 spotkanie on-line z udzia\u0142em wszystkich partner\u00f3w projektu pod przewodnictwem kraju koordynatora. Na spotkaniu om\u00f3wiono zagadnienia teoretyczne. Przedstawiono informacje o zaj\u0119ciach, om\u00f3wiono szkolenia TPM, kt\u00f3re odb\u0119d\u0105 si\u0119 w Gda\u0144sku i Porto.<\/p>\n","protected":false},"author":1,"featured_media":0,"parent":0,"menu_order":0,"comment_status":"closed","ping_status":"closed","template":"","meta":{"footnotes":""},"class_list":["post-541","page","type-page","status-publish","hentry"],"_links":{"self":[{"href":"https:\/\/managevirtually.sdu.edu.tr\/pl\/wp-json\/wp\/v2\/pages\/541"}],"collection":[{"href":"https:\/\/managevirtually.sdu.edu.tr\/pl\/wp-json\/wp\/v2\/pages"}],"about":[{"href":"https:\/\/managevirtually.sdu.edu.tr\/pl\/wp-json\/wp\/v2\/types\/page"}],"author":[{"embeddable":true,"href":"https:\/\/managevirtually.sdu.edu.tr\/pl\/wp-json\/wp\/v2\/users\/1"}],"replies":[{"embeddable":true,"href":"https:\/\/managevirtually.sdu.edu.tr\/pl\/wp-json\/wp\/v2\/comments?post=541"}],"version-history":[{"count":1,"href":"https:\/\/managevirtually.sdu.edu.tr\/pl\/wp-json\/wp\/v2\/pages\/541\/revisions"}],"predecessor-version":[{"id":543,"href":"https:\/\/managevirtually.sdu.edu.tr\/pl\/wp-json\/wp\/v2\/pages\/541\/revisions\/543"}],"wp:attachment":[{"href":"https:\/\/managevirtually.sdu.edu.tr\/pl\/wp-json\/wp\/v2\/media?parent=541"}],"curies":[{"name":"wp","href":"https:\/\/api.w.org\/{rel}","templated":true}]}}